{"id":46929,"date":"2016-11-30T00:00:00","date_gmt":"2016-11-30T00:00:00","guid":{"rendered":"https:\/\/wydawnictwo.ug.edu.pl\/ksiegarnia-online\/uncategorized\/dybuk-na-pograniczu-dwoch-swiatow\/"},"modified":"2026-02-11T16:18:23","modified_gmt":"2026-02-11T16:18:23","slug":"dybuk-na-pograniczu-dwoch-swiatow","status":"publish","type":"product","link":"https:\/\/wydawnictwo.ug.edu.pl\/en\/ksiegarnia-online\/literaturoznawstwo\/dybuk-na-pograniczu-dwoch-swiatow\/","title":{"rendered":"Dybuk. Na pograniczu dw\u00f3ch \u015bwiat\u00f3w"},"content":{"rendered":"","protected":false},"excerpt":{"rendered":"<p>Poj\u0119cie dybuka, wywodz\u0105ce si\u0119 z mistyki \u017cydowskiej, z wiary w w\u0119dr\u00f3wk\u0119 dusz, sta\u0142o si\u0119 niezwykle wa\u017cnym elementem \u017cydowskiej tradycji ludowej, kultury popularnej g\u0142\u00f3wnie w\u015br\u00f3d \u017byd\u00f3w wschodnioeuropejskich. Religijne aspekty \u017cydowskiej wiary w gilgul, metempsychoz\u0119, s\u0105 g\u0142\u00f3wnym tematem referatu rabina Szaloma Ber Stamblera z polskiego centrum chasydzkiego ruchu Chabad Lubawicz. Za spraw\u0105 pierwszych dziewi\u0119tnastowiecznych etnograf\u00f3w i etnolog\u00f3w (m.in. Henryka \u00a0Lewa, kt\u00f3rego artyku\u0142 opublikowany w 1896 roku w warszawskim tygodniku \u201eIzraelita\u201d przedrukowujemy w niniejszym tomie) motyw grzesznej duszy nawiedzaj\u0105cej \u017cywego cz\u0142owieka sta\u0142 si\u0119 toposem kulturowym obecnym nie tylko w kulturze i sztuce \u017cydowskiej, ale te\u017c chrze\u015bcija\u0144skiej i \u2013 w pewnym stopniu \u2013 laickiej. Dzi\u0119ki \u201elegendzie dramatycznej\u201d \u00a0An-skiego (w\u0142a\u015bc. Szlojme Zajnwel Rapoport) temat dybuka zago\u015bci\u0142 na sta\u0142e w szeroko rozumianej europejskiej literaturze i sztuce.<\/p>\n","protected":false},"featured_media":16029,"template":"","meta":{"_acf_changed":false},"journal":[],"rodzaj":[2602],"seria":[],"product_brand":[],"product_cat":[6925],"product_tag":[546,289],"class_list":{"0":"post-46929","1":"product","2":"type-product","3":"status-publish","4":"has-post-thumbnail","6":"rodzaj-ksiazki","7":"product_cat-literaturoznawstwo","8":"product_tag-katarzyna-kreglewska","9":"product_tag-mieczyslaw-abramowicz","10":"pa_rok-wydania-880","12":"first","13":"outofstock","14":"taxable","15":"shipping-taxable","16":"purchasable","17":"product-type-simple"},"acf":[],"_links":{"self":[{"href":"https:\/\/wydawnictwo.ug.edu.pl\/en\/wp-json\/wp\/v2\/product\/46929","targetHints":{"allow":["GET"]}}],"collection":[{"href":"https:\/\/wydawnictwo.ug.edu.pl\/en\/wp-json\/wp\/v2\/product"}],"about":[{"href":"https:\/\/wydawnictwo.ug.edu.pl\/en\/wp-json\/wp\/v2\/types\/product"}],"wp:featuredmedia":[{"embeddable":true,"href":"https:\/\/wydawnictwo.ug.edu.pl\/en\/wp-json\/wp\/v2\/media\/16029"}],"wp:attachment":[{"href":"https:\/\/wydawnictwo.ug.edu.pl\/en\/wp-json\/wp\/v2\/media?parent=46929"}],"wp:term":[{"taxonomy":"journal","embeddable":true,"href":"https:\/\/wydawnictwo.ug.edu.pl\/en\/wp-json\/wp\/v2\/journal?post=46929"},{"taxonomy":"rodzaj","embeddable":true,"href":"https:\/\/wydawnictwo.ug.edu.pl\/en\/wp-json\/wp\/v2\/rodzaj?post=46929"},{"taxonomy":"seria","embeddable":true,"href":"https:\/\/wydawnictwo.ug.edu.pl\/en\/wp-json\/wp\/v2\/seria?post=46929"},{"taxonomy":"product_brand","embeddable":true,"href":"https:\/\/wydawnictwo.ug.edu.pl\/en\/wp-json\/wp\/v2\/product_brand?post=46929"},{"taxonomy":"product_cat","embeddable":true,"href":"https:\/\/wydawnictwo.ug.edu.pl\/en\/wp-json\/wp\/v2\/product_cat?post=46929"},{"taxonomy":"product_tag","embeddable":true,"href":"https:\/\/wydawnictwo.ug.edu.pl\/en\/wp-json\/wp\/v2\/product_tag?post=46929"}],"curies":[{"name":"wp","href":"https:\/\/api.w.org\/{rel}","templated":true}]}}