{"id":46926,"date":"2016-11-30T00:01:00","date_gmt":"2016-11-30T00:01:00","guid":{"rendered":"https:\/\/wydawnictwo.ug.edu.pl\/?post_type=product&#038;p=46926"},"modified":"2026-02-11T16:14:29","modified_gmt":"2026-02-11T16:14:29","slug":"rzymskie-kameny-nad-baltykiem-o-lacinskiej-poezji-w-gdansku-w-drugiej-polowie-xvi-wieku","status":"publish","type":"product","link":"https:\/\/wydawnictwo.ug.edu.pl\/en\/ksiegarnia-online\/literaturoznawstwo\/rzymskie-kameny-nad-baltykiem-o-lacinskiej-poezji-w-gdansku-w-drugiej-polowie-xvi-wieku\/","title":{"rendered":"Rzymskie Kameny nad Ba\u0142tykiem. O \u0142aci\u0144skiej poezji w Gda\u0144sku w drugiej po\u0142owie XVI wieku"},"content":{"rendered":"","protected":false},"excerpt":{"rendered":"<p>Przedmiotem badawczym ksi\u0105\u017cki jest \u0142aci\u0144ska poezja uprawiana w Gda\u0144sku w drugiej po\u0142owie XVI wieku. Cztery rozdzia\u0142y prezentuj\u0105 r\u00f3\u017cne odmiany genologiczne tej poezji: utwory weselne (epitalamia), funeralne (epicedia, elegie \u017ca\u0142obne, epitafia), polityczne i religijne: tworzone w r\u00f3\u017cnych okoliczno\u015bciach (na Bo\u017ce Narodzenie, Wniebowst\u0105pienie, czy w trudnym dla miasta czasie panuj\u0105cej zarazy). Ksi\u0105\u017cka prezentuje teksty dot\u0105d niewydane, istniej\u0105ce wy\u0142\u0105cznie w formie starych druk\u00f3w i zestawia je z poezj\u0105 tworzon\u0105 na terenie Korony czy \u015al\u0105ska. Wiele z tych gda\u0144skich dzie\u0142 wprawia w zdumienie poziomem artystycznym, erudycj\u0105 autor\u00f3w wykazuj\u0105cych gruntown\u0105 znajomo\u015b\u0107 kluczowych dla epoki tradycji: antyku i Biblii oraz tw\u00f3rcz\u0105 inwencj\u0105 poet\u00f3w, kt\u00f3ra pozwala zaliczy\u0107 ich nie tyle do grona na\u015bladowc\u00f3w antycznych wzor\u00f3w, co raczej do grupy emulator\u00f3w rywalizuj\u0105cych z dorobkiem literackim staro\u017cytnych.<\/p>\n","protected":false},"featured_media":14747,"template":"","meta":{"_acf_changed":false},"journal":[],"rodzaj":[7074],"seria":[],"product_brand":[],"product_cat":[6925],"product_tag":[],"class_list":{"0":"post-46926","1":"product","2":"type-product","3":"status-publish","4":"has-post-thumbnail","6":"rodzaj-ksiazki","7":"product_cat-literaturoznawstwo","9":"first","10":"outofstock","11":"taxable","12":"shipping-taxable","13":"product-type-simple"},"acf":[],"_links":{"self":[{"href":"https:\/\/wydawnictwo.ug.edu.pl\/en\/wp-json\/wp\/v2\/product\/46926","targetHints":{"allow":["GET"]}}],"collection":[{"href":"https:\/\/wydawnictwo.ug.edu.pl\/en\/wp-json\/wp\/v2\/product"}],"about":[{"href":"https:\/\/wydawnictwo.ug.edu.pl\/en\/wp-json\/wp\/v2\/types\/product"}],"wp:featuredmedia":[{"embeddable":true,"href":"https:\/\/wydawnictwo.ug.edu.pl\/en\/wp-json\/wp\/v2\/media\/14747"}],"wp:attachment":[{"href":"https:\/\/wydawnictwo.ug.edu.pl\/en\/wp-json\/wp\/v2\/media?parent=46926"}],"wp:term":[{"taxonomy":"journal","embeddable":true,"href":"https:\/\/wydawnictwo.ug.edu.pl\/en\/wp-json\/wp\/v2\/journal?post=46926"},{"taxonomy":"rodzaj","embeddable":true,"href":"https:\/\/wydawnictwo.ug.edu.pl\/en\/wp-json\/wp\/v2\/rodzaj?post=46926"},{"taxonomy":"seria","embeddable":true,"href":"https:\/\/wydawnictwo.ug.edu.pl\/en\/wp-json\/wp\/v2\/seria?post=46926"},{"taxonomy":"product_brand","embeddable":true,"href":"https:\/\/wydawnictwo.ug.edu.pl\/en\/wp-json\/wp\/v2\/product_brand?post=46926"},{"taxonomy":"product_cat","embeddable":true,"href":"https:\/\/wydawnictwo.ug.edu.pl\/en\/wp-json\/wp\/v2\/product_cat?post=46926"},{"taxonomy":"product_tag","embeddable":true,"href":"https:\/\/wydawnictwo.ug.edu.pl\/en\/wp-json\/wp\/v2\/product_tag?post=46926"}],"curies":[{"name":"wp","href":"https:\/\/api.w.org\/{rel}","templated":true}]}}