{"id":46922,"date":"2016-12-01T00:00:00","date_gmt":"2016-12-01T00:00:00","guid":{"rendered":"https:\/\/wydawnictwo.ug.edu.pl\/ksiegarnia-online\/uncategorized\/cialo-i-ponowoczesnosc-historia-i-spoleczenstwo\/"},"modified":"2026-02-11T16:02:39","modified_gmt":"2026-02-11T16:02:39","slug":"cialo-i-ponowoczesnosc-historia-i-spoleczenstwo","status":"publish","type":"product","link":"https:\/\/wydawnictwo.ug.edu.pl\/en\/ksiegarnia-online\/literaturoznawstwo\/cialo-i-ponowoczesnosc-historia-i-spoleczenstwo\/","title":{"rendered":"Cia\u0142o i ponowoczesno\u015b\u0107. Historia i spo\u0142ecze\u0144stwo"},"content":{"rendered":"","protected":false},"excerpt":{"rendered":"<p>Przemiany, jakie dokona\u0142y si\u0119 w ostatnich dekadach znacz\u0105co zmieni\u0142y postrzeganie cielesno\u015bci. Jego ponowoczesne oblicza s\u0105 \u015bci\u015ble zwi\u0105zane z transformacjami. Zakres rozumienia cielesno\u015bci wci\u0105\u017c ewoluuje, a dawne kulturowe kryteria uleg\u0142y rozmyciu. Czy mo\u017cna odnale\u017a\u0107 odpowiedzi na podstawowe pytania o miejsce cia\u0142a w dzisiejszej cywilizacji i kulturze?<\/p>\n<p>Monografia zawiera analiz\u0119 w\u0105tk\u00f3w zwi\u0105zanych z cielesno\u015bci\u0105 i jej postmodernistycznymi odczytaniami i \u201ezastosowaniami\u201d zar\u00f3wno pod k\u0105tem czysto badawczym i analitycznym, jak i odnosz\u0105cym si\u0119 bezpo\u015brednio do czas\u00f3w obecnych i nie tak dawnych wydarze\u0144 \u2013 z perspektywy analiz antropologicznych, ale tak\u017ce socjologicznych i czysto historycznych.<\/p>\n","protected":false},"featured_media":14600,"template":"","meta":{"_acf_changed":false},"journal":[],"rodzaj":[2602],"seria":[],"product_brand":[],"product_cat":[6925],"product_tag":[379,380,378],"class_list":{"0":"post-46922","1":"product","2":"type-product","3":"status-publish","4":"has-post-thumbnail","6":"rodzaj-ksiazki","7":"product_cat-literaturoznawstwo","8":"product_tag-mariusz-hybiak","9":"product_tag-mariusz-wirski","10":"product_tag-wanda-dittrich","12":"first","13":"outofstock","14":"taxable","15":"shipping-taxable","16":"purchasable","17":"product-type-simple"},"acf":[],"_links":{"self":[{"href":"https:\/\/wydawnictwo.ug.edu.pl\/en\/wp-json\/wp\/v2\/product\/46922","targetHints":{"allow":["GET"]}}],"collection":[{"href":"https:\/\/wydawnictwo.ug.edu.pl\/en\/wp-json\/wp\/v2\/product"}],"about":[{"href":"https:\/\/wydawnictwo.ug.edu.pl\/en\/wp-json\/wp\/v2\/types\/product"}],"wp:featuredmedia":[{"embeddable":true,"href":"https:\/\/wydawnictwo.ug.edu.pl\/en\/wp-json\/wp\/v2\/media\/14600"}],"wp:attachment":[{"href":"https:\/\/wydawnictwo.ug.edu.pl\/en\/wp-json\/wp\/v2\/media?parent=46922"}],"wp:term":[{"taxonomy":"journal","embeddable":true,"href":"https:\/\/wydawnictwo.ug.edu.pl\/en\/wp-json\/wp\/v2\/journal?post=46922"},{"taxonomy":"rodzaj","embeddable":true,"href":"https:\/\/wydawnictwo.ug.edu.pl\/en\/wp-json\/wp\/v2\/rodzaj?post=46922"},{"taxonomy":"seria","embeddable":true,"href":"https:\/\/wydawnictwo.ug.edu.pl\/en\/wp-json\/wp\/v2\/seria?post=46922"},{"taxonomy":"product_brand","embeddable":true,"href":"https:\/\/wydawnictwo.ug.edu.pl\/en\/wp-json\/wp\/v2\/product_brand?post=46922"},{"taxonomy":"product_cat","embeddable":true,"href":"https:\/\/wydawnictwo.ug.edu.pl\/en\/wp-json\/wp\/v2\/product_cat?post=46922"},{"taxonomy":"product_tag","embeddable":true,"href":"https:\/\/wydawnictwo.ug.edu.pl\/en\/wp-json\/wp\/v2\/product_tag?post=46922"}],"curies":[{"name":"wp","href":"https:\/\/api.w.org\/{rel}","templated":true}]}}