{"id":46921,"date":"2016-12-01T00:00:00","date_gmt":"2016-12-01T00:00:00","guid":{"rendered":"https:\/\/wydawnictwo.ug.edu.pl\/ksiegarnia-online\/uncategorized\/wiecej-niz-teatr-sztuka-zaangazowania-i-angazujaca-wychowawczo-romany-miller-inspiracje-dla-wspolczesnej-pedagogiki\/"},"modified":"2026-02-11T16:02:39","modified_gmt":"2026-02-11T16:02:39","slug":"wiecej-niz-teatr-sztuka-zaangazowania-i-angazujaca-wychowawczo-romany-miller-inspiracje-dla-wspolczesnej-pedagogiki","status":"publish","type":"product","link":"https:\/\/wydawnictwo.ug.edu.pl\/en\/ksiegarnia-online\/pedagogika-i-psychologia\/wiecej-niz-teatr-sztuka-zaangazowania-i-angazujaca-wychowawczo-romany-miller-inspiracje-dla-wspolczesnej-pedagogiki\/","title":{"rendered":"Wi\u0119cej ni\u017c teatr. Sztuka zaanga\u017cowania i anga\u017cuj\u0105ca wychowawczo. Romany Miller inspiracje dla wsp\u00f3\u0142czesnej pedagogiki"},"content":{"rendered":"","protected":false},"excerpt":{"rendered":"<p>Przes\u0142aniem publikacji wydawanych\u00a0w ramach konferencji\u00a0\u201eGda\u0144skie rodowody pedagogiczne\u201d sta\u0142o si\u0119 refeleksyjne i krytyczne uj\u0119cie pedagogiki jako sztuki zaanga\u017cowanej i anga\u017cuj\u0105cej w ods\u0142anianie genealogii pedagogiki, analizowanie historycznych uj\u0119\u0107 warto\u015bci pedagogicznych, jak i \u015bledzenie ich wsp\u00f3\u0142czesnych realizacji i przemieszcze\u0144, zaznaczanie mi\u0119dzy nimi r\u00f3\u017cnicy, chwytanie dychotomicznych odniesie\u0144, ale i wydobywanie uwsp\u00f3\u0142cze\u015bnionych ca\u0142o\u015bci namys\u0142u s\u0142u\u017c\u0105cych kreatywnemu redefiniowaniu\u00a0pedagogicznych znacze\u0144.<\/p>\n","protected":false},"featured_media":14596,"template":"","meta":{"_acf_changed":false},"journal":[],"rodzaj":[7074],"seria":[],"product_brand":[],"product_cat":[7007],"product_tag":[8219,7688],"class_list":{"0":"post-46921","1":"product","2":"type-product","3":"status-publish","4":"has-post-thumbnail","6":"rodzaj-ksiazki","7":"product_cat-pedagogika-i-psychologia","8":"product_tag-ewa-rodziewicz","9":"product_tag-maria-szczepska-pustkowska","11":"first","12":"outofstock","13":"taxable","14":"shipping-taxable","15":"product-type-simple"},"acf":[],"_links":{"self":[{"href":"https:\/\/wydawnictwo.ug.edu.pl\/en\/wp-json\/wp\/v2\/product\/46921","targetHints":{"allow":["GET"]}}],"collection":[{"href":"https:\/\/wydawnictwo.ug.edu.pl\/en\/wp-json\/wp\/v2\/product"}],"about":[{"href":"https:\/\/wydawnictwo.ug.edu.pl\/en\/wp-json\/wp\/v2\/types\/product"}],"wp:featuredmedia":[{"embeddable":true,"href":"https:\/\/wydawnictwo.ug.edu.pl\/en\/wp-json\/wp\/v2\/media\/14596"}],"wp:attachment":[{"href":"https:\/\/wydawnictwo.ug.edu.pl\/en\/wp-json\/wp\/v2\/media?parent=46921"}],"wp:term":[{"taxonomy":"journal","embeddable":true,"href":"https:\/\/wydawnictwo.ug.edu.pl\/en\/wp-json\/wp\/v2\/journal?post=46921"},{"taxonomy":"rodzaj","embeddable":true,"href":"https:\/\/wydawnictwo.ug.edu.pl\/en\/wp-json\/wp\/v2\/rodzaj?post=46921"},{"taxonomy":"seria","embeddable":true,"href":"https:\/\/wydawnictwo.ug.edu.pl\/en\/wp-json\/wp\/v2\/seria?post=46921"},{"taxonomy":"product_brand","embeddable":true,"href":"https:\/\/wydawnictwo.ug.edu.pl\/en\/wp-json\/wp\/v2\/product_brand?post=46921"},{"taxonomy":"product_cat","embeddable":true,"href":"https:\/\/wydawnictwo.ug.edu.pl\/en\/wp-json\/wp\/v2\/product_cat?post=46921"},{"taxonomy":"product_tag","embeddable":true,"href":"https:\/\/wydawnictwo.ug.edu.pl\/en\/wp-json\/wp\/v2\/product_tag?post=46921"}],"curies":[{"name":"wp","href":"https:\/\/api.w.org\/{rel}","templated":true}]}}