{"id":46920,"date":"2016-12-01T00:00:00","date_gmt":"2016-12-01T00:00:00","guid":{"rendered":"https:\/\/wydawnictwo.ug.edu.pl\/ksiegarnia-online\/uncategorized\/w-poszukiwaniu-kobiecosci-zbior-rozwazan-socjologicznych\/"},"modified":"2026-02-11T16:02:40","modified_gmt":"2026-02-11T16:02:40","slug":"w-poszukiwaniu-kobiecosci-zbior-rozwazan-socjologicznych","status":"publish","type":"product","link":"https:\/\/wydawnictwo.ug.edu.pl\/en\/ksiegarnia-online\/socjologia\/w-poszukiwaniu-kobiecosci-zbior-rozwazan-socjologicznych\/","title":{"rendered":"W poszukiwaniu kobieco\u015bci. Zbi\u00f3r rozwa\u017ca\u0144 socjologicznych"},"content":{"rendered":"","protected":false},"excerpt":{"rendered":"<p>Artyku\u0142y zawarte w tym zbiorze dotycz\u0105 kobiet \u017cyj\u0105cych we wsp\u00f3\u0142czesnym polskim spo\u0142ecze\u0144stwie. Respondentki, z kt\u00f3rymi rozmawia\u0142y autorki bada\u0144, pochodz\u0105 z tej samej grupy etnicznej, wszystkie te\u017c s\u0105 cisp\u0142ciowe, a ich realizacje kobieco\u015bci mieszcz\u0105 si\u0119 w zakresie spo\u0142ecznie\u00a0definiowanej normatywno\u015bci genderowej. R\u00f3\u017cni\u0105 si\u0119 jednak ze wzgl\u0119du\u00a0na wiek, klas\u0119 spo\u0142eczn\u0105 i sytuacj\u0119 \u017cyciow\u0105. Bohaterkami wywiad\u00f3w by\u0142y\u00a0bowiem zar\u00f3wno kobiety nieuleczalnie chore, znajduj\u0105ce si\u0119 pod opiek\u0105\u00a0hospicjum, kobiety kszta\u0142tuj\u0105ce sw\u00f3j wizerunek na rynku pracy, jak i kilkuletnie\u00a0dziewczynki, kt\u00f3re dopiero odkrywaj\u0105 regu\u0142y gry w kobieco\u015b\u0107.<\/p>\n","protected":false},"featured_media":14588,"template":"","meta":{"_acf_changed":false},"journal":[],"rodzaj":[7074],"seria":[],"product_brand":[],"product_cat":[6953],"product_tag":[7975,8146],"class_list":{"0":"post-46920","1":"product","2":"type-product","3":"status-publish","4":"has-post-thumbnail","6":"rodzaj-ksiazki","7":"product_cat-socjologia","8":"product_tag-agnieszka-maj-en","9":"product_tag-anna-m-klonkowskaanna-m-klonkowska","11":"first","12":"outofstock","13":"taxable","14":"shipping-taxable","15":"product-type-simple"},"acf":[],"_links":{"self":[{"href":"https:\/\/wydawnictwo.ug.edu.pl\/en\/wp-json\/wp\/v2\/product\/46920","targetHints":{"allow":["GET"]}}],"collection":[{"href":"https:\/\/wydawnictwo.ug.edu.pl\/en\/wp-json\/wp\/v2\/product"}],"about":[{"href":"https:\/\/wydawnictwo.ug.edu.pl\/en\/wp-json\/wp\/v2\/types\/product"}],"wp:featuredmedia":[{"embeddable":true,"href":"https:\/\/wydawnictwo.ug.edu.pl\/en\/wp-json\/wp\/v2\/media\/14588"}],"wp:attachment":[{"href":"https:\/\/wydawnictwo.ug.edu.pl\/en\/wp-json\/wp\/v2\/media?parent=46920"}],"wp:term":[{"taxonomy":"journal","embeddable":true,"href":"https:\/\/wydawnictwo.ug.edu.pl\/en\/wp-json\/wp\/v2\/journal?post=46920"},{"taxonomy":"rodzaj","embeddable":true,"href":"https:\/\/wydawnictwo.ug.edu.pl\/en\/wp-json\/wp\/v2\/rodzaj?post=46920"},{"taxonomy":"seria","embeddable":true,"href":"https:\/\/wydawnictwo.ug.edu.pl\/en\/wp-json\/wp\/v2\/seria?post=46920"},{"taxonomy":"product_brand","embeddable":true,"href":"https:\/\/wydawnictwo.ug.edu.pl\/en\/wp-json\/wp\/v2\/product_brand?post=46920"},{"taxonomy":"product_cat","embeddable":true,"href":"https:\/\/wydawnictwo.ug.edu.pl\/en\/wp-json\/wp\/v2\/product_cat?post=46920"},{"taxonomy":"product_tag","embeddable":true,"href":"https:\/\/wydawnictwo.ug.edu.pl\/en\/wp-json\/wp\/v2\/product_tag?post=46920"}],"curies":[{"name":"wp","href":"https:\/\/api.w.org\/{rel}","templated":true}]}}