{"id":46918,"date":"2016-12-30T00:00:00","date_gmt":"2016-12-30T00:00:00","guid":{"rendered":"https:\/\/wydawnictwo.ug.edu.pl\/ksiegarnia-online\/uncategorized\/partie-polityczne-w-polsce-wybrane-zagadnienia\/"},"modified":"2026-02-11T16:01:17","modified_gmt":"2026-02-11T16:01:17","slug":"partie-polityczne-w-polsce-wybrane-zagadnienia","status":"publish","type":"product","link":"https:\/\/wydawnictwo.ug.edu.pl\/en\/ksiegarnia-online\/prawo-i-administracja\/partie-polityczne-w-polsce-wybrane-zagadnienia\/","title":{"rendered":"Partie polityczne w Polsce. Wybrane zagadnienia"},"content":{"rendered":"","protected":false},"excerpt":{"rendered":"<p>Oddawana do r\u0105k Czytelnik\u00f3w monografia jest efektem prowadzonych\u00a0w 2016 r. bada\u0144 nad problematyk\u0105 ugrupowa\u0144 politycznych podj\u0119tych\u00a0w Katedrze Prawa Konstytucyjnego i Instytucji Politycznych Uniwersytetu\u00a0Gda\u0144skiego. Pierwszy rozdzia\u0142 zosta\u0142 po\u015bwi\u0119cony problematyce\u00a0nabywania i utraty cz\u0142onkostwa w polskich paniach politycznych,\u00a0a tak\u017ce prawom i obowi\u0105zkom ich cz\u0142onk\u00f3w. Kolejne rozdzia\u0142y dotycz\u0105\u00a0podstawowych funkcji partii politycznych, tj. funkcji wyborczej oraz\u00a0funkcji rz\u0105dzenia. W rozdziale drugim przedstawiono podstawowe\u00a0dzia\u0142ania podejmowane przez partie polityczne w celu osi\u0105gni\u0119cia\u00a0sukcesu wyborczego. Z kolei w trzecim rozdziale skoncentrowano si\u0119\u00a0na zagadnieniu funkcjonowania stronnictw politycznych na forum\u00a0parlamentu. Poddano analizie min. przepisy regulamin\u00f3w parlamentarnych frakcji oraz projekt instytucjonalizacji opozycji parlamentarnej\u00a0w postaci tzw. pakietu demokratycznego. Rozdzia\u0142 czwarty zosta\u0142\u00a0po\u015bwi\u0119cony wykonywaniu przez partie polityczne funkcji rz\u0105dzenia,\u00a0kt\u00f3ra jest realizowana poprzez kszta\u0142towanie, podejmowanie i egzekwowanie istotnych dla pa\u0144stwa decyzji w drodze przewidzianych prawem\u00a0procedur. Ostatni, pi\u0105ty rozdzia\u0142 traktuje o mechanizmach i instytucjach,\u00a0kt\u00f3rymi pos\u0142uguj\u0105 si\u0119 konkurencyjne wobec partii politycznych grupy\u00a0interesu, w celu artykulacji interes\u00f3w w politycznym procesie decyzyjnym\u00a0w pa\u0144stwie.<\/p>\n<p>Na ok\u0142adce wykorzystano zdj\u0119cie autorstwa Adriana Grycuka.<br \/>\n<em><strong>Adrian Grycuk\/CC BY-SA 3.0-pl\/Wikimedia Commons<\/strong><\/em><\/p>\n","protected":false},"featured_media":14629,"template":"","meta":{"_acf_changed":false},"journal":[],"rodzaj":[2602],"seria":[],"product_brand":[],"product_cat":[6932],"product_tag":[427,430,428,244,429],"class_list":{"0":"post-46918","1":"product","2":"type-product","3":"status-publish","4":"has-post-thumbnail","6":"rodzaj-ksiazki","7":"product_cat-prawo-i-administracja","8":"product_tag-agnieszka-gajda","9":"product_tag-anna-rytel-warzocha","10":"product_tag-krzysztof-grajewski","11":"product_tag-marcin-m-wiszowaty","12":"product_tag-piotr-uzieblo","14":"first","15":"outofstock","16":"taxable","17":"shipping-taxable","18":"purchasable","19":"product-type-simple"},"acf":[],"_links":{"self":[{"href":"https:\/\/wydawnictwo.ug.edu.pl\/en\/wp-json\/wp\/v2\/product\/46918","targetHints":{"allow":["GET"]}}],"collection":[{"href":"https:\/\/wydawnictwo.ug.edu.pl\/en\/wp-json\/wp\/v2\/product"}],"about":[{"href":"https:\/\/wydawnictwo.ug.edu.pl\/en\/wp-json\/wp\/v2\/types\/product"}],"wp:featuredmedia":[{"embeddable":true,"href":"https:\/\/wydawnictwo.ug.edu.pl\/en\/wp-json\/wp\/v2\/media\/14629"}],"wp:attachment":[{"href":"https:\/\/wydawnictwo.ug.edu.pl\/en\/wp-json\/wp\/v2\/media?parent=46918"}],"wp:term":[{"taxonomy":"journal","embeddable":true,"href":"https:\/\/wydawnictwo.ug.edu.pl\/en\/wp-json\/wp\/v2\/journal?post=46918"},{"taxonomy":"rodzaj","embeddable":true,"href":"https:\/\/wydawnictwo.ug.edu.pl\/en\/wp-json\/wp\/v2\/rodzaj?post=46918"},{"taxonomy":"seria","embeddable":true,"href":"https:\/\/wydawnictwo.ug.edu.pl\/en\/wp-json\/wp\/v2\/seria?post=46918"},{"taxonomy":"product_brand","embeddable":true,"href":"https:\/\/wydawnictwo.ug.edu.pl\/en\/wp-json\/wp\/v2\/product_brand?post=46918"},{"taxonomy":"product_cat","embeddable":true,"href":"https:\/\/wydawnictwo.ug.edu.pl\/en\/wp-json\/wp\/v2\/product_cat?post=46918"},{"taxonomy":"product_tag","embeddable":true,"href":"https:\/\/wydawnictwo.ug.edu.pl\/en\/wp-json\/wp\/v2\/product_tag?post=46918"}],"curies":[{"name":"wp","href":"https:\/\/api.w.org\/{rel}","templated":true}]}}