{"id":46916,"date":"2017-12-02T00:00:00","date_gmt":"2017-12-02T00:00:00","guid":{"rendered":"https:\/\/wydawnictwo.ug.edu.pl\/ksiegarnia-online\/uncategorized\/polskie-pamietniki-teatralne-teoria-historia-teksty\/"},"modified":"2026-02-11T15:51:10","modified_gmt":"2026-02-11T15:51:10","slug":"polskie-pamietniki-teatralne-teoria-historia-teksty","status":"publish","type":"product","link":"https:\/\/wydawnictwo.ug.edu.pl\/en\/ksiegarnia-online\/literaturoznawstwo\/polskie-pamietniki-teatralne-teoria-historia-teksty\/","title":{"rendered":"Polskie pami\u0119tniki teatralne. Teoria \u2013 historia \u2013 teksty"},"content":{"rendered":"","protected":false},"excerpt":{"rendered":"<p>Praca Katarzyny Kr\u0119glewskiej wype\u0142nia pole ma\u0142o przez teatrolog\u00f3w zbadane, cho\u0107 wszyscy si\u0119 do niego odwo\u0142uj\u0105. Z punktu widzenia historyka teatru ksi\u0105\u017cka b\u0119dzie cenn\u0105 pozycj\u0105 nie tylko we wsp\u00f3\u0142czesnych badaniach historyczno-teatralnych, lecz tak\u017ce pewn\u0105 interesuj\u0105c\u0105 propozycj\u0105 metodologiczn\u0105 w zakresie bada\u0144 nad zjawiskiem zwanym literatur\u0105 aktorsk\u0105. Jest to r\u00f3wnie\u017c istotny wk\u0142ad w badania nad teori\u0105 pami\u0119tnikarstwa jako gatunku.<\/p>\n","protected":false},"featured_media":14770,"template":"","meta":{"_acf_changed":false},"journal":[],"rodzaj":[7074],"seria":[],"product_brand":[],"product_cat":[6925],"product_tag":[7458],"class_list":{"0":"post-46916","1":"product","2":"type-product","3":"status-publish","4":"has-post-thumbnail","6":"rodzaj-ksiazki","7":"product_cat-literaturoznawstwo","8":"product_tag-katarzyna-kreglewskakatarzyna-kreglewska","10":"first","11":"outofstock","12":"taxable","13":"shipping-taxable","14":"product-type-simple"},"acf":[],"_links":{"self":[{"href":"https:\/\/wydawnictwo.ug.edu.pl\/en\/wp-json\/wp\/v2\/product\/46916","targetHints":{"allow":["GET"]}}],"collection":[{"href":"https:\/\/wydawnictwo.ug.edu.pl\/en\/wp-json\/wp\/v2\/product"}],"about":[{"href":"https:\/\/wydawnictwo.ug.edu.pl\/en\/wp-json\/wp\/v2\/types\/product"}],"wp:featuredmedia":[{"embeddable":true,"href":"https:\/\/wydawnictwo.ug.edu.pl\/en\/wp-json\/wp\/v2\/media\/14770"}],"wp:attachment":[{"href":"https:\/\/wydawnictwo.ug.edu.pl\/en\/wp-json\/wp\/v2\/media?parent=46916"}],"wp:term":[{"taxonomy":"journal","embeddable":true,"href":"https:\/\/wydawnictwo.ug.edu.pl\/en\/wp-json\/wp\/v2\/journal?post=46916"},{"taxonomy":"rodzaj","embeddable":true,"href":"https:\/\/wydawnictwo.ug.edu.pl\/en\/wp-json\/wp\/v2\/rodzaj?post=46916"},{"taxonomy":"seria","embeddable":true,"href":"https:\/\/wydawnictwo.ug.edu.pl\/en\/wp-json\/wp\/v2\/seria?post=46916"},{"taxonomy":"product_brand","embeddable":true,"href":"https:\/\/wydawnictwo.ug.edu.pl\/en\/wp-json\/wp\/v2\/product_brand?post=46916"},{"taxonomy":"product_cat","embeddable":true,"href":"https:\/\/wydawnictwo.ug.edu.pl\/en\/wp-json\/wp\/v2\/product_cat?post=46916"},{"taxonomy":"product_tag","embeddable":true,"href":"https:\/\/wydawnictwo.ug.edu.pl\/en\/wp-json\/wp\/v2\/product_tag?post=46916"}],"curies":[{"name":"wp","href":"https:\/\/api.w.org\/{rel}","templated":true}]}}