{"id":46915,"date":"2017-12-02T00:00:00","date_gmt":"2017-12-02T00:00:00","guid":{"rendered":"https:\/\/wydawnictwo.ug.edu.pl\/ksiegarnia-online\/uncategorized\/socjolingwistyczne-badania-w-teorii-i-praktyce-ujecie-interdyscyplinarne-tom-6\/"},"modified":"2026-02-11T15:51:13","modified_gmt":"2026-02-11T15:51:13","slug":"socjolingwistyczne-badania-w-teorii-i-praktyce-ujecie-interdyscyplinarne-tom-6","status":"publish","type":"product","link":"https:\/\/wydawnictwo.ug.edu.pl\/en\/ksiegarnia-online\/jezykoznawstwo\/socjolingwistyczne-badania-w-teorii-i-praktyce-ujecie-interdyscyplinarne-tom-6\/","title":{"rendered":"Socjolingwistyczne badania w teorii i praktyce. Uj\u0119cie interdyscyplinarne. Tom 6"},"content":{"rendered":"","protected":false},"excerpt":{"rendered":"<p>Monografia zawiera artyku\u0142y problemowe z zakresu socjolingwistyki w uj\u0119ciu interdyscyplinarnym. W monografii podj\u0119te zostan\u0105 m.in. takie zagadnienia, jak: j\u0119zyk jako czynnik tworzenia lokalnej kultury, charakterystyka j\u0119zyka potocznego, analiza sakralnej leksyki, nauczanie j\u0119zyk\u00f3w a\u00a0 politologia, mi\u0119dzykulturowa komunikacja. Monografia analizuje problemy na styku j\u0119zykoznawstwa, socjologii, psychologii spo\u0142ecznej i etnografii z zastosowaniem r\u00f3\u017cnych metod badawczych. Monografia w j\u0119zyku polskim, rosyjskim. Ksi\u0105\u017cka adresowana jest zar\u00f3wno do specjalist\u00f3w, jak i m\u0142odych adept\u00f3w nauki.<\/p>\n","protected":false},"featured_media":14767,"template":"","meta":{"_acf_changed":false},"journal":[],"rodzaj":[7074,7076],"seria":[7709],"product_brand":[],"product_cat":[6924],"product_tag":[7909,7711,7860],"class_list":{"0":"post-46915","1":"product","2":"type-product","3":"status-publish","4":"has-post-thumbnail","6":"rodzaj-ksiazki","7":"rodzaj-serie-wydawnicze","8":"seria-socjolingwistyczne-badania-w-teorii-i-praktyce","9":"product_cat-jezykoznawstwo","10":"product_tag-fadhil-marzouk","11":"product_tag-joanna-mampe","12":"product_tag-lada-ovchinnikova","14":"first","15":"outofstock","16":"taxable","17":"shipping-taxable","18":"product-type-simple"},"acf":[],"_links":{"self":[{"href":"https:\/\/wydawnictwo.ug.edu.pl\/en\/wp-json\/wp\/v2\/product\/46915","targetHints":{"allow":["GET"]}}],"collection":[{"href":"https:\/\/wydawnictwo.ug.edu.pl\/en\/wp-json\/wp\/v2\/product"}],"about":[{"href":"https:\/\/wydawnictwo.ug.edu.pl\/en\/wp-json\/wp\/v2\/types\/product"}],"wp:featuredmedia":[{"embeddable":true,"href":"https:\/\/wydawnictwo.ug.edu.pl\/en\/wp-json\/wp\/v2\/media\/14767"}],"wp:attachment":[{"href":"https:\/\/wydawnictwo.ug.edu.pl\/en\/wp-json\/wp\/v2\/media?parent=46915"}],"wp:term":[{"taxonomy":"journal","embeddable":true,"href":"https:\/\/wydawnictwo.ug.edu.pl\/en\/wp-json\/wp\/v2\/journal?post=46915"},{"taxonomy":"rodzaj","embeddable":true,"href":"https:\/\/wydawnictwo.ug.edu.pl\/en\/wp-json\/wp\/v2\/rodzaj?post=46915"},{"taxonomy":"seria","embeddable":true,"href":"https:\/\/wydawnictwo.ug.edu.pl\/en\/wp-json\/wp\/v2\/seria?post=46915"},{"taxonomy":"product_brand","embeddable":true,"href":"https:\/\/wydawnictwo.ug.edu.pl\/en\/wp-json\/wp\/v2\/product_brand?post=46915"},{"taxonomy":"product_cat","embeddable":true,"href":"https:\/\/wydawnictwo.ug.edu.pl\/en\/wp-json\/wp\/v2\/product_cat?post=46915"},{"taxonomy":"product_tag","embeddable":true,"href":"https:\/\/wydawnictwo.ug.edu.pl\/en\/wp-json\/wp\/v2\/product_tag?post=46915"}],"curies":[{"name":"wp","href":"https:\/\/api.w.org\/{rel}","templated":true}]}}