{"id":46913,"date":"2017-12-02T00:00:00","date_gmt":"2017-12-02T00:00:00","guid":{"rendered":"https:\/\/wydawnictwo.ug.edu.pl\/ksiegarnia-online\/uncategorized\/all-about-pratchett-czyli-wszystko-o-sir-terrym-pratchetcie\/"},"modified":"2026-02-11T15:55:05","modified_gmt":"2026-02-11T15:55:05","slug":"all-about-pratchett-czyli-wszystko-o-sir-terrym-pratchetcie","status":"publish","type":"product","link":"https:\/\/wydawnictwo.ug.edu.pl\/en\/ksiegarnia-online\/literaturoznawstwo\/all-about-pratchett-czyli-wszystko-o-sir-terrym-pratchetcie\/","title":{"rendered":"All About Pratchett czyli wszystko o sir Terrym Pratchetcie"},"content":{"rendered":"","protected":false},"excerpt":{"rendered":"<p>Jak dot\u0105d opracowania naukowe dotycz\u0105ce pisarstwa sir Terry\u2019ego Pratchetta policzy\u0107 mo\u017cna na palcach obu r\u0105k, dlatego niniejsza monografia ma warto\u015b\u0107 unikatow\u0105 w skali kraju oraz wnosi powiew \u015bwie\u017co\u015bci do literaturoznawstwa, j\u0119zykoznawstwa i bada\u0144 kulturowych na \u015bwiecie. Jest ona wa\u017cna r\u00f3wnie\u017c dlatego, \u017ce jako jedna z nielicznych porusza tak szerokie spektrum temat\u00f3w.<\/p>\n","protected":false},"featured_media":14932,"template":"","meta":{"_acf_changed":false},"journal":[],"rodzaj":[7074],"seria":[],"product_brand":[],"product_cat":[6925],"product_tag":[8213,8214,8215],"class_list":{"0":"post-46913","1":"product","2":"type-product","3":"status-publish","4":"has-post-thumbnail","6":"rodzaj-ksiazki","7":"product_cat-literaturoznawstwo","8":"product_tag-agata-wlodarczykagata-wlodarczyk","9":"product_tag-aleksandra-holubowicz","10":"product_tag-kamil-karaskamil-karas","12":"first","13":"outofstock","14":"taxable","15":"shipping-taxable","16":"purchasable","17":"product-type-simple"},"acf":[],"_links":{"self":[{"href":"https:\/\/wydawnictwo.ug.edu.pl\/en\/wp-json\/wp\/v2\/product\/46913","targetHints":{"allow":["GET"]}}],"collection":[{"href":"https:\/\/wydawnictwo.ug.edu.pl\/en\/wp-json\/wp\/v2\/product"}],"about":[{"href":"https:\/\/wydawnictwo.ug.edu.pl\/en\/wp-json\/wp\/v2\/types\/product"}],"wp:featuredmedia":[{"embeddable":true,"href":"https:\/\/wydawnictwo.ug.edu.pl\/en\/wp-json\/wp\/v2\/media\/14932"}],"wp:attachment":[{"href":"https:\/\/wydawnictwo.ug.edu.pl\/en\/wp-json\/wp\/v2\/media?parent=46913"}],"wp:term":[{"taxonomy":"journal","embeddable":true,"href":"https:\/\/wydawnictwo.ug.edu.pl\/en\/wp-json\/wp\/v2\/journal?post=46913"},{"taxonomy":"rodzaj","embeddable":true,"href":"https:\/\/wydawnictwo.ug.edu.pl\/en\/wp-json\/wp\/v2\/rodzaj?post=46913"},{"taxonomy":"seria","embeddable":true,"href":"https:\/\/wydawnictwo.ug.edu.pl\/en\/wp-json\/wp\/v2\/seria?post=46913"},{"taxonomy":"product_brand","embeddable":true,"href":"https:\/\/wydawnictwo.ug.edu.pl\/en\/wp-json\/wp\/v2\/product_brand?post=46913"},{"taxonomy":"product_cat","embeddable":true,"href":"https:\/\/wydawnictwo.ug.edu.pl\/en\/wp-json\/wp\/v2\/product_cat?post=46913"},{"taxonomy":"product_tag","embeddable":true,"href":"https:\/\/wydawnictwo.ug.edu.pl\/en\/wp-json\/wp\/v2\/product_tag?post=46913"}],"curies":[{"name":"wp","href":"https:\/\/api.w.org\/{rel}","templated":true}]}}