{"id":46910,"date":"2017-12-02T00:00:00","date_gmt":"2017-12-02T00:00:00","guid":{"rendered":"https:\/\/wydawnictwo.ug.edu.pl\/ksiegarnia-online\/uncategorized\/jezykowy-literacki-i-kulturowy-obraz-pomorza-tom-4\/"},"modified":"2026-02-11T15:55:08","modified_gmt":"2026-02-11T15:55:08","slug":"jezykowy-literacki-i-kulturowy-obraz-pomorza-tom-4","status":"publish","type":"product","link":"https:\/\/wydawnictwo.ug.edu.pl\/en\/ksiegarnia-online\/jezykoznawstwo\/jezykowy-literacki-i-kulturowy-obraz-pomorza-tom-4\/","title":{"rendered":"J\u0119zykowy, literacki i kulturowy obraz Pomorza. Tom 4"},"content":{"rendered":"","protected":false},"excerpt":{"rendered":"<p>Pytanie o obecny stan i status j\u0119zyka kaszubskiego oraz odbi\u00f3r pomorskiej kultury sta\u0142o si\u0119 przedmiotem czwartej Og\u00f3lnopolskiej Konferencji Naukowej z cyklu \u201eJ\u0119zykowy, literacki i kulturowy obraz Pomorza dawniej i dzi\u015b\u201d po\u015bwi\u0119conej prof. dr. hab. Edwardowi Brezie w 85. rocznic\u0119 urodzin. Spotkanie badaczy, kt\u00f3re odby\u0142o si\u0119 22\u00a0 wrze\u015bnia 2017 roku na Uniwersytecie Gda\u0144skim, da\u0142o mo\u017cliwo\u015b\u0107 wypowiedzi zar\u00f3wno j\u0119zykoznawcom, jak i literaturoznawcom oraz kulturoznawcom zainteresowanym problematyk\u0105 pomorsk\u0105.<\/p>\n<p>Efektem tw\u00f3rczej wymiany my\u015bli jest niniejszy tom zawieraj\u0105cy 25 tekst\u00f3w ukazuj\u0105cych refleksje nad pomorskim j\u0119zykiem, literatur\u0105, kultur\u0105, histori\u0105, a tak\u017ce nad przeobra\u017ceniami i nowymi tendencjami oraz perspektywami badawczymi.<\/p>\n","protected":false},"featured_media":14926,"template":"","meta":{"_acf_changed":false},"journal":[],"rodzaj":[7074],"seria":[],"product_brand":[],"product_cat":[6924,6925],"product_tag":[7429,8210,7431],"class_list":{"0":"post-46910","1":"product","2":"type-product","3":"status-publish","4":"has-post-thumbnail","6":"rodzaj-ksiazki","7":"product_cat-jezykoznawstwo","8":"product_cat-literaturoznawstwo","9":"product_tag-aneta-lica","10":"product_tag-karolina-czemplikkarolina-czemplik","11":"product_tag-zenon-licazenon-lica","13":"first","14":"outofstock","15":"taxable","16":"shipping-taxable","17":"purchasable","18":"product-type-simple"},"acf":[],"_links":{"self":[{"href":"https:\/\/wydawnictwo.ug.edu.pl\/en\/wp-json\/wp\/v2\/product\/46910","targetHints":{"allow":["GET"]}}],"collection":[{"href":"https:\/\/wydawnictwo.ug.edu.pl\/en\/wp-json\/wp\/v2\/product"}],"about":[{"href":"https:\/\/wydawnictwo.ug.edu.pl\/en\/wp-json\/wp\/v2\/types\/product"}],"wp:featuredmedia":[{"embeddable":true,"href":"https:\/\/wydawnictwo.ug.edu.pl\/en\/wp-json\/wp\/v2\/media\/14926"}],"wp:attachment":[{"href":"https:\/\/wydawnictwo.ug.edu.pl\/en\/wp-json\/wp\/v2\/media?parent=46910"}],"wp:term":[{"taxonomy":"journal","embeddable":true,"href":"https:\/\/wydawnictwo.ug.edu.pl\/en\/wp-json\/wp\/v2\/journal?post=46910"},{"taxonomy":"rodzaj","embeddable":true,"href":"https:\/\/wydawnictwo.ug.edu.pl\/en\/wp-json\/wp\/v2\/rodzaj?post=46910"},{"taxonomy":"seria","embeddable":true,"href":"https:\/\/wydawnictwo.ug.edu.pl\/en\/wp-json\/wp\/v2\/seria?post=46910"},{"taxonomy":"product_brand","embeddable":true,"href":"https:\/\/wydawnictwo.ug.edu.pl\/en\/wp-json\/wp\/v2\/product_brand?post=46910"},{"taxonomy":"product_cat","embeddable":true,"href":"https:\/\/wydawnictwo.ug.edu.pl\/en\/wp-json\/wp\/v2\/product_cat?post=46910"},{"taxonomy":"product_tag","embeddable":true,"href":"https:\/\/wydawnictwo.ug.edu.pl\/en\/wp-json\/wp\/v2\/product_tag?post=46910"}],"curies":[{"name":"wp","href":"https:\/\/api.w.org\/{rel}","templated":true}]}}