{"id":46907,"date":"2017-12-02T00:00:00","date_gmt":"2017-12-02T00:00:00","guid":{"rendered":"https:\/\/wydawnictwo.ug.edu.pl\/ksiegarnia-online\/uncategorized\/czas-wolny-rozrywka-uzywki-w-najnowszej-literaturze-rosyjskiej\/"},"modified":"2026-02-11T15:55:10","modified_gmt":"2026-02-11T15:55:10","slug":"czas-wolny-rozrywka-uzywki-w-najnowszej-literaturze-rosyjskiej","status":"publish","type":"product","link":"https:\/\/wydawnictwo.ug.edu.pl\/en\/ksiegarnia-online\/literaturoznawstwo\/czas-wolny-rozrywka-uzywki-w-najnowszej-literaturze-rosyjskiej\/","title":{"rendered":"Czas wolny, rozrywka, u\u017cywki w najnowszej literaturze rosyjskiej"},"content":{"rendered":"","protected":false},"excerpt":{"rendered":"<p>Monografia podejmuje problematyk\u0119 kondycji ludzkiej wsp\u00f3\u0142czesnego cz\u0142owieka, bohatera najnowszej literatury rosyjskiej, rozpatrywan\u0105 z perspektywy czasu wolnego, rozrywki i u\u017cywek, kt\u00f3re stanowi\u0105 nieod\u0142\u0105czny element egzystencji cz\u0142owieka i s\u0105 szeroko reprezentowane w r\u00f3\u017cnego rodzaju gatunkach literackich wsp\u00f3\u0142czesnego pi\u015bmiennictwa. Wybory, dokonywane przez bohater\u00f3w prozy najnowszej we wskazanych tytu\u0142em obszarach determinuj\u0105 w du\u017cej mierze ich losy, to\u017csamo\u015b\u0107 i relacje z innymi.<\/p>\n","protected":false},"featured_media":14914,"template":"","meta":{"_acf_changed":false},"journal":[],"rodzaj":[7074],"seria":[],"product_brand":[],"product_cat":[6925],"product_tag":[7457],"class_list":{"0":"post-46907","1":"product","2":"type-product","3":"status-publish","4":"has-post-thumbnail","6":"rodzaj-ksiazki","7":"product_cat-literaturoznawstwo","8":"product_tag-liliana-kalitaliliana-kalita","10":"first","11":"outofstock","12":"taxable","13":"shipping-taxable","14":"product-type-simple"},"acf":[],"_links":{"self":[{"href":"https:\/\/wydawnictwo.ug.edu.pl\/en\/wp-json\/wp\/v2\/product\/46907","targetHints":{"allow":["GET"]}}],"collection":[{"href":"https:\/\/wydawnictwo.ug.edu.pl\/en\/wp-json\/wp\/v2\/product"}],"about":[{"href":"https:\/\/wydawnictwo.ug.edu.pl\/en\/wp-json\/wp\/v2\/types\/product"}],"wp:featuredmedia":[{"embeddable":true,"href":"https:\/\/wydawnictwo.ug.edu.pl\/en\/wp-json\/wp\/v2\/media\/14914"}],"wp:attachment":[{"href":"https:\/\/wydawnictwo.ug.edu.pl\/en\/wp-json\/wp\/v2\/media?parent=46907"}],"wp:term":[{"taxonomy":"journal","embeddable":true,"href":"https:\/\/wydawnictwo.ug.edu.pl\/en\/wp-json\/wp\/v2\/journal?post=46907"},{"taxonomy":"rodzaj","embeddable":true,"href":"https:\/\/wydawnictwo.ug.edu.pl\/en\/wp-json\/wp\/v2\/rodzaj?post=46907"},{"taxonomy":"seria","embeddable":true,"href":"https:\/\/wydawnictwo.ug.edu.pl\/en\/wp-json\/wp\/v2\/seria?post=46907"},{"taxonomy":"product_brand","embeddable":true,"href":"https:\/\/wydawnictwo.ug.edu.pl\/en\/wp-json\/wp\/v2\/product_brand?post=46907"},{"taxonomy":"product_cat","embeddable":true,"href":"https:\/\/wydawnictwo.ug.edu.pl\/en\/wp-json\/wp\/v2\/product_cat?post=46907"},{"taxonomy":"product_tag","embeddable":true,"href":"https:\/\/wydawnictwo.ug.edu.pl\/en\/wp-json\/wp\/v2\/product_tag?post=46907"}],"curies":[{"name":"wp","href":"https:\/\/api.w.org\/{rel}","templated":true}]}}