{"id":46901,"date":"2017-12-02T00:00:00","date_gmt":"2017-12-02T00:00:00","guid":{"rendered":"https:\/\/wydawnictwo.ug.edu.pl\/ksiegarnia-online\/uncategorized\/dusze-w-niewoli-boleslawa-prusa-i-innych-pozytywistow-myslenie-o-rosji-szkice\/"},"modified":"2026-02-11T15:53:03","modified_gmt":"2026-02-11T15:53:03","slug":"dusze-w-niewoli-boleslawa-prusa-i-innych-pozytywistow-myslenie-o-rosji-szkice","status":"publish","type":"product","link":"https:\/\/wydawnictwo.ug.edu.pl\/en\/ksiegarnia-online\/literaturoznawstwo\/dusze-w-niewoli-boleslawa-prusa-i-innych-pozytywistow-myslenie-o-rosji-szkice\/","title":{"rendered":"Dusze w niewoli. Boles\u0142awa Prusa i innych (pozytywist\u00f3w) my\u015blenie o Rosji. Szkice"},"content":{"rendered":"","protected":false},"excerpt":{"rendered":"<p>Pomieszczone w zbiorze szkice ukazuj\u0105 pragmatyczne oblicze \u201ekwestii rosyjskiej\u201d. Pozytywi\u015bci obserwowali z uwag\u0105 zachodz\u0105ce w Cesarstwie przemiany, kt\u00f3re \u2013 jak si\u0119 spodziewano \u2013 przynios\u0105 jakie\u015b rozwi\u0105zania. Wierzono, \u017ce w starciu marzenia o wolno\u015bci z absolutyzmem monarchii wygraj\u0105 nie tylko uciskani Rosjanie, ale i niewoleni Polacy. Czekaj\u0105c na obiecuj\u0105c\u0105 przysz\u0142o\u015b\u0107, nale\u017ca\u0142o zabezpiecza\u0107 tera\u017aniejszo\u015b\u0107. A t\u0119 r\u00f3wnie\u017c trzeba by\u0142o kreowa\u0107 zgodnie z dynamiczn\u0105 dora\u017ano\u015bci\u0105. Skupiono si\u0119 wi\u0119c, zgodnie z programem M\u0142odych, na utrzymaniu ziemi w r\u0119kach polskich, zachowaniu j\u0119zyka, o\u015bwiacie, ale i na rozwoju gospodarki, dla kt\u00f3rej naturalnym rynkiem zbytu by\u0142o Imperium. Strategia mimikry, ocalenia naszej narodowej odr\u0119bno\u015bci i spo\u0142ecznego bytu, obrona przed wynarodowieniem \u2013 to by\u0142y cele i kierunki \u201emy\u015blenia o Rosji\u201d pozytywist\u00f3w.<\/p>\n<p>Rosja, rosyjsko\u015b\u0107, relacje polsko-rosyjskie, recepcja kultury i literatury rosyjskiej, rewolucyjne programy, aspiracje niepodleg\u0142o\u015bciowe \u2013 wszystkie te w\u0105tki sk\u0142adaj\u0105 si\u0119 na pojemn\u0105 formu\u0142\u0119 \u201emy\u015blenia o Rosji\u201d. Spotkania z rosyjskim j\u0119zykiem, literatur\u0105, filozofi\u0105, podj\u0119cie rosyjskiego tematu w tw\u00f3rczo\u015bci \u2013 to naturalne wybory inteligent\u00f3w czas\u00f3w rozbiorowych \u2013 o tym traktuj\u0105 zawarte w monografii szkice.<\/p>\n","protected":false},"featured_media":14884,"template":"","meta":{"_acf_changed":false},"journal":[],"rodzaj":[7074],"seria":[],"product_brand":[],"product_cat":[6925],"product_tag":[8114],"class_list":{"0":"post-46901","1":"product","2":"type-product","3":"status-publish","4":"has-post-thumbnail","6":"rodzaj-ksiazki","7":"product_cat-literaturoznawstwo","8":"product_tag-sylwia-karpowicz-slowikowskasylwia-karpowicz-slowikowska","10":"first","11":"outofstock","12":"taxable","13":"shipping-taxable","14":"product-type-simple"},"acf":[],"_links":{"self":[{"href":"https:\/\/wydawnictwo.ug.edu.pl\/en\/wp-json\/wp\/v2\/product\/46901","targetHints":{"allow":["GET"]}}],"collection":[{"href":"https:\/\/wydawnictwo.ug.edu.pl\/en\/wp-json\/wp\/v2\/product"}],"about":[{"href":"https:\/\/wydawnictwo.ug.edu.pl\/en\/wp-json\/wp\/v2\/types\/product"}],"wp:featuredmedia":[{"embeddable":true,"href":"https:\/\/wydawnictwo.ug.edu.pl\/en\/wp-json\/wp\/v2\/media\/14884"}],"wp:attachment":[{"href":"https:\/\/wydawnictwo.ug.edu.pl\/en\/wp-json\/wp\/v2\/media?parent=46901"}],"wp:term":[{"taxonomy":"journal","embeddable":true,"href":"https:\/\/wydawnictwo.ug.edu.pl\/en\/wp-json\/wp\/v2\/journal?post=46901"},{"taxonomy":"rodzaj","embeddable":true,"href":"https:\/\/wydawnictwo.ug.edu.pl\/en\/wp-json\/wp\/v2\/rodzaj?post=46901"},{"taxonomy":"seria","embeddable":true,"href":"https:\/\/wydawnictwo.ug.edu.pl\/en\/wp-json\/wp\/v2\/seria?post=46901"},{"taxonomy":"product_brand","embeddable":true,"href":"https:\/\/wydawnictwo.ug.edu.pl\/en\/wp-json\/wp\/v2\/product_brand?post=46901"},{"taxonomy":"product_cat","embeddable":true,"href":"https:\/\/wydawnictwo.ug.edu.pl\/en\/wp-json\/wp\/v2\/product_cat?post=46901"},{"taxonomy":"product_tag","embeddable":true,"href":"https:\/\/wydawnictwo.ug.edu.pl\/en\/wp-json\/wp\/v2\/product_tag?post=46901"}],"curies":[{"name":"wp","href":"https:\/\/api.w.org\/{rel}","templated":true}]}}