{"id":46900,"date":"2017-12-02T00:00:00","date_gmt":"2017-12-02T00:00:00","guid":{"rendered":"https:\/\/wydawnictwo.ug.edu.pl\/ksiegarnia-online\/uncategorized\/indywidualne-konta-emerytalne-prowadzone-przez-zaklady-ubezpieczen-efektywnosc-inwestycyjna-i-zasady-funkcjonowania\/"},"modified":"2026-02-11T15:53:04","modified_gmt":"2026-02-11T15:53:04","slug":"indywidualne-konta-emerytalne-prowadzone-przez-zaklady-ubezpieczen-efektywnosc-inwestycyjna-i-zasady-funkcjonowania","status":"publish","type":"product","link":"https:\/\/wydawnictwo.ug.edu.pl\/en\/ksiegarnia-online\/ekonomia\/indywidualne-konta-emerytalne-prowadzone-przez-zaklady-ubezpieczen-efektywnosc-inwestycyjna-i-zasady-funkcjonowania\/","title":{"rendered":"Indywidualne konta emerytalne prowadzone przez zak\u0142ady ubezpiecze\u0144. Efektywno\u015b\u0107 inwestycyjna i zasady funkcjonowania"},"content":{"rendered":"","protected":false},"excerpt":{"rendered":"<p>G\u0142\u00f3wnym celem ksi\u0105\u017cki jest ocena efektywno\u015bci inwestycyjnej indywidualnych kont emerytalnych (IKE) prowadzonych przez zak\u0142ady ubezpiecze\u0144\u00a0na \u017cycie. W opracowaniu podj\u0119to si\u0119 ponadto okre\u015blenia znaczenia IKE\u00a0prowadzonych przez zak\u0142ady ubezpiecze\u0144 w polskim systemie emerytalnym,\u00a0w szczeg\u00f3lno\u015bci na tle innych dobrowolnych form zabezpieczenia emerytalnego. Scharakteryzowano spos\u00f3b dzia\u0142ania IKE w zak\u0142adach ubezpiecze\u0144\u00a0z uwzgl\u0119dnieniem znaczenia oraz metod realizacji funkcji ochronnej\u00a0i oszcz\u0119dno\u015bciowej. Wykorzystuj\u0105c metody ekonometryczne, zidentyfikowano czynniki wp\u0142ywaj\u0105ce na wyniki inwestycyjne osi\u0105gane przez\u00a0zarz\u0105dzaj\u0105cych ubezpieczeniowymi funduszami kapita\u0142owymi. Ksi\u0105\u017cka\u00a0\u0142\u0105czy zatem tematyk\u0119 ubezpiecze\u0144 gospodarczych oraz spo\u0142ecznych\u00a0z zagadnieniem efektywno\u015bci inwestycyjnej wywodz\u0105cym si\u0119 z klasycznej\u00a0teorii portfela.<\/p>\n<p>G\u0142\u00f3wnymi adresatami opracowania s\u0105 osoby, kt\u00f3re wykorzystuj\u0105\u00a0lub zamierzaj\u0105 wykorzystywa\u0107 dodatkowe formy zabezpieczenia emerytalnego, a w szczeg\u00f3lno\u015bci IKE. Praca skierowana jest tak\u017ce do wszystkich os\u00f3b\u00a0zainteresowanych rynkiem emerytalnym w Polsce, mi\u0119dzy innymi\u00a0ekspert\u00f3w oraz pracownik\u00f3w publicznych i prywatnych instytucji\u00a0zwi\u0105zanych z problematyk\u0105 zabezpieczenia emerytalnego.<\/p>\n","protected":false},"featured_media":14882,"template":"","meta":{"_acf_changed":false},"journal":[],"rodzaj":[],"seria":[],"product_brand":[],"product_cat":[6934],"product_tag":[8203],"class_list":{"0":"post-46900","1":"product","2":"type-product","3":"status-publish","4":"has-post-thumbnail","6":"product_cat-ekonomia","7":"product_tag-lukasz-dopieralalukasz-dopierala","9":"first","10":"outofstock","11":"taxable","12":"shipping-taxable","13":"product-type-simple"},"acf":[],"_links":{"self":[{"href":"https:\/\/wydawnictwo.ug.edu.pl\/en\/wp-json\/wp\/v2\/product\/46900","targetHints":{"allow":["GET"]}}],"collection":[{"href":"https:\/\/wydawnictwo.ug.edu.pl\/en\/wp-json\/wp\/v2\/product"}],"about":[{"href":"https:\/\/wydawnictwo.ug.edu.pl\/en\/wp-json\/wp\/v2\/types\/product"}],"wp:featuredmedia":[{"embeddable":true,"href":"https:\/\/wydawnictwo.ug.edu.pl\/en\/wp-json\/wp\/v2\/media\/14882"}],"wp:attachment":[{"href":"https:\/\/wydawnictwo.ug.edu.pl\/en\/wp-json\/wp\/v2\/media?parent=46900"}],"wp:term":[{"taxonomy":"journal","embeddable":true,"href":"https:\/\/wydawnictwo.ug.edu.pl\/en\/wp-json\/wp\/v2\/journal?post=46900"},{"taxonomy":"rodzaj","embeddable":true,"href":"https:\/\/wydawnictwo.ug.edu.pl\/en\/wp-json\/wp\/v2\/rodzaj?post=46900"},{"taxonomy":"seria","embeddable":true,"href":"https:\/\/wydawnictwo.ug.edu.pl\/en\/wp-json\/wp\/v2\/seria?post=46900"},{"taxonomy":"product_brand","embeddable":true,"href":"https:\/\/wydawnictwo.ug.edu.pl\/en\/wp-json\/wp\/v2\/product_brand?post=46900"},{"taxonomy":"product_cat","embeddable":true,"href":"https:\/\/wydawnictwo.ug.edu.pl\/en\/wp-json\/wp\/v2\/product_cat?post=46900"},{"taxonomy":"product_tag","embeddable":true,"href":"https:\/\/wydawnictwo.ug.edu.pl\/en\/wp-json\/wp\/v2\/product_tag?post=46900"}],"curies":[{"name":"wp","href":"https:\/\/api.w.org\/{rel}","templated":true}]}}