{"id":46897,"date":"2017-12-02T00:00:00","date_gmt":"2017-12-02T00:00:00","guid":{"rendered":"https:\/\/wydawnictwo.ug.edu.pl\/ksiegarnia-online\/uncategorized\/biblia-w-utworze-jana-kasprowicza-chrystus-poemat-spoleczno-religijny\/"},"modified":"2026-02-11T15:54:51","modified_gmt":"2026-02-11T15:54:51","slug":"biblia-w-utworze-jana-kasprowicza-chrystus-poemat-spoleczno-religijny","status":"publish","type":"product","link":"https:\/\/wydawnictwo.ug.edu.pl\/en\/ksiegarnia-online\/literaturoznawstwo\/biblia-w-utworze-jana-kasprowicza-chrystus-poemat-spoleczno-religijny\/","title":{"rendered":"Biblia w utworze Jana Kasprowicza \u201eChrystus \u2013 poemat spo\u0142eczno-religijny\u201d"},"content":{"rendered":"","protected":false},"excerpt":{"rendered":"<p>Publikacja jest efektem prowadzonych przez jej autora od kilkunastu lat bada\u0144 nad obecno\u015bci\u0105 Biblii w literaturze polskiej. Po raz pierwszy, wykorzystuj\u0105c instrumentarium interdyscyplinarne, poemat Kasprowicza\u00a0<em>Chrystus<\/em>\u2026 zosta\u0142 gruntownie przeanalizowany pod k\u0105tem jego biblijno\u015bci. Zosta\u0142y tu przedstawione, przeanalizowane i zinterpretowane wszystkie w\u0105tki biblijne w przedmiotowym utworze. Niniejsze opracowanie daje szczeg\u00f3\u0142ow\u0105 wiedz\u0119 na temat recepcji Biblii (g\u0142\u00f3wnie\u00a0<em>Ewangelii<\/em>\u00a0kanonicznych) w utworze tego wybitnego pisarza polskiego.<\/p>\n","protected":false},"featured_media":14985,"template":"","meta":{"_acf_changed":false},"journal":[],"rodzaj":[7074],"seria":[],"product_brand":[],"product_cat":[6925],"product_tag":[7523],"class_list":{"0":"post-46897","1":"product","2":"type-product","3":"status-publish","4":"has-post-thumbnail","6":"rodzaj-ksiazki","7":"product_cat-literaturoznawstwo","8":"product_tag-edward-jakieledward-jakiel","10":"first","11":"outofstock","12":"taxable","13":"shipping-taxable","14":"product-type-simple"},"acf":[],"_links":{"self":[{"href":"https:\/\/wydawnictwo.ug.edu.pl\/en\/wp-json\/wp\/v2\/product\/46897","targetHints":{"allow":["GET"]}}],"collection":[{"href":"https:\/\/wydawnictwo.ug.edu.pl\/en\/wp-json\/wp\/v2\/product"}],"about":[{"href":"https:\/\/wydawnictwo.ug.edu.pl\/en\/wp-json\/wp\/v2\/types\/product"}],"wp:featuredmedia":[{"embeddable":true,"href":"https:\/\/wydawnictwo.ug.edu.pl\/en\/wp-json\/wp\/v2\/media\/14985"}],"wp:attachment":[{"href":"https:\/\/wydawnictwo.ug.edu.pl\/en\/wp-json\/wp\/v2\/media?parent=46897"}],"wp:term":[{"taxonomy":"journal","embeddable":true,"href":"https:\/\/wydawnictwo.ug.edu.pl\/en\/wp-json\/wp\/v2\/journal?post=46897"},{"taxonomy":"rodzaj","embeddable":true,"href":"https:\/\/wydawnictwo.ug.edu.pl\/en\/wp-json\/wp\/v2\/rodzaj?post=46897"},{"taxonomy":"seria","embeddable":true,"href":"https:\/\/wydawnictwo.ug.edu.pl\/en\/wp-json\/wp\/v2\/seria?post=46897"},{"taxonomy":"product_brand","embeddable":true,"href":"https:\/\/wydawnictwo.ug.edu.pl\/en\/wp-json\/wp\/v2\/product_brand?post=46897"},{"taxonomy":"product_cat","embeddable":true,"href":"https:\/\/wydawnictwo.ug.edu.pl\/en\/wp-json\/wp\/v2\/product_cat?post=46897"},{"taxonomy":"product_tag","embeddable":true,"href":"https:\/\/wydawnictwo.ug.edu.pl\/en\/wp-json\/wp\/v2\/product_tag?post=46897"}],"curies":[{"name":"wp","href":"https:\/\/api.w.org\/{rel}","templated":true}]}}