{"id":46892,"date":"2017-12-02T00:00:00","date_gmt":"2017-12-02T00:00:00","guid":{"rendered":"https:\/\/wydawnictwo.ug.edu.pl\/ksiegarnia-online\/uncategorized\/slownik-sloganow-reklamujacych-polskie-marki-terytorialne-tom-1-polska-i-wojewodztwa\/"},"modified":"2026-02-11T15:53:15","modified_gmt":"2026-02-11T15:53:15","slug":"slownik-sloganow-reklamujacych-polskie-marki-terytorialne-tom-1-polska-i-wojewodztwa","status":"publish","type":"product","link":"https:\/\/wydawnictwo.ug.edu.pl\/en\/ksiegarnia-online\/jezykoznawstwo\/slownik-sloganow-reklamujacych-polskie-marki-terytorialne-tom-1-polska-i-wojewodztwa\/","title":{"rendered":"S\u0142ownik slogan\u00f3w reklamuj\u0105cych polskie marki terytorialne. Tom 1. Polska i wojew\u00f3dztwa"},"content":{"rendered":"","protected":false},"excerpt":{"rendered":"<p>Slogany reklamowe bywaj\u0105 opisywane jako najprostsze i najbardziej\u00a0skuteczne komunikaty, za pomoc\u0105 kt\u00f3rych nak\u0142ania si\u0119 do kupna czego\u015b,\u00a0co ani nie jest dobre, ani potrzebne, ani w og\u00f3le takie, jakie wed\u0142ug\u00a0sloganu mia\u0142oby by\u0107 Mimo to o sloganach m\u00f3wi si\u0119 du\u017co, zar\u00f3wno\u00a0o tych nijakich, szablonowych lub zaskakuj\u0105cych absurdem, nietrafionych\u00a0albo irytuj\u0105cych, jak i o tych wywo\u0142uj\u0105cych najg\u0142\u0119bsze emocje, wzruszaj\u0105cych i dziwnym sposobem anga\u017cuj\u0105cych odbiorc\u0119, a tak\u017ce o tych\u00a0dobrych nieoczekiwanie &#8211; \u015bmiesznie niem\u0105drych albo intryguj\u0105co banalnych. Wok\u00f3\u0142 hase\u0142 reklamowych kr\u0105\u017c\u0105 pewne legendy: o tajemniczych\u00a0przyczynach zawrotnej kariery jednych i o bezwzgl\u0119dnym fiasku innych, o\u00a0rywalizacji w sposobach dotarcia do adresat\u00f3w czy o rekordowych\u00a0honorariach dla ich autor\u00f3w.<\/p>\n<p>Pierwszy tom\u00a0<em>S\u0142ownika slogan\u00f3w reklamuj\u0105cych polskie marki teryto<\/em><em>rialne<\/em>\u00a0to pr\u00f3ba inwentaryzacji i opisu hase\u0142, kt\u00f3re reklamowa\u0142y Polsk\u0119\u00a0i le\u017c\u0105ce w jej obr\u0119bie wojew\u00f3dztwa od 1991 do ko\u0144ca 2016 roku. Ich\u00a0zbi\u00f3r stanowi ciekawy dokument epoki, w jakiej powsta\u0142y. Ich opis jest\u00a0dowodem na nieograniczone mo\u017cliwo\u015bci perswazyjnego wykorzystania\u00a0j\u0119zyka i &#8211; niekiedy &#8211; na ograniczon\u0105 \u015bwiadomo\u015b\u0107 \u015brodk\u00f3w j\u0119zykowych\u00a0u ich nadawcy.<\/p>\n","protected":false},"featured_media":14855,"template":"","meta":{"_acf_changed":false},"journal":[],"rodzaj":[7074],"seria":[],"product_brand":[],"product_cat":[6924],"product_tag":[7755],"class_list":{"0":"post-46892","1":"product","2":"type-product","3":"status-publish","4":"has-post-thumbnail","6":"rodzaj-ksiazki","7":"product_cat-jezykoznawstwo","8":"product_tag-beata-jedrzejczakbeata-jedrzejczak","10":"first","11":"outofstock","12":"taxable","13":"shipping-taxable","14":"product-type-simple"},"acf":[],"_links":{"self":[{"href":"https:\/\/wydawnictwo.ug.edu.pl\/en\/wp-json\/wp\/v2\/product\/46892","targetHints":{"allow":["GET"]}}],"collection":[{"href":"https:\/\/wydawnictwo.ug.edu.pl\/en\/wp-json\/wp\/v2\/product"}],"about":[{"href":"https:\/\/wydawnictwo.ug.edu.pl\/en\/wp-json\/wp\/v2\/types\/product"}],"wp:featuredmedia":[{"embeddable":true,"href":"https:\/\/wydawnictwo.ug.edu.pl\/en\/wp-json\/wp\/v2\/media\/14855"}],"wp:attachment":[{"href":"https:\/\/wydawnictwo.ug.edu.pl\/en\/wp-json\/wp\/v2\/media?parent=46892"}],"wp:term":[{"taxonomy":"journal","embeddable":true,"href":"https:\/\/wydawnictwo.ug.edu.pl\/en\/wp-json\/wp\/v2\/journal?post=46892"},{"taxonomy":"rodzaj","embeddable":true,"href":"https:\/\/wydawnictwo.ug.edu.pl\/en\/wp-json\/wp\/v2\/rodzaj?post=46892"},{"taxonomy":"seria","embeddable":true,"href":"https:\/\/wydawnictwo.ug.edu.pl\/en\/wp-json\/wp\/v2\/seria?post=46892"},{"taxonomy":"product_brand","embeddable":true,"href":"https:\/\/wydawnictwo.ug.edu.pl\/en\/wp-json\/wp\/v2\/product_brand?post=46892"},{"taxonomy":"product_cat","embeddable":true,"href":"https:\/\/wydawnictwo.ug.edu.pl\/en\/wp-json\/wp\/v2\/product_cat?post=46892"},{"taxonomy":"product_tag","embeddable":true,"href":"https:\/\/wydawnictwo.ug.edu.pl\/en\/wp-json\/wp\/v2\/product_tag?post=46892"}],"curies":[{"name":"wp","href":"https:\/\/api.w.org\/{rel}","templated":true}]}}