{"id":46891,"date":"2017-12-30T00:00:00","date_gmt":"2017-12-30T00:00:00","guid":{"rendered":"https:\/\/wydawnictwo.ug.edu.pl\/ksiegarnia-online\/uncategorized\/czytanie-i-pisanie-metodyka-zajec-korekcyjno-wychowawczych\/"},"modified":"2026-02-11T15:48:45","modified_gmt":"2026-02-11T15:48:45","slug":"czytanie-i-pisanie-metodyka-zajec-korekcyjno-wychowawczych","status":"publish","type":"product","link":"https:\/\/wydawnictwo.ug.edu.pl\/en\/ksiegarnia-online\/pedagogika-i-psychologia\/czytanie-i-pisanie-metodyka-zajec-korekcyjno-wychowawczych\/","title":{"rendered":"Czytanie i pisanie. Metodyka zaj\u0119\u0107 korekcyjno-wyr\u00f3wnawczych"},"content":{"rendered":"","protected":false},"excerpt":{"rendered":"<p>Przez wiele lat prowadzi\u0142am zaj\u0119cia korekcyjno-wyr\u00f3wnawcze z dzie\u0107mi nie\u015bwiadoma istnienia zasad, kt\u00f3re zosta\u0142y tu uj\u0119te w sze\u015b\u0107 punkt\u00f3w. Stara\u0142am si\u0119 realizowa\u0107 je intuicyjnie. Opracowuj\u0105c wyk\u0142ady dla student\u00f3w filologii polskiej, dotar\u0142am do literatury z zakresu metodyki zaj\u0119\u0107 korekcyjno-wyr\u00f3wnawczych i przyjrza\u0142am si\u0119 teorii. Dzisiaj wiem, \u017ce rola intuicji w nauczaniu, cho\u0107 niemierzalna przy u\u017cyciu narz\u0119dzi naukowych, jest wa\u017cna, lecz na pewno nie jest najwa\u017cniejsza. Je\u017celi nasze dzia\u0142ania maj\u0105 mie\u0107 naukowy charakter b\u0105d\u017a do metod naukowej oceny zjawisk si\u0119 odwo\u0142ywa\u0107, jak ma to miejsce w dydaktyce przedmiotowej, powinni\u015bmy dzia\u0142ania intuicyjne stara\u0107 si\u0119 wielokrotnie konfrontowa\u0107 z naukowym zapleczem interesuj\u0105cej nas dziedziny. Jest to szczeg\u00f3lnie wa\u017cne dla tych nauczycieli, kt\u00f3rzy wynikami swoich do\u015bwiadcze\u0144 pragn\u0105 dzieli\u0107 si\u0119 z innymi nauczycielami, a przy tym unikn\u0105\u0107 wywa\u017cania otwartych drzwi, czyli odkrywania prawd, kt\u00f3re dawno ju\u017c zosta\u0142y odkryte.<\/p>\n<p><em>Ma\u0142gorzata Roc\u0142awska-Daniluk<\/em><\/p>\n","protected":false},"featured_media":15316,"template":"","meta":{"_acf_changed":false},"journal":[],"rodzaj":[2602],"seria":[],"product_brand":[],"product_cat":[271],"product_tag":[478],"class_list":{"0":"post-46891","1":"product","2":"type-product","3":"status-publish","4":"has-post-thumbnail","6":"rodzaj-ksiazki","7":"product_cat-pedagogika-i-psychologia","8":"product_tag-malgorzata-roclawska-daniluk","10":"first","11":"instock","12":"taxable","13":"shipping-taxable","14":"purchasable","15":"product-type-simple"},"acf":[],"_links":{"self":[{"href":"https:\/\/wydawnictwo.ug.edu.pl\/en\/wp-json\/wp\/v2\/product\/46891","targetHints":{"allow":["GET"]}}],"collection":[{"href":"https:\/\/wydawnictwo.ug.edu.pl\/en\/wp-json\/wp\/v2\/product"}],"about":[{"href":"https:\/\/wydawnictwo.ug.edu.pl\/en\/wp-json\/wp\/v2\/types\/product"}],"wp:featuredmedia":[{"embeddable":true,"href":"https:\/\/wydawnictwo.ug.edu.pl\/en\/wp-json\/wp\/v2\/media\/15316"}],"wp:attachment":[{"href":"https:\/\/wydawnictwo.ug.edu.pl\/en\/wp-json\/wp\/v2\/media?parent=46891"}],"wp:term":[{"taxonomy":"journal","embeddable":true,"href":"https:\/\/wydawnictwo.ug.edu.pl\/en\/wp-json\/wp\/v2\/journal?post=46891"},{"taxonomy":"rodzaj","embeddable":true,"href":"https:\/\/wydawnictwo.ug.edu.pl\/en\/wp-json\/wp\/v2\/rodzaj?post=46891"},{"taxonomy":"seria","embeddable":true,"href":"https:\/\/wydawnictwo.ug.edu.pl\/en\/wp-json\/wp\/v2\/seria?post=46891"},{"taxonomy":"product_brand","embeddable":true,"href":"https:\/\/wydawnictwo.ug.edu.pl\/en\/wp-json\/wp\/v2\/product_brand?post=46891"},{"taxonomy":"product_cat","embeddable":true,"href":"https:\/\/wydawnictwo.ug.edu.pl\/en\/wp-json\/wp\/v2\/product_cat?post=46891"},{"taxonomy":"product_tag","embeddable":true,"href":"https:\/\/wydawnictwo.ug.edu.pl\/en\/wp-json\/wp\/v2\/product_tag?post=46891"}],"curies":[{"name":"wp","href":"https:\/\/api.w.org\/{rel}","templated":true}]}}