{"id":46887,"date":"2017-12-31T01:00:00","date_gmt":"2017-12-31T01:00:00","guid":{"rendered":"https:\/\/wydawnictwo.ug.edu.pl\/ksiegarnia-online\/uncategorized\/mechanika-kwantowa\/"},"modified":"2026-02-11T15:48:51","modified_gmt":"2026-02-11T15:48:51","slug":"mechanika-kwantowa","status":"publish","type":"product","link":"https:\/\/wydawnictwo.ug.edu.pl\/en\/ksiegarnia-online\/matematyka-i-informatyka\/mechanika-kwantowa\/","title":{"rendered":"Mechanika kwantowa"},"content":{"rendered":"","protected":false},"excerpt":{"rendered":"<p>Jest to podr\u0119cznik dla student\u00f3w, kt\u00f3rzy (na powa\u017cnie) rozpoczynaj\u0105 studiowa\u0107 mechanik\u0119 kwantow\u0105. Zasadniczym celem autora by\u0142o intuicyjne i\u00a0przejrzyste poprowadzenie wyk\u0142adu. Liczne trudno\u015bci matematyczne s\u0105 szczeg\u00f3\u0142owo om\u00f3wione \u2013 co odci\u0105\u017ca osob\u0119 studiuj\u0105c\u0105 i u\u0142atwia jej skupienie si\u0119 na meritum fizycznym. Dob\u00f3r i zakres materia\u0142u s\u0105 czysto autorskie, lecz odpowiadaj\u0105 typowemu kursowi uniwersyteckiemu na trzecim roku studi\u00f3w fizyki.<\/p>\n","protected":false},"featured_media":14940,"template":"","meta":{"_acf_changed":false},"journal":[],"rodzaj":[7330],"seria":[],"product_brand":[],"product_cat":[7309],"product_tag":[8199],"class_list":{"0":"post-46887","1":"product","2":"type-product","3":"status-publish","4":"has-post-thumbnail","6":"rodzaj-schoolbook","7":"product_cat-matematyka-i-informatyka","8":"product_tag-stanislaw-kryszewskistanislaw-kryszewski","10":"first","11":"instock","12":"taxable","13":"shipping-taxable","14":"purchasable","15":"product-type-simple"},"acf":[],"_links":{"self":[{"href":"https:\/\/wydawnictwo.ug.edu.pl\/en\/wp-json\/wp\/v2\/product\/46887","targetHints":{"allow":["GET"]}}],"collection":[{"href":"https:\/\/wydawnictwo.ug.edu.pl\/en\/wp-json\/wp\/v2\/product"}],"about":[{"href":"https:\/\/wydawnictwo.ug.edu.pl\/en\/wp-json\/wp\/v2\/types\/product"}],"wp:featuredmedia":[{"embeddable":true,"href":"https:\/\/wydawnictwo.ug.edu.pl\/en\/wp-json\/wp\/v2\/media\/14940"}],"wp:attachment":[{"href":"https:\/\/wydawnictwo.ug.edu.pl\/en\/wp-json\/wp\/v2\/media?parent=46887"}],"wp:term":[{"taxonomy":"journal","embeddable":true,"href":"https:\/\/wydawnictwo.ug.edu.pl\/en\/wp-json\/wp\/v2\/journal?post=46887"},{"taxonomy":"rodzaj","embeddable":true,"href":"https:\/\/wydawnictwo.ug.edu.pl\/en\/wp-json\/wp\/v2\/rodzaj?post=46887"},{"taxonomy":"seria","embeddable":true,"href":"https:\/\/wydawnictwo.ug.edu.pl\/en\/wp-json\/wp\/v2\/seria?post=46887"},{"taxonomy":"product_brand","embeddable":true,"href":"https:\/\/wydawnictwo.ug.edu.pl\/en\/wp-json\/wp\/v2\/product_brand?post=46887"},{"taxonomy":"product_cat","embeddable":true,"href":"https:\/\/wydawnictwo.ug.edu.pl\/en\/wp-json\/wp\/v2\/product_cat?post=46887"},{"taxonomy":"product_tag","embeddable":true,"href":"https:\/\/wydawnictwo.ug.edu.pl\/en\/wp-json\/wp\/v2\/product_tag?post=46887"}],"curies":[{"name":"wp","href":"https:\/\/api.w.org\/{rel}","templated":true}]}}