{"id":46874,"date":"2018-12-30T00:00:00","date_gmt":"2018-12-30T00:00:00","guid":{"rendered":"https:\/\/wydawnictwo.ug.edu.pl\/ksiegarnia-online\/uncategorized\/umowy-w-dzialalnosci-muzeow-prawo-cywilne-prawo-autorskie\/"},"modified":"2026-03-10T07:59:01","modified_gmt":"2026-03-10T07:59:01","slug":"umowy-w-dzialalnosci-muzeow-prawo-cywilne-prawo-autorskie","status":"publish","type":"product","link":"https:\/\/wydawnictwo.ug.edu.pl\/en\/ksiegarnia-online\/prawo-i-administracja\/umowy-w-dzialalnosci-muzeow-prawo-cywilne-prawo-autorskie\/","title":{"rendered":"Umowy w dzia\u0142alno\u015bci muze\u00f3w. Prawo cywilne. Prawo autorskie"},"content":{"rendered":"","protected":false},"excerpt":{"rendered":"<p>Ksi\u0105\u017cka autorstwa Iwony Gredki-Ligarskiej, Pauliny Gwo\u017adziewicz-Matan i Wojciecha Kowalskiego \u201ejest po\u015bwi\u0119cona analizie um\u00f3w prawa prywatnego zawieranych przez muzea. Autorzy publikacji postawili sobie za cel odpowied\u017a na pytanie, w jaki spos\u00f3b powinna by\u0107 kszta\u0142towana tre\u015b\u0107 um\u00f3w cywilnoprawnych zawieranych przez muzea, by mog\u0142y one stanowi\u0107 jednocze\u015bnie skuteczne narz\u0119dzie ochrony dziedzictwa kultury. Zagadnienie to nie by\u0142o przedmiotem kompleksowej analizy w literaturze i w tym sensie ksi\u0105\u017cka ma charakter prekursorski. Zastosowany w pracy klucz doboru um\u00f3w opiera si\u0119 na misji i zadaniach muze\u00f3w. (\u2026) Publikacja skierowana jest przede wszystkim do muzealnik\u00f3w, os\u00f3b zwi\u0105zanych z funkcjonowaniem innych instytucji kultury, jak r\u00f3wnie\u017c do za\u0142o\u017cycieli muze\u00f3w prywatnych. Dzi\u0119ki szczeg\u00f3\u0142owym rozwa\u017caniom dotycz\u0105cym optymalnego ukszta\u0142towania tre\u015bci stosunk\u00f3w prawnych nawi\u0105zywanych przez muzea ksi\u0105\u017cka stanowi pozycj\u0119 bardzo warto\u015bciow\u0105 i pomocn\u0105 dla prawnik\u00f3w praktyk\u00f3w zwi\u0105zanych z funkcjonowaniem instytucji kultury\u201d.<\/p>\n<p><em>Z recenzji prof. Wojciecha Popio\u0142ka<\/em><\/p>\n<p><strong>Ksi\u0105\u017cka opublikowana przy wsparciu Narodowego Instytutu Muzealnictwa i Ochrony Zbior\u00f3w.<\/strong><\/p>\n<p><img decoding=\"async\" src=\"https:\/\/wyd.ug.edu.pl\/sites\/default\/files\/styles\/square_thumbnail\/public\/_nodes\/strona-wydawnictwo\/80830\/images\/nimoz_logo_kolor_1_beztla.png?itok=S4kz8NuD\" alt=\"Logo NIMOZ\" \/><\/p>\n","protected":false},"featured_media":15831,"template":"","meta":{"_acf_changed":false},"journal":[],"rodzaj":[7074],"seria":[],"product_brand":[],"product_cat":[6932],"product_tag":[8344,8339,8193],"class_list":{"0":"post-46874","1":"product","2":"type-product","3":"status-publish","4":"has-post-thumbnail","6":"rodzaj-ksiazki","7":"product_cat-prawo-i-administracja","8":"product_tag-iwona-gredka-ligarska","9":"product_tag-paulina-gwozdziewicz-matan","10":"product_tag-wojciech-w-kowalski","11":"pa_rok-wydania-2019-en","13":"first","14":"instock","15":"taxable","16":"shipping-taxable","17":"purchasable","18":"product-type-simple"},"acf":[],"_links":{"self":[{"href":"https:\/\/wydawnictwo.ug.edu.pl\/en\/wp-json\/wp\/v2\/product\/46874","targetHints":{"allow":["GET"]}}],"collection":[{"href":"https:\/\/wydawnictwo.ug.edu.pl\/en\/wp-json\/wp\/v2\/product"}],"about":[{"href":"https:\/\/wydawnictwo.ug.edu.pl\/en\/wp-json\/wp\/v2\/types\/product"}],"wp:featuredmedia":[{"embeddable":true,"href":"https:\/\/wydawnictwo.ug.edu.pl\/en\/wp-json\/wp\/v2\/media\/15831"}],"wp:attachment":[{"href":"https:\/\/wydawnictwo.ug.edu.pl\/en\/wp-json\/wp\/v2\/media?parent=46874"}],"wp:term":[{"taxonomy":"journal","embeddable":true,"href":"https:\/\/wydawnictwo.ug.edu.pl\/en\/wp-json\/wp\/v2\/journal?post=46874"},{"taxonomy":"rodzaj","embeddable":true,"href":"https:\/\/wydawnictwo.ug.edu.pl\/en\/wp-json\/wp\/v2\/rodzaj?post=46874"},{"taxonomy":"seria","embeddable":true,"href":"https:\/\/wydawnictwo.ug.edu.pl\/en\/wp-json\/wp\/v2\/seria?post=46874"},{"taxonomy":"product_brand","embeddable":true,"href":"https:\/\/wydawnictwo.ug.edu.pl\/en\/wp-json\/wp\/v2\/product_brand?post=46874"},{"taxonomy":"product_cat","embeddable":true,"href":"https:\/\/wydawnictwo.ug.edu.pl\/en\/wp-json\/wp\/v2\/product_cat?post=46874"},{"taxonomy":"product_tag","embeddable":true,"href":"https:\/\/wydawnictwo.ug.edu.pl\/en\/wp-json\/wp\/v2\/product_tag?post=46874"}],"curies":[{"name":"wp","href":"https:\/\/api.w.org\/{rel}","templated":true}]}}