{"id":46871,"date":"2018-11-30T00:00:00","date_gmt":"2018-11-30T00:00:00","guid":{"rendered":"https:\/\/wydawnictwo.ug.edu.pl\/ksiegarnia-online\/uncategorized\/kot-pies-czlowiek-o-relacjach-miedzygatunkowych-i-kulturowych-tego-konsekwencjach\/"},"modified":"2026-02-11T15:43:43","modified_gmt":"2026-02-11T15:43:43","slug":"kot-pies-czlowiek-o-relacjach-miedzygatunkowych-i-kulturowych-tego-konsekwencjach","status":"publish","type":"product","link":"https:\/\/wydawnictwo.ug.edu.pl\/en\/ksiegarnia-online\/historia\/kot-pies-czlowiek-o-relacjach-miedzygatunkowych-i-kulturowych-tego-konsekwencjach\/","title":{"rendered":"Kot\/pies\/cz\u0142owiek. O relacjach mi\u0119dzygatunkowych i kulturowych tego konsekwencjach"},"content":{"rendered":"","protected":false},"excerpt":{"rendered":"<p>Wsp\u00f3\u0142praca: Wiktoria Blacharska<\/p>\n<p>Prezentowana ksi\u0105\u017cka jest wielow\u0105tkowa. To podr\u00f3\u017c po r\u00f3\u017cnych cz\u0119\u015bciach naszego globu (od \u201ekociej\u201d dzielnicy Port Miejski we Wroc\u0142awiu, przez pok\u0142ady statk\u00f3w i okr\u0119t\u00f3w, a\u017c po odleg\u0142e geograficznie Japoni\u0119 czy Ameryk\u0119), r\u00f3\u017cnorodnych przestrzeniach, w kt\u00f3rych obserwowane i analizowane s\u0105 relacje mi\u0119dzygatunkowe: w wi\u0119zieniach i schroniskach dla zwierz\u0105t, muzeach, dzielnicach portowych i domach, na kartach ksi\u0105\u017cek\u00a0 i fotografiach, wreszcie w narracjach opiekun\u00f3w, karmicieli i wielbicieli. W tym bardziej metaforycznym sensie r\u00f3wnie\u017c w \u015bwiecie mit\u00f3w i wierze\u0144, w \u015bwiecie literatury, filozofii.<\/p>\n","protected":false},"featured_media":17350,"template":"","meta":{"_acf_changed":false},"journal":[],"rodzaj":[7074],"seria":[],"product_brand":[],"product_cat":[6958],"product_tag":[8190,7402],"class_list":{"0":"post-46871","1":"product","2":"type-product","3":"status-publish","4":"has-post-thumbnail","6":"rodzaj-ksiazki","7":"product_cat-historia","8":"product_tag-katarzyna-linda-grycza","9":"product_tag-tarzycjusz-bulinskitarzycjusz-bulinski","11":"first","12":"outofstock","13":"taxable","14":"shipping-taxable","15":"product-type-simple"},"acf":[],"_links":{"self":[{"href":"https:\/\/wydawnictwo.ug.edu.pl\/en\/wp-json\/wp\/v2\/product\/46871","targetHints":{"allow":["GET"]}}],"collection":[{"href":"https:\/\/wydawnictwo.ug.edu.pl\/en\/wp-json\/wp\/v2\/product"}],"about":[{"href":"https:\/\/wydawnictwo.ug.edu.pl\/en\/wp-json\/wp\/v2\/types\/product"}],"wp:featuredmedia":[{"embeddable":true,"href":"https:\/\/wydawnictwo.ug.edu.pl\/en\/wp-json\/wp\/v2\/media\/17350"}],"wp:attachment":[{"href":"https:\/\/wydawnictwo.ug.edu.pl\/en\/wp-json\/wp\/v2\/media?parent=46871"}],"wp:term":[{"taxonomy":"journal","embeddable":true,"href":"https:\/\/wydawnictwo.ug.edu.pl\/en\/wp-json\/wp\/v2\/journal?post=46871"},{"taxonomy":"rodzaj","embeddable":true,"href":"https:\/\/wydawnictwo.ug.edu.pl\/en\/wp-json\/wp\/v2\/rodzaj?post=46871"},{"taxonomy":"seria","embeddable":true,"href":"https:\/\/wydawnictwo.ug.edu.pl\/en\/wp-json\/wp\/v2\/seria?post=46871"},{"taxonomy":"product_brand","embeddable":true,"href":"https:\/\/wydawnictwo.ug.edu.pl\/en\/wp-json\/wp\/v2\/product_brand?post=46871"},{"taxonomy":"product_cat","embeddable":true,"href":"https:\/\/wydawnictwo.ug.edu.pl\/en\/wp-json\/wp\/v2\/product_cat?post=46871"},{"taxonomy":"product_tag","embeddable":true,"href":"https:\/\/wydawnictwo.ug.edu.pl\/en\/wp-json\/wp\/v2\/product_tag?post=46871"}],"curies":[{"name":"wp","href":"https:\/\/api.w.org\/{rel}","templated":true}]}}