{"id":46870,"date":"2018-11-30T00:00:00","date_gmt":"2018-11-30T00:00:00","guid":{"rendered":"https:\/\/wydawnictwo.ug.edu.pl\/ksiegarnia-online\/uncategorized\/postepowanie-odwolawcze-w-ogolnym-postepowaniu-administracyjnym-tom-ii\/"},"modified":"2026-02-11T15:45:23","modified_gmt":"2026-02-11T15:45:23","slug":"postepowanie-odwolawcze-w-ogolnym-postepowaniu-administracyjnym-tom-ii","status":"publish","type":"product","link":"https:\/\/wydawnictwo.ug.edu.pl\/en\/ksiegarnia-online\/prawo-i-administracja\/postepowanie-odwolawcze-w-ogolnym-postepowaniu-administracyjnym-tom-ii\/","title":{"rendered":"Post\u0119powanie odwo\u0142awcze w og\u00f3lnym post\u0119powaniu administracyjnym. Tom II"},"content":{"rendered":"","protected":false},"excerpt":{"rendered":"<p>Przedmiotem ksi\u0105\u017cki jest post\u0119powanie odwo\u0142awcze w og\u00f3lnym post\u0119powaniu administracyjnym. Wag\u0119 odwo\u0142ania i \u2013 b\u0119d\u0105cego jego wynikiem \u2013 post\u0119powania odwo\u0142awczego trudno przeceni\u0107. Wszak to odwo\u0142anie jest \u015brodkiem prawnym, kt\u00f3ry w procedurze administracyjnej strona stosuje najcz\u0119\u015bciej i za pomoc\u0105 kt\u00f3rego zmierza do uchylenia lub zmiany niekorzystnej dla niej decyzji organu I instancji. W ksi\u0105\u017cce, z wykorzystaniem obszernego dorobku doktryny i judykatury, om\u00f3wiono w\u0119z\u0142owe zagadnienia sk\u0142adaj\u0105ce si\u0119 na problematyk\u0119 odwo\u0142ania i post\u0119powania odwo\u0142awczego w polskim og\u00f3lnym post\u0119powaniu administracyjnym, tak\u017ce te zagadnienia, kt\u00f3re s\u0105 wynikiem obszernej nowelizacji Kodeksu post\u0119powania administracyjnego z 2017 r. Przedmiotem rozwa\u017ca\u0144 jest konstrukcja prawna odwo\u0142ania, przebieg post\u0119powania odwo\u0142awczego i decyzje ko\u0144cz\u0105ce post\u0119powanie odwo\u0142awcze. Ca\u0142o\u015b\u0107 obrazu dope\u0142niaj\u0105 rozdzia\u0142y ksi\u0105\u017cki po\u015bwi\u0119cone wnioskowi o ponowne rozpatrzenie sprawy, op\u0142atom i kosztom post\u0119powania odwo\u0142awczego oraz zakresowi zastosowania przepis\u00f3w o post\u0119powaniu odwo\u0142awczym w post\u0119powaniu za\u017caleniowym.<\/p>\n<p>Ksi\u0105\u017cka ma charakter uniwersalny i jest skierowana do os\u00f3b zajmuj\u0105cych si\u0119 lub zainteresowanych problematyk\u0105 stosowania przepis\u00f3w o post\u0119powaniu odwo\u0142awczym w og\u00f3lnym post\u0119powaniu administracyjnym. Ksi\u0105\u017cka mo\u017ce zainteresowa\u0107: pracownik\u00f3w organ\u00f3w administracji publicznej (w szczeg\u00f3lno\u015bci tych, kt\u00f3rzy orzekaj\u0105 w instancjach odwo\u0142awczych), osoby wykonuj\u0105ce zawody prawnicze, przedstawicieli nauki prawa, a tak\u017ce student\u00f3w.<\/p>\n","protected":false},"featured_media":17513,"template":"","meta":{"_acf_changed":false},"journal":[],"rodzaj":[],"seria":[],"product_brand":[],"product_cat":[6932],"product_tag":[],"class_list":{"0":"post-46870","1":"product","2":"type-product","3":"status-publish","4":"has-post-thumbnail","6":"product_cat-prawo-i-administracja","7":"pa_rok-wydania-2019-en","9":"first","10":"outofstock","11":"taxable","12":"shipping-taxable","13":"purchasable","14":"product-type-simple"},"acf":[],"_links":{"self":[{"href":"https:\/\/wydawnictwo.ug.edu.pl\/en\/wp-json\/wp\/v2\/product\/46870","targetHints":{"allow":["GET"]}}],"collection":[{"href":"https:\/\/wydawnictwo.ug.edu.pl\/en\/wp-json\/wp\/v2\/product"}],"about":[{"href":"https:\/\/wydawnictwo.ug.edu.pl\/en\/wp-json\/wp\/v2\/types\/product"}],"wp:featuredmedia":[{"embeddable":true,"href":"https:\/\/wydawnictwo.ug.edu.pl\/en\/wp-json\/wp\/v2\/media\/17513"}],"wp:attachment":[{"href":"https:\/\/wydawnictwo.ug.edu.pl\/en\/wp-json\/wp\/v2\/media?parent=46870"}],"wp:term":[{"taxonomy":"journal","embeddable":true,"href":"https:\/\/wydawnictwo.ug.edu.pl\/en\/wp-json\/wp\/v2\/journal?post=46870"},{"taxonomy":"rodzaj","embeddable":true,"href":"https:\/\/wydawnictwo.ug.edu.pl\/en\/wp-json\/wp\/v2\/rodzaj?post=46870"},{"taxonomy":"seria","embeddable":true,"href":"https:\/\/wydawnictwo.ug.edu.pl\/en\/wp-json\/wp\/v2\/seria?post=46870"},{"taxonomy":"product_brand","embeddable":true,"href":"https:\/\/wydawnictwo.ug.edu.pl\/en\/wp-json\/wp\/v2\/product_brand?post=46870"},{"taxonomy":"product_cat","embeddable":true,"href":"https:\/\/wydawnictwo.ug.edu.pl\/en\/wp-json\/wp\/v2\/product_cat?post=46870"},{"taxonomy":"product_tag","embeddable":true,"href":"https:\/\/wydawnictwo.ug.edu.pl\/en\/wp-json\/wp\/v2\/product_tag?post=46870"}],"curies":[{"name":"wp","href":"https:\/\/api.w.org\/{rel}","templated":true}]}}