{"id":46869,"date":"2018-11-30T00:00:00","date_gmt":"2018-11-30T00:00:00","guid":{"rendered":"https:\/\/wydawnictwo.ug.edu.pl\/ksiegarnia-online\/uncategorized\/przedsiebiorstwo-w-otoczeniu-globalnym-wybrane-zagadnienia\/"},"modified":"2026-02-11T15:43:44","modified_gmt":"2026-02-11T15:43:44","slug":"przedsiebiorstwo-w-otoczeniu-globalnym-wybrane-zagadnienia","status":"publish","type":"product","link":"https:\/\/wydawnictwo.ug.edu.pl\/en\/ksiegarnia-online\/ekonomia\/przedsiebiorstwo-w-otoczeniu-globalnym-wybrane-zagadnienia\/","title":{"rendered":"Przedsi\u0119biorstwo w otoczeniu globalnym. Wybrane zagadnienia"},"content":{"rendered":"","protected":false},"excerpt":{"rendered":"<p>W wyniku post\u0119puj\u0105cej globalizacji pojawi\u0142y si\u0119 nowe regu\u0142y prawne i ekonomiczne, odmienne od poprzednich zasady dzia\u0142ania, nowe koncepcje konkurowania przedsi\u0119biorstw w zmieniaj\u0105cych si\u0119 warunkach rynkowych. Wsp\u00f3\u0142czesne przedsi\u0119biorstwa stoj\u0105 wi\u0119c przed tymi nowymi wyzwaniami i je\u015bli chc\u0105 znale\u017a\u0107 swoje odpowiednie miejsce na rynku, musz\u0105 dostosowywa\u0107 si\u0119 do nowej sytuacji.<\/p>\n<p>Zagadnienia uj\u0119te w ksi\u0105\u017cce s\u0105 efektem rozwa\u017ca\u0144, zar\u00f3wno teoretycznych, jak i popartych wynikami prowadzonych bada\u0144 naukowych. Praca sk\u0142ada si\u0119 z czterech rozdzia\u0142\u00f3w. W pierwszym zosta\u0142y zawarte problemy makroekonomiczne, ze szczeg\u00f3lnym uwzgl\u0119dnieniem d\u0142ugo i kr\u00f3tkookresowych czynnik\u00f3w wp\u0142ywaj\u0105cych na wzrost gospodarczy. Czynniki te wp\u0142ywaj\u0105 na funkcjonowanie tak korporacji transnarodowych, jak i lokalnych przedsi\u0119biorstw. Wp\u0142ywaj\u0105 na dzia\u0142ania podejmowane przez przedsi\u0119biorstwa, kt\u00f3rych celem jest osi\u0105gni\u0119cie sukcesu na rynku krajowym oraz mi\u0119dzynarodowym. Autorzy kolejnego rozdzia\u0142u dokonuj\u0105 analiz zwi\u0105zanych z bezpo\u015brednimi inwestycjami zagranicznymi, a w szczeg\u00f3lno\u015bci czynniki, kt\u00f3re tym inwestycjom\u00a0sprzyjaj\u0105. Zmiany dokonuj\u0105ce si\u0119 w strukturze wsp\u00f3\u0142czesnego biznesu wymuszaj\u0105 na przedsi\u0119biorstwach podejmowanie r\u00f3\u017cnorodnych dzia\u0142a\u0144 adaptacyjnych, kt\u00f3re powinny by\u0107 efektywne z punktu zarz\u0105dzania zasobami finansowymi. Inwestycjom na rynku kapita\u0142owym, jako jednej z form lokowania wolnych \u015brodk\u00f3w finansowych, po\u015bwi\u0119cony jest trzeci rozdzia\u0142 niniejszej monografii. Z inwestycjami na rynku kapita\u0142owym zwi\u0105zana jest nie tylko wysoka stopa zwrotu, ale te\u017c i wielko\u015b\u0107 ryzyka, w zale\u017cno\u015bci od atrakcyjno\u015bci instrument\u00f3w finansowych. Ocenie ryzyka i zagro\u017ce\u0144 zwi\u0105zanych z dzia\u0142alno\u015bci\u0105 gospodarcz\u0105 adresowano rozdzia\u0142 czwarty. Szczeg\u00f3lnej analizie poddano rynek polis ubezpieczeniowych oferuj\u0105cych narz\u0119dzia do mityzacji ryzyka.<\/p>\n","protected":false},"featured_media":17334,"template":"","meta":{"_acf_changed":false},"journal":[],"rodzaj":[],"seria":[],"product_brand":[],"product_cat":[6934],"product_tag":[8187],"class_list":{"0":"post-46869","1":"product","2":"type-product","3":"status-publish","4":"has-post-thumbnail","6":"product_cat-ekonomia","7":"product_tag-olga-debickaolga-debicka","8":"pa_rok-wydania-2019-en","10":"first","11":"outofstock","12":"taxable","13":"shipping-taxable","14":"purchasable","15":"product-type-simple"},"acf":[],"_links":{"self":[{"href":"https:\/\/wydawnictwo.ug.edu.pl\/en\/wp-json\/wp\/v2\/product\/46869","targetHints":{"allow":["GET"]}}],"collection":[{"href":"https:\/\/wydawnictwo.ug.edu.pl\/en\/wp-json\/wp\/v2\/product"}],"about":[{"href":"https:\/\/wydawnictwo.ug.edu.pl\/en\/wp-json\/wp\/v2\/types\/product"}],"wp:featuredmedia":[{"embeddable":true,"href":"https:\/\/wydawnictwo.ug.edu.pl\/en\/wp-json\/wp\/v2\/media\/17334"}],"wp:attachment":[{"href":"https:\/\/wydawnictwo.ug.edu.pl\/en\/wp-json\/wp\/v2\/media?parent=46869"}],"wp:term":[{"taxonomy":"journal","embeddable":true,"href":"https:\/\/wydawnictwo.ug.edu.pl\/en\/wp-json\/wp\/v2\/journal?post=46869"},{"taxonomy":"rodzaj","embeddable":true,"href":"https:\/\/wydawnictwo.ug.edu.pl\/en\/wp-json\/wp\/v2\/rodzaj?post=46869"},{"taxonomy":"seria","embeddable":true,"href":"https:\/\/wydawnictwo.ug.edu.pl\/en\/wp-json\/wp\/v2\/seria?post=46869"},{"taxonomy":"product_brand","embeddable":true,"href":"https:\/\/wydawnictwo.ug.edu.pl\/en\/wp-json\/wp\/v2\/product_brand?post=46869"},{"taxonomy":"product_cat","embeddable":true,"href":"https:\/\/wydawnictwo.ug.edu.pl\/en\/wp-json\/wp\/v2\/product_cat?post=46869"},{"taxonomy":"product_tag","embeddable":true,"href":"https:\/\/wydawnictwo.ug.edu.pl\/en\/wp-json\/wp\/v2\/product_tag?post=46869"}],"curies":[{"name":"wp","href":"https:\/\/api.w.org\/{rel}","templated":true}]}}