{"id":46866,"date":"2018-11-30T01:00:00","date_gmt":"2018-11-30T01:00:00","guid":{"rendered":"https:\/\/wydawnictwo.ug.edu.pl\/ksiegarnia-online\/uncategorized\/%d1%80%d1%83%d1%81%d1%81%d0%ba%d0%b8%d0%b9-%d1%8f%d0%b7%d1%8b%d0%ba-%d0%b2-%d1%83%d0%bd%d0%b8%d0%b2%d0%b5%d1%80%d1%81%d0%b8%d1%82%d0%b5%d1%82%d0%b5-1\/"},"modified":"2026-02-11T15:39:09","modified_gmt":"2026-02-11T15:39:09","slug":"%d1%80%d1%83%d1%81%d1%81%d0%ba%d0%b8%d0%b9-%d1%8f%d0%b7%d1%8b%d0%ba-%d0%b2-%d1%83%d0%bd%d0%b8%d0%b2%d0%b5%d1%80%d1%81%d0%b8%d1%82%d0%b5%d1%82%d0%b5-1","status":"publish","type":"product","link":"https:\/\/wydawnictwo.ug.edu.pl\/en\/ksiegarnia-online\/jezykoznawstwo\/%d1%80%d1%83%d1%81%d1%81%d0%ba%d0%b8%d0%b9-%d1%8f%d0%b7%d1%8b%d0%ba-%d0%b2-%d1%83%d0%bd%d0%b8%d0%b2%d0%b5%d1%80%d1%81%d0%b8%d1%82%d0%b5%d1%82%d0%b5-1\/","title":{"rendered":"\u0420\u0443\u0441\u0441\u043a\u0438\u0439 \u044f\u0437\u044b\u043a \u0432 \u0443\u043d\u0438\u0432\u0435\u0440\u0441\u0438\u0442\u0435\u0442\u0435 1"},"content":{"rendered":"","protected":false},"excerpt":{"rendered":"<p>Podr\u0119cznik jest oparty o atrakcyjn\u0105 dla student\u00f3w metod\u0119 komunikatywn\u0105 (nauczanie j\u0119zyka rosyjskiego poprzez kszta\u0142towanie sprawno\u015bci czytania, rozumienia ze s\u0142uchu, pisania, m\u00f3wienia, t\u0142umaczenia). Wydanie skryptu umo\u017cliwi zwi\u0119kszenie efektywno\u015bci procesu kszta\u0142cenia na zaj\u0119ciach z\u00a0<em>Praktycznej nauki j\u0119zyka rosyjskiego<\/em>\u00a0prowadzonych na Wydziale Filologicznym Uniwersytetu Gda\u0144skiego.<\/p>\n<p>Podr\u0119cznik zawiera autorskie teksty i \u0107wiczenia oparte o nowoczesne metody nauczania j\u0119zyk\u00f3w obcych, a tak\u017ce adaptowane do poziomu nauczania aktualne teksty zaczerpni\u0119te z rosyjskich stron internetowych. Teksty i \u0107wiczenia nie s\u0105 pozbawione element\u00f3w humoru. Istotnym uzupe\u0142nieniem skryptu s\u0105 nagrania mp3 przygotowane przez rodzimych u\u017cytkownik\u00f3w j\u0119zyka oraz \u0107wiczenia online. Ciekawe i aktualne teksty dobrane do wieku oraz r\u00f3\u017cnorodne \u0107wiczenia leksykalno-gramatyczne powinny wzbudzi\u0107 zainteresowanie student\u00f3w poznawaniem nowego s\u0142ownictwa i konstrukcji gramatycznych oraz uczy\u0107 dostrzegania podobie\u0144stw i r\u00f3\u017cnic mi\u0119dzy j\u0119zykiem ojczystym a obcym.<\/p>\n<p>Do pobrania pod poni\u017cszym linkiem s\u0105 nagrania mp3, aplikacja mobilna i materia\u0142y dodatkowe:<br \/>\n<a href=\"https:\/\/fil.ug.edu.pl\/wydzial\/instytuty_i_katedry\/instytut_rusycystyki_i_studiow_wschodnich\/materialy_do_podrecznika_russkiy_yazyk_v_universitete_i\">https:\/\/fil.ug.edu.pl\/wydzial\/instytuty_i_katedry\/instytut_rusycystyki_i_studiow_wschodnich\/materialy_do_podrecznika_russkiy_yazyk_v_universitete_i<\/a><\/p>\n","protected":false},"featured_media":16020,"template":"","meta":{"_acf_changed":false},"journal":[],"rodzaj":[7330],"seria":[],"product_brand":[],"product_cat":[7310,6924],"product_tag":[7711,7950,7913],"class_list":{"0":"post-46866","1":"product","2":"type-product","3":"status-publish","4":"has-post-thumbnail","6":"rodzaj-schoolbook","7":"product_cat-nauka-jezykow-obcych","8":"product_cat-jezykoznawstwo","9":"product_tag-joanna-mampe","10":"product_tag-malgorzata-marciszewska","11":"product_tag-marta-noinskamarta-noinska","12":"pa_rok-wydania-2019-en","14":"first","15":"instock","16":"sold-individually","17":"taxable","18":"shipping-taxable","19":"purchasable","20":"product-type-simple"},"acf":[],"_links":{"self":[{"href":"https:\/\/wydawnictwo.ug.edu.pl\/en\/wp-json\/wp\/v2\/product\/46866","targetHints":{"allow":["GET"]}}],"collection":[{"href":"https:\/\/wydawnictwo.ug.edu.pl\/en\/wp-json\/wp\/v2\/product"}],"about":[{"href":"https:\/\/wydawnictwo.ug.edu.pl\/en\/wp-json\/wp\/v2\/types\/product"}],"wp:featuredmedia":[{"embeddable":true,"href":"https:\/\/wydawnictwo.ug.edu.pl\/en\/wp-json\/wp\/v2\/media\/16020"}],"wp:attachment":[{"href":"https:\/\/wydawnictwo.ug.edu.pl\/en\/wp-json\/wp\/v2\/media?parent=46866"}],"wp:term":[{"taxonomy":"journal","embeddable":true,"href":"https:\/\/wydawnictwo.ug.edu.pl\/en\/wp-json\/wp\/v2\/journal?post=46866"},{"taxonomy":"rodzaj","embeddable":true,"href":"https:\/\/wydawnictwo.ug.edu.pl\/en\/wp-json\/wp\/v2\/rodzaj?post=46866"},{"taxonomy":"seria","embeddable":true,"href":"https:\/\/wydawnictwo.ug.edu.pl\/en\/wp-json\/wp\/v2\/seria?post=46866"},{"taxonomy":"product_brand","embeddable":true,"href":"https:\/\/wydawnictwo.ug.edu.pl\/en\/wp-json\/wp\/v2\/product_brand?post=46866"},{"taxonomy":"product_cat","embeddable":true,"href":"https:\/\/wydawnictwo.ug.edu.pl\/en\/wp-json\/wp\/v2\/product_cat?post=46866"},{"taxonomy":"product_tag","embeddable":true,"href":"https:\/\/wydawnictwo.ug.edu.pl\/en\/wp-json\/wp\/v2\/product_tag?post=46866"}],"curies":[{"name":"wp","href":"https:\/\/api.w.org\/{rel}","templated":true}]}}