{"id":46862,"date":"2018-11-30T00:00:00","date_gmt":"2018-11-30T00:00:00","guid":{"rendered":"https:\/\/wydawnictwo.ug.edu.pl\/ksiegarnia-online\/uncategorized\/ekoprawo-prawo-srodowiskowe\/"},"modified":"2026-02-11T15:43:28","modified_gmt":"2026-02-11T15:43:28","slug":"ekoprawo-prawo-srodowiskowe","status":"publish","type":"product","link":"https:\/\/wydawnictwo.ug.edu.pl\/en\/ksiegarnia-online\/prawo-i-administracja\/ekoprawo-prawo-srodowiskowe\/","title":{"rendered":"Ekoprawo. Prawo \u015brodowiskowe"},"content":{"rendered":"","protected":false},"excerpt":{"rendered":"<p>G\u0142\u00f3wnym celem niniejszego opracowania jest przedstawienie najwa\u017cniejszych i aktualnych zagadnie\u0144 prawa ochrony \u015brodowiska opartych na kryterium ekologicznym. Kryterium to wymaga zintegrowanego porz\u0105dku prawnego w odniesieniu do planowania przestrzennego, dzia\u0142alno\u015bci gospodarczej, handlu a tak\u017ce \u015bcigania przest\u0119pstw przeciwko \u015brodowisku, czy ochrony klimatu. Ta prezentacja \u2013 zdaniem Autorki\u00a0 &#8211; pozwoli Czytelnikowi zapozna\u0107 si\u0119 z najwa\u017cniejszymi zagadnieniami ochrony \u015brodowiska w dynamicznym uj\u0119ciu spo\u0142eczno-gospodarczym. Pragn\u0119 zaadresowa\u0107 t\u0119 ksi\u0105\u017ck\u0119 nie tylko do student\u00f3w, ale i innych os\u00f3b zainteresowanych ochron\u0105 \u015brodowiska w prawie polskim, europejskim i mi\u0119dzynarodowym. Mam nadziej\u0119, \u017ce jej lektura przyczyni si\u0119 do bardziej profesjonalnego postrzegania tych zagadnie\u0144 przez nas wszystkich.<\/p>\n","protected":false},"featured_media":17386,"template":"","meta":{"_acf_changed":false},"journal":[],"rodzaj":[],"seria":[],"product_brand":[],"product_cat":[6932],"product_tag":[],"class_list":{"0":"post-46862","1":"product","2":"type-product","3":"status-publish","4":"has-post-thumbnail","6":"product_cat-prawo-i-administracja","7":"pa_rok-wydania-2019-en","9":"first","10":"outofstock","11":"taxable","12":"shipping-taxable","13":"purchasable","14":"product-type-simple"},"acf":[],"_links":{"self":[{"href":"https:\/\/wydawnictwo.ug.edu.pl\/en\/wp-json\/wp\/v2\/product\/46862","targetHints":{"allow":["GET"]}}],"collection":[{"href":"https:\/\/wydawnictwo.ug.edu.pl\/en\/wp-json\/wp\/v2\/product"}],"about":[{"href":"https:\/\/wydawnictwo.ug.edu.pl\/en\/wp-json\/wp\/v2\/types\/product"}],"wp:featuredmedia":[{"embeddable":true,"href":"https:\/\/wydawnictwo.ug.edu.pl\/en\/wp-json\/wp\/v2\/media\/17386"}],"wp:attachment":[{"href":"https:\/\/wydawnictwo.ug.edu.pl\/en\/wp-json\/wp\/v2\/media?parent=46862"}],"wp:term":[{"taxonomy":"journal","embeddable":true,"href":"https:\/\/wydawnictwo.ug.edu.pl\/en\/wp-json\/wp\/v2\/journal?post=46862"},{"taxonomy":"rodzaj","embeddable":true,"href":"https:\/\/wydawnictwo.ug.edu.pl\/en\/wp-json\/wp\/v2\/rodzaj?post=46862"},{"taxonomy":"seria","embeddable":true,"href":"https:\/\/wydawnictwo.ug.edu.pl\/en\/wp-json\/wp\/v2\/seria?post=46862"},{"taxonomy":"product_brand","embeddable":true,"href":"https:\/\/wydawnictwo.ug.edu.pl\/en\/wp-json\/wp\/v2\/product_brand?post=46862"},{"taxonomy":"product_cat","embeddable":true,"href":"https:\/\/wydawnictwo.ug.edu.pl\/en\/wp-json\/wp\/v2\/product_cat?post=46862"},{"taxonomy":"product_tag","embeddable":true,"href":"https:\/\/wydawnictwo.ug.edu.pl\/en\/wp-json\/wp\/v2\/product_tag?post=46862"}],"curies":[{"name":"wp","href":"https:\/\/api.w.org\/{rel}","templated":true}]}}