{"id":46860,"date":"2018-11-30T00:00:00","date_gmt":"2018-11-30T00:00:00","guid":{"rendered":"https:\/\/wydawnictwo.ug.edu.pl\/ksiegarnia-online\/uncategorized\/niesmak-w-tekstach-kultury-xix-xxi-wieku\/"},"modified":"2026-02-11T15:43:30","modified_gmt":"2026-02-11T15:43:30","slug":"niesmak-w-tekstach-kultury-xix-xxi-wieku","status":"publish","type":"product","link":"https:\/\/wydawnictwo.ug.edu.pl\/en\/ksiegarnia-online\/literaturoznawstwo\/niesmak-w-tekstach-kultury-xix-xxi-wieku\/","title":{"rendered":"(Nie)smak w tekstach kultury XIX-XXI wieku"},"content":{"rendered":"","protected":false},"excerpt":{"rendered":"<p>Ksi\u0105\u017cka udanie wpisuje si\u0119 w coraz szerszy nurt opracowa\u0144, dla kt\u00f3rych osi\u0105, pretekstem i g\u0142\u00f3wnym tematem jest antropologicznie rozumiana kategoria \u201epo\u017cywienia\u201d oraz zwi\u0105zane z ni\u0105 konotacje. Po latach do\u015b\u0107 swoistego negli\u017cowania problematyki jedzenia jako wa\u017cnego, ale \u201eprzezroczystego\u201d, elementu kultury i wpisywania jej przede wszystkim w kontekst sfery techniczno-u\u017cytkowej (materialnej) od dw\u00f3ch przesz\u0142o dekad\u00a0<em>food studies<\/em>\u00a0staj\u0105 si\u0119 pe\u0142noprawn\u0105 dziedzin\u0105 nauk humanistycznych i spo\u0142ecznych \u2013 przede wszystkim socjologii, antropologii spo\u0142eczno-kulturowej i kulturoznawstwa.<\/p>\n","protected":false},"featured_media":17380,"template":"","meta":{"_acf_changed":false},"journal":[],"rodzaj":[7074],"seria":[],"product_brand":[],"product_cat":[6925],"product_tag":[7493],"class_list":{"0":"post-46860","1":"product","2":"type-product","3":"status-publish","4":"has-post-thumbnail","6":"rodzaj-ksiazki","7":"product_cat-literaturoznawstwo","8":"product_tag-barbara-zwolinska","9":"pa_rok-wydania-2019-en","11":"first","12":"outofstock","13":"taxable","14":"shipping-taxable","15":"purchasable","16":"product-type-simple"},"acf":[],"_links":{"self":[{"href":"https:\/\/wydawnictwo.ug.edu.pl\/en\/wp-json\/wp\/v2\/product\/46860","targetHints":{"allow":["GET"]}}],"collection":[{"href":"https:\/\/wydawnictwo.ug.edu.pl\/en\/wp-json\/wp\/v2\/product"}],"about":[{"href":"https:\/\/wydawnictwo.ug.edu.pl\/en\/wp-json\/wp\/v2\/types\/product"}],"wp:featuredmedia":[{"embeddable":true,"href":"https:\/\/wydawnictwo.ug.edu.pl\/en\/wp-json\/wp\/v2\/media\/17380"}],"wp:attachment":[{"href":"https:\/\/wydawnictwo.ug.edu.pl\/en\/wp-json\/wp\/v2\/media?parent=46860"}],"wp:term":[{"taxonomy":"journal","embeddable":true,"href":"https:\/\/wydawnictwo.ug.edu.pl\/en\/wp-json\/wp\/v2\/journal?post=46860"},{"taxonomy":"rodzaj","embeddable":true,"href":"https:\/\/wydawnictwo.ug.edu.pl\/en\/wp-json\/wp\/v2\/rodzaj?post=46860"},{"taxonomy":"seria","embeddable":true,"href":"https:\/\/wydawnictwo.ug.edu.pl\/en\/wp-json\/wp\/v2\/seria?post=46860"},{"taxonomy":"product_brand","embeddable":true,"href":"https:\/\/wydawnictwo.ug.edu.pl\/en\/wp-json\/wp\/v2\/product_brand?post=46860"},{"taxonomy":"product_cat","embeddable":true,"href":"https:\/\/wydawnictwo.ug.edu.pl\/en\/wp-json\/wp\/v2\/product_cat?post=46860"},{"taxonomy":"product_tag","embeddable":true,"href":"https:\/\/wydawnictwo.ug.edu.pl\/en\/wp-json\/wp\/v2\/product_tag?post=46860"}],"curies":[{"name":"wp","href":"https:\/\/api.w.org\/{rel}","templated":true}]}}