{"id":46859,"date":"2018-11-30T00:00:00","date_gmt":"2018-11-30T00:00:00","guid":{"rendered":"https:\/\/wydawnictwo.ug.edu.pl\/ksiegarnia-online\/uncategorized\/porzadek-slow-gramatyka-tekst-styl-dyskurs\/"},"modified":"2026-02-11T15:49:13","modified_gmt":"2026-02-11T15:49:13","slug":"porzadek-slow-gramatyka-tekst-styl-dyskurs","status":"publish","type":"product","link":"https:\/\/wydawnictwo.ug.edu.pl\/en\/ksiegarnia-online\/jezykoznawstwo\/porzadek-slow-gramatyka-tekst-styl-dyskurs\/","title":{"rendered":"Porz\u0105dek s\u0142\u00f3w. Gramatyka. Tekst. Styl. Dyskurs"},"content":{"rendered":"","protected":false},"excerpt":{"rendered":"<p>Monografia wieloautorska, kt\u00f3r\u0105 oddajemy do r\u0105k Czytelnika, jest zbiorem artyku\u0142\u00f3w dedykowanych \u2013 z okazji czterdziestopi\u0119ciolecia pracy zawodowej \u2013 Pani Profesor Zoi Nowo\u017cenowej: utalentowanej rusycystce, do\u015bwiadczonej wyk\u0142adowczyni, nieprzeci\u0119tnej osobowo\u015bci i uroczej kobiecie. W artyku\u0142ach autorzy poruszaj\u0105 g\u0142\u00f3wne tematy docieka\u0144 naukowych Pani Profesor, takie jak: stylistyka, sk\u0142adnia, socjolingwistyka, translatoryka, teoria tekstu i dyskursu. Jest to tak\u017ce ksi\u0105\u017cka o obiekcie ci\u0105g\u0142ych poszukiwa\u0144 naszej bohaterki, kt\u00f3rym by\u0142 i jest porz\u0105dek s\u0142\u00f3w \/ porz\u0105dek w s\u0142owach, rozumiany tu metaforycznie. W j\u0119zykoznawstwie, jak niejednokrotnie podkre\u015bla\u0142a Pani Profesor w naszych rozmowach, badamy r\u00f3\u017cne porz\u0105dki s\u0142\u00f3w: s\u0142owa w systemie gramatycznym i leksykalnym, po\u0142\u0105czenia s\u0142\u00f3w w tek\u015bcie i dyskursie.<\/p>\n","protected":false},"featured_media":17559,"template":"","meta":{"_acf_changed":false},"journal":[],"rodzaj":[7074],"seria":[],"product_brand":[],"product_cat":[6924],"product_tag":[7470,7665],"class_list":{"0":"post-46859","1":"product","2":"type-product","3":"status-publish","4":"has-post-thumbnail","6":"rodzaj-ksiazki","7":"product_cat-jezykoznawstwo","8":"product_tag-aleksandra-klimkiewicz","9":"product_tag-tatiana-kananowicztatiana-kananowicz","10":"pa_rok-wydania-2019-en","12":"first","13":"instock","14":"taxable","15":"shipping-taxable","16":"purchasable","17":"product-type-simple"},"acf":[],"_links":{"self":[{"href":"https:\/\/wydawnictwo.ug.edu.pl\/en\/wp-json\/wp\/v2\/product\/46859","targetHints":{"allow":["GET"]}}],"collection":[{"href":"https:\/\/wydawnictwo.ug.edu.pl\/en\/wp-json\/wp\/v2\/product"}],"about":[{"href":"https:\/\/wydawnictwo.ug.edu.pl\/en\/wp-json\/wp\/v2\/types\/product"}],"wp:featuredmedia":[{"embeddable":true,"href":"https:\/\/wydawnictwo.ug.edu.pl\/en\/wp-json\/wp\/v2\/media\/17559"}],"wp:attachment":[{"href":"https:\/\/wydawnictwo.ug.edu.pl\/en\/wp-json\/wp\/v2\/media?parent=46859"}],"wp:term":[{"taxonomy":"journal","embeddable":true,"href":"https:\/\/wydawnictwo.ug.edu.pl\/en\/wp-json\/wp\/v2\/journal?post=46859"},{"taxonomy":"rodzaj","embeddable":true,"href":"https:\/\/wydawnictwo.ug.edu.pl\/en\/wp-json\/wp\/v2\/rodzaj?post=46859"},{"taxonomy":"seria","embeddable":true,"href":"https:\/\/wydawnictwo.ug.edu.pl\/en\/wp-json\/wp\/v2\/seria?post=46859"},{"taxonomy":"product_brand","embeddable":true,"href":"https:\/\/wydawnictwo.ug.edu.pl\/en\/wp-json\/wp\/v2\/product_brand?post=46859"},{"taxonomy":"product_cat","embeddable":true,"href":"https:\/\/wydawnictwo.ug.edu.pl\/en\/wp-json\/wp\/v2\/product_cat?post=46859"},{"taxonomy":"product_tag","embeddable":true,"href":"https:\/\/wydawnictwo.ug.edu.pl\/en\/wp-json\/wp\/v2\/product_tag?post=46859"}],"curies":[{"name":"wp","href":"https:\/\/api.w.org\/{rel}","templated":true}]}}