{"id":46858,"date":"2018-11-30T00:00:00","date_gmt":"2018-11-30T00:00:00","guid":{"rendered":"https:\/\/wydawnictwo.ug.edu.pl\/ksiegarnia-online\/uncategorized\/inwestycje-i-nieruchomosci-wspolczesne-wyzwania\/"},"modified":"2026-02-11T15:43:31","modified_gmt":"2026-02-11T15:43:31","slug":"inwestycje-i-nieruchomosci-wspolczesne-wyzwania","status":"publish","type":"product","link":"https:\/\/wydawnictwo.ug.edu.pl\/en\/ksiegarnia-online\/zarzadzanie\/inwestycje-i-nieruchomosci-wspolczesne-wyzwania\/","title":{"rendered":"Inwestycje i nieruchomo\u015bci. Wsp\u00f3\u0142czesne wyzwania"},"content":{"rendered":"","protected":false},"excerpt":{"rendered":"<p>Inwestycje i nieruchomo\u015bci stanowi\u0105 od wielu lat przedmiot zainteresowania licznych badaczy, co sprawia, \u017ce s\u0105 dobrze rozpoznane na gruncie literatury ekonomicznej, zar\u00f3wno w uj\u0119ciu teoretycznym, jak i praktycznym. Jednak z racji towarzysz\u0105cych im wyzwa\u0144 wiedza z nimi zwi\u0105zana wymaga nieustannej aktualizacji. Wynika to mi\u0119dzy innymi z rosn\u0105cych i zmieniaj\u0105cych si\u0119 potrzeb oraz \u015bwiadomo\u015bci inwestor\u00f3w i menad\u017cer\u00f3w, w\u0142a\u015bcicieli i u\u017cytkownik\u00f3w, obarczonych odpowiedzialno\u015bci\u0105, ponosz\u0105cych ryzyko, realizuj\u0105cych proces decyzyjny w obliczu rozlicznych ogranicze\u0144 w dost\u0119pie do zasob\u00f3w oraz innych wa\u017cnych uwarunkowa\u0144 rynkowych. Przed\u0142o\u017cona publikacja jest elementem naukowej dyskusji, w kt\u00f3rej autorzy podejmuj\u0105 wybrane kwestie towarzysz\u0105ce w istocie uwarunkowaniom towarzysz\u0105cym podejmowaniu racjonalnych decyzji dotycz\u0105cych zarz\u0105dzania inwestycjami i nieruchomo\u015bciami.<\/p>\n","protected":false},"featured_media":17375,"template":"","meta":{"_acf_changed":false},"journal":[],"rodzaj":[],"seria":[],"product_brand":[],"product_cat":[6942],"product_tag":[8183,8184],"class_list":{"0":"post-46858","1":"product","2":"type-product","3":"status-publish","4":"has-post-thumbnail","6":"product_cat-zarzadzanie","7":"product_tag-anna-wojewnik-filipkowska","8":"product_tag-krzysztof-szczepaniak","9":"pa_rok-wydania-2019-en","11":"first","12":"outofstock","13":"taxable","14":"shipping-taxable","15":"purchasable","16":"product-type-simple"},"acf":[],"_links":{"self":[{"href":"https:\/\/wydawnictwo.ug.edu.pl\/en\/wp-json\/wp\/v2\/product\/46858","targetHints":{"allow":["GET"]}}],"collection":[{"href":"https:\/\/wydawnictwo.ug.edu.pl\/en\/wp-json\/wp\/v2\/product"}],"about":[{"href":"https:\/\/wydawnictwo.ug.edu.pl\/en\/wp-json\/wp\/v2\/types\/product"}],"wp:featuredmedia":[{"embeddable":true,"href":"https:\/\/wydawnictwo.ug.edu.pl\/en\/wp-json\/wp\/v2\/media\/17375"}],"wp:attachment":[{"href":"https:\/\/wydawnictwo.ug.edu.pl\/en\/wp-json\/wp\/v2\/media?parent=46858"}],"wp:term":[{"taxonomy":"journal","embeddable":true,"href":"https:\/\/wydawnictwo.ug.edu.pl\/en\/wp-json\/wp\/v2\/journal?post=46858"},{"taxonomy":"rodzaj","embeddable":true,"href":"https:\/\/wydawnictwo.ug.edu.pl\/en\/wp-json\/wp\/v2\/rodzaj?post=46858"},{"taxonomy":"seria","embeddable":true,"href":"https:\/\/wydawnictwo.ug.edu.pl\/en\/wp-json\/wp\/v2\/seria?post=46858"},{"taxonomy":"product_brand","embeddable":true,"href":"https:\/\/wydawnictwo.ug.edu.pl\/en\/wp-json\/wp\/v2\/product_brand?post=46858"},{"taxonomy":"product_cat","embeddable":true,"href":"https:\/\/wydawnictwo.ug.edu.pl\/en\/wp-json\/wp\/v2\/product_cat?post=46858"},{"taxonomy":"product_tag","embeddable":true,"href":"https:\/\/wydawnictwo.ug.edu.pl\/en\/wp-json\/wp\/v2\/product_tag?post=46858"}],"curies":[{"name":"wp","href":"https:\/\/api.w.org\/{rel}","templated":true}]}}