{"id":46855,"date":"2018-11-30T00:00:00","date_gmt":"2018-11-30T00:00:00","guid":{"rendered":"https:\/\/wydawnictwo.ug.edu.pl\/ksiegarnia-online\/uncategorized\/ekonomia-i-prawo-wybrane-zagadnienia-z-zakresu-zarzadzania-rozwojem-przedsiebiorstwa\/"},"modified":"2026-02-11T15:43:33","modified_gmt":"2026-02-11T15:43:33","slug":"ekonomia-i-prawo-wybrane-zagadnienia-z-zakresu-zarzadzania-rozwojem-przedsiebiorstwa","status":"publish","type":"product","link":"https:\/\/wydawnictwo.ug.edu.pl\/en\/ksiegarnia-online\/zarzadzanie\/ekonomia-i-prawo-wybrane-zagadnienia-z-zakresu-zarzadzania-rozwojem-przedsiebiorstwa\/","title":{"rendered":"Ekonomia i prawo. Wybrane zagadnienia z zakresu zarz\u0105dzania rozwojem przedsi\u0119biorstwa"},"content":{"rendered":"","protected":false},"excerpt":{"rendered":"<p>W ramach obecnie istniej\u0105cych rynk\u00f3w podmioty gospodarcze w coraz wi\u0119kszym stopniu uzale\u017cnione s\u0105 od otoczenia, w jakim funkcjonuj\u0105. W ostatnich latach dostrzegamy wzrost dynamiki zmian w r\u00f3\u017cnych obszarach otoczenia przedsi\u0119biorstw. Osi\u0105gni\u0119cie wyznaczonych cel\u00f3w wymaga uwzgl\u0119dnienia zmian zachodz\u0105cych w otoczeniu przedsi\u0119biorstw. W niniejszym opracowaniu przedstawiono zar\u00f3wno innowacyjne narz\u0119dzia, jak i organizacje z otoczenia przedsi\u0119biorstw, kt\u00f3re maj\u0105 wp\u0142yw na otoczenie ekonomiczne oraz prawne. Wykorzystanie tych narz\u0119dzi i organizacji otoczenia mo\u017ce u\u0142atwi\u0107 osi\u0105gni\u0119cie wyznaczonych przez podmioty cel\u00f3w. Dlatego podmioty gospodarcze powinny by\u0107 szczeg\u00f3lnie aktywne w zakresie zmian zachodz\u0105cych w tych obszarach i wykorzystywa\u0107 r\u00f3\u017cnego rodzaju narz\u0119dzia zwi\u0119kszaj\u0105ce prawdopodobie\u0144stwo osi\u0105gni\u0119cia wyznaczonych cel\u00f3w.<\/p>\n","protected":false},"featured_media":17372,"template":"","meta":{"_acf_changed":false},"journal":[],"rodzaj":[],"seria":[],"product_brand":[],"product_cat":[6942],"product_tag":[8182,7910,7911],"class_list":{"0":"post-46855","1":"product","2":"type-product","3":"status-publish","4":"has-post-thumbnail","6":"product_cat-zarzadzanie","7":"product_tag-mariusz-chmielewskimariusz-chmielewski","8":"product_tag-pawel-antonowiczpawel-antonowiczpawel-antonowiczpawel-antonowicz","9":"product_tag-piotr-pisarewicz","11":"first","12":"outofstock","13":"taxable","14":"shipping-taxable","15":"purchasable","16":"product-type-simple"},"acf":[],"_links":{"self":[{"href":"https:\/\/wydawnictwo.ug.edu.pl\/en\/wp-json\/wp\/v2\/product\/46855","targetHints":{"allow":["GET"]}}],"collection":[{"href":"https:\/\/wydawnictwo.ug.edu.pl\/en\/wp-json\/wp\/v2\/product"}],"about":[{"href":"https:\/\/wydawnictwo.ug.edu.pl\/en\/wp-json\/wp\/v2\/types\/product"}],"wp:featuredmedia":[{"embeddable":true,"href":"https:\/\/wydawnictwo.ug.edu.pl\/en\/wp-json\/wp\/v2\/media\/17372"}],"wp:attachment":[{"href":"https:\/\/wydawnictwo.ug.edu.pl\/en\/wp-json\/wp\/v2\/media?parent=46855"}],"wp:term":[{"taxonomy":"journal","embeddable":true,"href":"https:\/\/wydawnictwo.ug.edu.pl\/en\/wp-json\/wp\/v2\/journal?post=46855"},{"taxonomy":"rodzaj","embeddable":true,"href":"https:\/\/wydawnictwo.ug.edu.pl\/en\/wp-json\/wp\/v2\/rodzaj?post=46855"},{"taxonomy":"seria","embeddable":true,"href":"https:\/\/wydawnictwo.ug.edu.pl\/en\/wp-json\/wp\/v2\/seria?post=46855"},{"taxonomy":"product_brand","embeddable":true,"href":"https:\/\/wydawnictwo.ug.edu.pl\/en\/wp-json\/wp\/v2\/product_brand?post=46855"},{"taxonomy":"product_cat","embeddable":true,"href":"https:\/\/wydawnictwo.ug.edu.pl\/en\/wp-json\/wp\/v2\/product_cat?post=46855"},{"taxonomy":"product_tag","embeddable":true,"href":"https:\/\/wydawnictwo.ug.edu.pl\/en\/wp-json\/wp\/v2\/product_tag?post=46855"}],"curies":[{"name":"wp","href":"https:\/\/api.w.org\/{rel}","templated":true}]}}