{"id":46852,"date":"2018-11-30T00:00:00","date_gmt":"2018-11-30T00:00:00","guid":{"rendered":"https:\/\/wydawnictwo.ug.edu.pl\/ksiegarnia-online\/uncategorized\/uwarunkowania-rozwoju-logistyki-przyszlosci-w-przemysle-motoryzacyjnym\/"},"modified":"2026-02-11T15:43:36","modified_gmt":"2026-02-11T15:43:36","slug":"uwarunkowania-rozwoju-logistyki-przyszlosci-w-przemysle-motoryzacyjnym","status":"publish","type":"product","link":"https:\/\/wydawnictwo.ug.edu.pl\/en\/ksiegarnia-online\/ekonomia\/uwarunkowania-rozwoju-logistyki-przyszlosci-w-przemysle-motoryzacyjnym\/","title":{"rendered":"Uwarunkowania rozwoju logistyki przysz\u0142o\u015bci w przemy\u015ble motoryzacyjnym"},"content":{"rendered":"","protected":false},"excerpt":{"rendered":"<p>Powstaniu niniejszej pracy przy\u015bwieca\u0142 cel przybli\u017cenia Czytelnikom tematyki rozwoju logistyki w przemy\u015ble motoryzacyjnym, a szczeg\u00f3lnie tych uwarunkowa\u0144, kt\u00f3re w spos\u00f3b istotny wpisuj\u0105 si\u0119 w kszta\u0142towanie nowych koncepcji logistycznych, wspieraj\u0105cych procesy podstawowe w globalnych \u0142a\u0144cuchach dostaw bran\u017cy motoryzacyjnej.<br \/>\n\u200b<br \/>\nPublikacja jest adresowana do wszystkich os\u00f3b zainteresowanych tematyk\u0105 logistyki, zw\u0142aszcza nowymi koncepcjami logistycznymi, zwi\u0105zanymi ze zmianami w globalnym \u015brodowisku biznesowym. R\u00f3wnie\u017c osoby niezwi\u0105zane na co dzie\u0144 z logistyk\u0105 mog\u0105 w tej ksi\u0105\u017cce znale\u017a\u0107 dla siebie interesuj\u0105ce wiadomo\u015bci, kt\u00f3re dotycz\u0105 np. rozwoju technologii lub powstania nowych us\u0142ug, a tre\u015b\u0107 prezentowana z punktu widzenia rozwoju logistyki mo\u017ce zach\u0119ci\u0107 do spojrzenia na znane im procesy z innej perspektywy. Przemys\u0142 motoryzacyjny jest bowiem doskona\u0142ym przyk\u0142adem wdra\u017cania nowych rozwi\u0105za\u0144 logistycznych, kt\u00f3re s\u0105 p\u00f3\u017aniej wykorzystywane w innych bran\u017cach gospodarki. By\u0107 mo\u017ce Czytelnik, zapoznaj\u0105c si\u0119 z tre\u015bci\u0105 ksi\u0105\u017cki, u\u015bwiadomi sobie wysoki poziom skomplikowania dzia\u0142a\u0144 logistycznych towarzysz\u0105cych procesom produkcji w najwi\u0119kszych przedsi\u0119biorstwach na \u015bwiecie, z czego zwykle nie zdaje sobie sprawy na co dzie\u0144.<\/p>\n","protected":false},"featured_media":17365,"template":"","meta":{"_acf_changed":false},"journal":[],"rodzaj":[7077,7076],"seria":[7797],"product_brand":[],"product_cat":[6934],"product_tag":[7900],"class_list":{"0":"post-46852","1":"product","2":"type-product","3":"status-publish","4":"has-post-thumbnail","6":"rodzaj-czasopismo","7":"rodzaj-serie-wydawnicze","8":"seria-dissertationes-laudatissimae-universitas-gedanensis","9":"product_cat-ekonomia","10":"product_tag-agnieszka-szmelter-jarosz","11":"pa_rok-wydania-2019-en","13":"first","14":"outofstock","15":"taxable","16":"shipping-taxable","17":"purchasable","18":"product-type-simple"},"acf":[],"_links":{"self":[{"href":"https:\/\/wydawnictwo.ug.edu.pl\/en\/wp-json\/wp\/v2\/product\/46852","targetHints":{"allow":["GET"]}}],"collection":[{"href":"https:\/\/wydawnictwo.ug.edu.pl\/en\/wp-json\/wp\/v2\/product"}],"about":[{"href":"https:\/\/wydawnictwo.ug.edu.pl\/en\/wp-json\/wp\/v2\/types\/product"}],"wp:featuredmedia":[{"embeddable":true,"href":"https:\/\/wydawnictwo.ug.edu.pl\/en\/wp-json\/wp\/v2\/media\/17365"}],"wp:attachment":[{"href":"https:\/\/wydawnictwo.ug.edu.pl\/en\/wp-json\/wp\/v2\/media?parent=46852"}],"wp:term":[{"taxonomy":"journal","embeddable":true,"href":"https:\/\/wydawnictwo.ug.edu.pl\/en\/wp-json\/wp\/v2\/journal?post=46852"},{"taxonomy":"rodzaj","embeddable":true,"href":"https:\/\/wydawnictwo.ug.edu.pl\/en\/wp-json\/wp\/v2\/rodzaj?post=46852"},{"taxonomy":"seria","embeddable":true,"href":"https:\/\/wydawnictwo.ug.edu.pl\/en\/wp-json\/wp\/v2\/seria?post=46852"},{"taxonomy":"product_brand","embeddable":true,"href":"https:\/\/wydawnictwo.ug.edu.pl\/en\/wp-json\/wp\/v2\/product_brand?post=46852"},{"taxonomy":"product_cat","embeddable":true,"href":"https:\/\/wydawnictwo.ug.edu.pl\/en\/wp-json\/wp\/v2\/product_cat?post=46852"},{"taxonomy":"product_tag","embeddable":true,"href":"https:\/\/wydawnictwo.ug.edu.pl\/en\/wp-json\/wp\/v2\/product_tag?post=46852"}],"curies":[{"name":"wp","href":"https:\/\/api.w.org\/{rel}","templated":true}]}}