{"id":46849,"date":"2018-11-30T00:00:00","date_gmt":"2018-11-30T00:00:00","guid":{"rendered":"https:\/\/wydawnictwo.ug.edu.pl\/ksiegarnia-online\/uncategorized\/oblicza-dobrobytu-wybrane-zagadnienia-tom-iv\/"},"modified":"2026-02-18T12:31:33","modified_gmt":"2026-02-18T12:31:33","slug":"oblicza-dobrobytu-wybrane-zagadnienia-tom-iv","status":"publish","type":"product","link":"https:\/\/wydawnictwo.ug.edu.pl\/en\/ksiegarnia-online\/ekonomia\/oblicza-dobrobytu-wybrane-zagadnienia-tom-iv\/","title":{"rendered":"Oblicza dobrobytu. Wybrane zagadnienia. Tom IV"},"content":{"rendered":"","protected":false},"excerpt":{"rendered":"<p>Kolejny, czwarty ju\u017c tom monografii jest po\u015bwi\u0119cony tematyce dobrobytu spo\u0142ecznego. Zagadnienia zwi\u0105zane z tym z\u0142o\u017conym i wielowarstwowym poj\u0119ciem zosta\u0142y u\u0142o\u017cone w kolejno\u015bci od og\u00f3\u0142u do szczeg\u00f3\u0142u. Problematyka omawiana w pierwszych sze\u015bciu artyku\u0142ach ma charakter uniwersalny, poczynaj\u0105c za\u015b od si\u00f3dmego tekstu, ci\u0119\u017car rozwa\u017ca\u0144 przesuwa si\u0119 w kierunku specyfiki kraj\u00f3w europejskich, a nast\u0119pnie zmierza do uj\u0119cia regionalnego.<\/p>\n","protected":false},"featured_media":17361,"template":"","meta":{"_acf_changed":false},"journal":[],"rodzaj":[7075],"seria":[],"product_brand":[],"product_cat":[6934],"product_tag":[7708],"class_list":{"0":"post-46849","1":"product","2":"type-product","3":"status-publish","4":"has-post-thumbnail","6":"rodzaj-e-book","7":"product_cat-ekonomia","8":"product_tag-krystyna-strzala-2krystyna-strzala-2","10":"first","11":"instock","12":"taxable","13":"shipping-taxable","14":"purchasable","15":"product-type-external"},"acf":[],"_links":{"self":[{"href":"https:\/\/wydawnictwo.ug.edu.pl\/en\/wp-json\/wp\/v2\/product\/46849","targetHints":{"allow":["GET"]}}],"collection":[{"href":"https:\/\/wydawnictwo.ug.edu.pl\/en\/wp-json\/wp\/v2\/product"}],"about":[{"href":"https:\/\/wydawnictwo.ug.edu.pl\/en\/wp-json\/wp\/v2\/types\/product"}],"wp:featuredmedia":[{"embeddable":true,"href":"https:\/\/wydawnictwo.ug.edu.pl\/en\/wp-json\/wp\/v2\/media\/17361"}],"wp:attachment":[{"href":"https:\/\/wydawnictwo.ug.edu.pl\/en\/wp-json\/wp\/v2\/media?parent=46849"}],"wp:term":[{"taxonomy":"journal","embeddable":true,"href":"https:\/\/wydawnictwo.ug.edu.pl\/en\/wp-json\/wp\/v2\/journal?post=46849"},{"taxonomy":"rodzaj","embeddable":true,"href":"https:\/\/wydawnictwo.ug.edu.pl\/en\/wp-json\/wp\/v2\/rodzaj?post=46849"},{"taxonomy":"seria","embeddable":true,"href":"https:\/\/wydawnictwo.ug.edu.pl\/en\/wp-json\/wp\/v2\/seria?post=46849"},{"taxonomy":"product_brand","embeddable":true,"href":"https:\/\/wydawnictwo.ug.edu.pl\/en\/wp-json\/wp\/v2\/product_brand?post=46849"},{"taxonomy":"product_cat","embeddable":true,"href":"https:\/\/wydawnictwo.ug.edu.pl\/en\/wp-json\/wp\/v2\/product_cat?post=46849"},{"taxonomy":"product_tag","embeddable":true,"href":"https:\/\/wydawnictwo.ug.edu.pl\/en\/wp-json\/wp\/v2\/product_tag?post=46849"}],"curies":[{"name":"wp","href":"https:\/\/api.w.org\/{rel}","templated":true}]}}