{"id":46845,"date":"2018-11-30T00:23:00","date_gmt":"2018-11-30T00:23:00","guid":{"rendered":"https:\/\/wydawnictwo.ug.edu.pl\/ksiegarnia-online\/uncategorized\/filozoficzne-i-translatoryczne-wedrowki-po-dolinie-muminkow\/"},"modified":"2026-02-11T15:40:23","modified_gmt":"2026-02-11T15:40:23","slug":"filozoficzne-i-translatoryczne-wedrowki-po-dolinie-muminkow","status":"publish","type":"product","link":"https:\/\/wydawnictwo.ug.edu.pl\/en\/ksiegarnia-online\/literaturoznawstwo\/filozoficzne-i-translatoryczne-wedrowki-po-dolinie-muminkow\/","title":{"rendered":"Filozoficzne i translatoryczne w\u0119dr\u00f3wki po Dolinie Mumink\u00f3w"},"content":{"rendered":"","protected":false},"excerpt":{"rendered":"<p>Ksi\u0105\u017cka Hanny Dymel-Trzebiatowskiej jest wybitnym dzie\u0142em naukowym, wykraczaj\u0105cym daleko poza standardy tego typu rozpraw. Autorka prowadzi rozpoznania w spos\u00f3b fascynuj\u0105cy czytelnika, zach\u0119caj\u0105c go do w\u0142asnych docieka\u0144 i refleksji. Odczytuje cykl Tove Jansson przez pryzmat kontekst\u00f3w filozoficznych i problem\u00f3w translatorskich, znajduj\u0105c w obu perspektywach materia\u0142 pozwalaj\u0105cy interpretowa\u0107 zjawisko wieloadresowo\u015bci literatury dzieci\u0119cej. Z detektywistyczn\u0105\u00a0 dociekliwo\u015bci\u0105 \u015bledzi w Dolinie Mumink\u00f3w \u015blady filozoficznych lektur pisarki, echa spor\u00f3w intelektualnych jej czas\u00f3w oraz do\u015bwiadczenia biograficzne autorki \u2014 na tej podstawie dowodzi, \u017ce cykl jest rozbudowan\u0105 w wielu kierunkach rozpraw\u0105, w kt\u00f3rej co prawda nie ma sp\u00f3jnego systemu filozoficznego, ale jest ogromny potencja\u0142 refleksyjny stymuluj\u0105cy wra\u017cliwo\u015b\u0107 i empati\u0119 lekturow\u0105 hipotetycznych odbiorc\u00f3w.<\/p>\n<p><em>Z recenzji prof. dr. hab. Grzegorza Leszczy\u0144skiego<\/em><\/p>\n<p>Ksi\u0105\u017cka otrzyma\u0142a I nagrod\u0119 w <a href=\"https:\/\/wydawnictwo.ug.edu.pl\/nominacje-i-nagrody\/rozstrzygniecie-konkursu-wydawnictwa-uniwersytetu-gdanskiego-2019\/\">Konkursie Wydawnictwa UG<\/a> 2019 w kategorii Najlepsza ksi\u0105\u017cka naukowa.<\/p>\n<p>Recenzja w ArtPapier:\u00a0<strong><a href=\"http:\/\/artpapier.com\/index.php?page=artykul&amp;wydanie=384&amp;artykul=7657\">Kto si\u0119 boi Buki?<\/a><\/strong><\/p>\n<p><a href=\"https:\/\/ug.edu.pl\/news\/pl\/4573\/powrot-do-doliny-muminkow?fbclid=IwAR3cL6RY6pQFF_fkQzL3CQqqP8Sxm5FjlE2UXwYNHZpiQqBNBVIDhDiWLog\">Rozmowa<\/a> z autork\u0105 na stronie Uniwersytetu Gda\u0144skiego.<\/p>\n","protected":false},"featured_media":46846,"template":"","meta":{"_acf_changed":false},"journal":[],"rodzaj":[7074],"seria":[],"product_brand":[],"product_cat":[7014,6925,6926],"product_tag":[7453],"class_list":{"0":"post-46845","1":"product","2":"type-product","3":"status-publish","4":"has-post-thumbnail","6":"rodzaj-ksiazki","7":"product_cat-bestsellery","8":"product_cat-literaturoznawstwo","9":"product_cat-przekladoznawstwo","10":"product_tag-hanna-dymel-trzebiatowskahanna-dymel-trzebiatowska","12":"first","13":"instock","14":"taxable","15":"shipping-taxable","16":"product-type-simple"},"acf":[],"_links":{"self":[{"href":"https:\/\/wydawnictwo.ug.edu.pl\/en\/wp-json\/wp\/v2\/product\/46845","targetHints":{"allow":["GET"]}}],"collection":[{"href":"https:\/\/wydawnictwo.ug.edu.pl\/en\/wp-json\/wp\/v2\/product"}],"about":[{"href":"https:\/\/wydawnictwo.ug.edu.pl\/en\/wp-json\/wp\/v2\/types\/product"}],"wp:featuredmedia":[{"embeddable":true,"href":"https:\/\/wydawnictwo.ug.edu.pl\/en\/wp-json\/wp\/v2\/media\/46846"}],"wp:attachment":[{"href":"https:\/\/wydawnictwo.ug.edu.pl\/en\/wp-json\/wp\/v2\/media?parent=46845"}],"wp:term":[{"taxonomy":"journal","embeddable":true,"href":"https:\/\/wydawnictwo.ug.edu.pl\/en\/wp-json\/wp\/v2\/journal?post=46845"},{"taxonomy":"rodzaj","embeddable":true,"href":"https:\/\/wydawnictwo.ug.edu.pl\/en\/wp-json\/wp\/v2\/rodzaj?post=46845"},{"taxonomy":"seria","embeddable":true,"href":"https:\/\/wydawnictwo.ug.edu.pl\/en\/wp-json\/wp\/v2\/seria?post=46845"},{"taxonomy":"product_brand","embeddable":true,"href":"https:\/\/wydawnictwo.ug.edu.pl\/en\/wp-json\/wp\/v2\/product_brand?post=46845"},{"taxonomy":"product_cat","embeddable":true,"href":"https:\/\/wydawnictwo.ug.edu.pl\/en\/wp-json\/wp\/v2\/product_cat?post=46845"},{"taxonomy":"product_tag","embeddable":true,"href":"https:\/\/wydawnictwo.ug.edu.pl\/en\/wp-json\/wp\/v2\/product_tag?post=46845"}],"curies":[{"name":"wp","href":"https:\/\/api.w.org\/{rel}","templated":true}]}}