{"id":46844,"date":"2018-11-30T01:00:00","date_gmt":"2018-11-30T01:00:00","guid":{"rendered":"https:\/\/wydawnictwo.ug.edu.pl\/ksiegarnia-online\/uncategorized\/natura-woli-wolnosc-a-koniecznosc-stanowisko-jana-dunsa-szkota-na-tle-koncepcji-sw-augustyna-sw-anzelma-z-canterbury-i-sw-tomasza-z-akwinu\/"},"modified":"2026-02-11T15:39:09","modified_gmt":"2026-02-11T15:39:09","slug":"natura-woli-wolnosc-a-koniecznosc-stanowisko-jana-dunsa-szkota-na-tle-koncepcji-sw-augustyna-sw-anzelma-z-canterbury-i-sw-tomasza-z-akwinu","status":"publish","type":"product","link":"https:\/\/wydawnictwo.ug.edu.pl\/en\/ksiegarnia-online\/filozofia\/natura-woli-wolnosc-a-koniecznosc-stanowisko-jana-dunsa-szkota-na-tle-koncepcji-sw-augustyna-sw-anzelma-z-canterbury-i-sw-tomasza-z-akwinu\/","title":{"rendered":"Natura woli, wolno\u015b\u0107 a konieczno\u015b\u0107. Stanowisko Jana Dunsa Szkota na tle koncepcji \u015bw. Augustyna, \u015bw. Anzelma z Canterbury i \u015bw. Tomasza z Akwinu"},"content":{"rendered":"","protected":false},"excerpt":{"rendered":"<p>Przedmiotem monografii jest analiza koncepcji woli, wolno\u015bci i konieczno\u015bci, zawartych w pismach Jana Dunsa Szkota. Koncepcja Dunsa zosta\u0142a przedstawiona na tle rozwa\u017ca\u0144 dw\u00f3ch my\u015blicieli, kt\u00f3rych pogl\u0105dy wywar\u0142y du\u017cy wp\u0142yw na koncepcje Szkota &#8211; \u015bw. Augustyna (wola jako samodzielna w\u0142adza zdolna do autodeterminacji) i \u015bw. Anzelma z Canterbury (<em>affectiones<\/em>\u00a0w woli). Z kolei odniesienie do pogl\u0105d\u00f3w Akwinaty jest podyktowane nast\u0119puj\u0105cymi racjami: po pierwsze, pogl\u0105dy \u015bw. Tomasza by\u0142y dla Szkota punktem bezpo\u015bredniego odniesienia, szczeg\u00f3lnie w dyskusji nad problemem doskona\u0142o\u015bci woli w stosunku do intelektu, po drugie \u2013 zar\u00f3wno Akwinata jak i Szkot reprezentuj\u0105 stanowiska umiarkowane w dyskusji nad relacj\u0105 wola\/intelekt w etyce, a jednak s\u0105 odmienne. Skontrastowanie tych stanowisk pozwoli\u0142o uwyra\u017ani\u0107 specyfik\u0119 pogl\u0105d\u00f3w Szkota.<\/p>\n","protected":false},"featured_media":16141,"template":"","meta":{"_acf_changed":false},"journal":[],"rodzaj":[],"seria":[],"product_brand":[],"product_cat":[6931],"product_tag":[8177],"class_list":{"0":"post-46844","1":"product","2":"type-product","3":"status-publish","4":"has-post-thumbnail","6":"product_cat-filozofia","7":"product_tag-martyna-koszkalomartyna-koszkalo","8":"pa_rok-wydania-2019-en","10":"first","11":"outofstock","12":"taxable","13":"shipping-taxable","14":"purchasable","15":"product-type-simple"},"acf":[],"_links":{"self":[{"href":"https:\/\/wydawnictwo.ug.edu.pl\/en\/wp-json\/wp\/v2\/product\/46844","targetHints":{"allow":["GET"]}}],"collection":[{"href":"https:\/\/wydawnictwo.ug.edu.pl\/en\/wp-json\/wp\/v2\/product"}],"about":[{"href":"https:\/\/wydawnictwo.ug.edu.pl\/en\/wp-json\/wp\/v2\/types\/product"}],"wp:featuredmedia":[{"embeddable":true,"href":"https:\/\/wydawnictwo.ug.edu.pl\/en\/wp-json\/wp\/v2\/media\/16141"}],"wp:attachment":[{"href":"https:\/\/wydawnictwo.ug.edu.pl\/en\/wp-json\/wp\/v2\/media?parent=46844"}],"wp:term":[{"taxonomy":"journal","embeddable":true,"href":"https:\/\/wydawnictwo.ug.edu.pl\/en\/wp-json\/wp\/v2\/journal?post=46844"},{"taxonomy":"rodzaj","embeddable":true,"href":"https:\/\/wydawnictwo.ug.edu.pl\/en\/wp-json\/wp\/v2\/rodzaj?post=46844"},{"taxonomy":"seria","embeddable":true,"href":"https:\/\/wydawnictwo.ug.edu.pl\/en\/wp-json\/wp\/v2\/seria?post=46844"},{"taxonomy":"product_brand","embeddable":true,"href":"https:\/\/wydawnictwo.ug.edu.pl\/en\/wp-json\/wp\/v2\/product_brand?post=46844"},{"taxonomy":"product_cat","embeddable":true,"href":"https:\/\/wydawnictwo.ug.edu.pl\/en\/wp-json\/wp\/v2\/product_cat?post=46844"},{"taxonomy":"product_tag","embeddable":true,"href":"https:\/\/wydawnictwo.ug.edu.pl\/en\/wp-json\/wp\/v2\/product_tag?post=46844"}],"curies":[{"name":"wp","href":"https:\/\/api.w.org\/{rel}","templated":true}]}}