{"id":46837,"date":"2012-11-30T00:00:00","date_gmt":"2012-11-30T00:00:00","guid":{"rendered":"https:\/\/wydawnictwo.ug.edu.pl\/ksiegarnia-online\/uncategorized\/dramaturgia-janusza-glowackiego-troche-teatru\/"},"modified":"2026-02-11T16:32:44","modified_gmt":"2026-02-11T16:32:44","slug":"dramaturgia-janusza-glowackiego-troche-teatru","status":"publish","type":"product","link":"https:\/\/wydawnictwo.ug.edu.pl\/en\/ksiegarnia-online\/literaturoznawstwo\/dramaturgia-janusza-glowackiego-troche-teatru\/","title":{"rendered":"Dramaturgia Janusza G\u0142owackiego \u2013 troch\u0119 teatru"},"content":{"rendered":"","protected":false},"excerpt":{"rendered":"<p style=\"text-align: justify;\">Przedmiotem analizy i interpretacji s\u0105 tu typowe dla G\u0142owackiego sposoby reprezentacji rzeczywisto\u015bci, strategie artystyczne i metody tworzenia (czy autoadaptacji), tradycja literacka, do jakiej odwo\u0142uj\u0105 si\u0119 jego sztuki, zagadnienia gatunkowe i stylistyczne. Przekr\u00f3j temat\u00f3w (\u2026) jest szeroki, a \u017ce portret wielokrotny G\u0142owackiego nakre\u015blony zosta\u0142 pi\u00f3rami zar\u00f3wno do\u015bwiadczonych specjalist\u00f3w, jak i autor\u00f3w pocz\u0105tkuj\u0105cych, maluje si\u0119 \u2013 w ca\u0142o\u015bci \u2013 tym bardziej interesuj\u0105co.<\/p>\n<p style=\"text-align: right;\"><em>Z recenzji prof. dr. hab. Ewy W\u0105chockiej<\/em><\/p>\n","protected":false},"featured_media":16034,"template":"","meta":{"_acf_changed":false},"journal":[],"rodzaj":[7074],"seria":[],"product_brand":[],"product_cat":[6925],"product_tag":[],"class_list":{"0":"post-46837","1":"product","2":"type-product","3":"status-publish","4":"has-post-thumbnail","6":"rodzaj-ksiazki","7":"product_cat-literaturoznawstwo","8":"pa_rok-wydania-2013-en","10":"first","11":"outofstock","12":"taxable","13":"shipping-taxable","14":"product-type-simple"},"acf":[],"_links":{"self":[{"href":"https:\/\/wydawnictwo.ug.edu.pl\/en\/wp-json\/wp\/v2\/product\/46837","targetHints":{"allow":["GET"]}}],"collection":[{"href":"https:\/\/wydawnictwo.ug.edu.pl\/en\/wp-json\/wp\/v2\/product"}],"about":[{"href":"https:\/\/wydawnictwo.ug.edu.pl\/en\/wp-json\/wp\/v2\/types\/product"}],"wp:featuredmedia":[{"embeddable":true,"href":"https:\/\/wydawnictwo.ug.edu.pl\/en\/wp-json\/wp\/v2\/media\/16034"}],"wp:attachment":[{"href":"https:\/\/wydawnictwo.ug.edu.pl\/en\/wp-json\/wp\/v2\/media?parent=46837"}],"wp:term":[{"taxonomy":"journal","embeddable":true,"href":"https:\/\/wydawnictwo.ug.edu.pl\/en\/wp-json\/wp\/v2\/journal?post=46837"},{"taxonomy":"rodzaj","embeddable":true,"href":"https:\/\/wydawnictwo.ug.edu.pl\/en\/wp-json\/wp\/v2\/rodzaj?post=46837"},{"taxonomy":"seria","embeddable":true,"href":"https:\/\/wydawnictwo.ug.edu.pl\/en\/wp-json\/wp\/v2\/seria?post=46837"},{"taxonomy":"product_brand","embeddable":true,"href":"https:\/\/wydawnictwo.ug.edu.pl\/en\/wp-json\/wp\/v2\/product_brand?post=46837"},{"taxonomy":"product_cat","embeddable":true,"href":"https:\/\/wydawnictwo.ug.edu.pl\/en\/wp-json\/wp\/v2\/product_cat?post=46837"},{"taxonomy":"product_tag","embeddable":true,"href":"https:\/\/wydawnictwo.ug.edu.pl\/en\/wp-json\/wp\/v2\/product_tag?post=46837"}],"curies":[{"name":"wp","href":"https:\/\/api.w.org\/{rel}","templated":true}]}}