{"id":46831,"date":"2012-12-31T00:00:00","date_gmt":"2012-12-31T00:00:00","guid":{"rendered":"https:\/\/wydawnictwo.ug.edu.pl\/ksiegarnia-online\/uncategorized\/les-outils-de-lanalyse-litterraire\/"},"modified":"2026-02-11T16:32:57","modified_gmt":"2026-02-11T16:32:57","slug":"les-outils-de-lanalyse-litterraire","status":"publish","type":"product","link":"https:\/\/wydawnictwo.ug.edu.pl\/en\/ksiegarnia-online\/jezykoznawstwo\/les-outils-de-lanalyse-litterraire\/","title":{"rendered":"Les outils de l&#8217;analyse litt\u00e9rraire"},"content":{"rendered":"","protected":false},"excerpt":{"rendered":"<p>Le pr\u00e9sent manuel est surtout destin\u00e9 aux \u00e9tudiants de philologie romane de premi\u00e8re ann\u00e9e, comme base des cours d\u2019introduction \u00e0 la th\u00e9orie litt\u00e9raire. Il a\u00a0la forme d\u2019un catalogue des notions indispensables \u00e0 l\u2019analyse de l\u2019\u0153uvre litt\u00e9raire. L\u2019inventaire des outils analytiques est diff\u00e9renci\u00e9: on en retrouvera ici qui sont connus en th\u00e9orie litt\u00e9raire g\u00e9n\u00e9rale et d\u2019autres qui sont uniquement appliqu\u00e9s aux textes en fran\u00e7ais. La bri\u00e8vet\u00e9 des commentaires r\u00e9sulte du but admis par l\u2019auteure: ceux-ci devront \u00eatre d\u00e9velopp\u00e9s au cours des travaux pratiques avec les \u00e9tudiants en s\u2019appuyant sur des exemples concrets. Le r\u00f4le de ce manuel est donc plut\u00f4t d\u2019orienter les \u00e9tudiants vers l\u2019analyse et la lecture autonome du texte litt\u00e9raire.<\/p>\n","protected":false},"featured_media":16284,"template":"","meta":{"_acf_changed":false},"journal":[],"rodzaj":[7330],"seria":[],"product_brand":[],"product_cat":[7310,6924],"product_tag":[7376],"class_list":{"0":"post-46831","1":"product","2":"type-product","3":"status-publish","4":"has-post-thumbnail","6":"rodzaj-schoolbook","7":"product_cat-nauka-jezykow-obcych","8":"product_cat-jezykoznawstwo","9":"product_tag-ewa-m-wierzbowska","10":"pa_rok-wydania-2013-en","12":"first","13":"instock","14":"taxable","15":"shipping-taxable","16":"purchasable","17":"product-type-simple"},"acf":[],"_links":{"self":[{"href":"https:\/\/wydawnictwo.ug.edu.pl\/en\/wp-json\/wp\/v2\/product\/46831","targetHints":{"allow":["GET"]}}],"collection":[{"href":"https:\/\/wydawnictwo.ug.edu.pl\/en\/wp-json\/wp\/v2\/product"}],"about":[{"href":"https:\/\/wydawnictwo.ug.edu.pl\/en\/wp-json\/wp\/v2\/types\/product"}],"wp:featuredmedia":[{"embeddable":true,"href":"https:\/\/wydawnictwo.ug.edu.pl\/en\/wp-json\/wp\/v2\/media\/16284"}],"wp:attachment":[{"href":"https:\/\/wydawnictwo.ug.edu.pl\/en\/wp-json\/wp\/v2\/media?parent=46831"}],"wp:term":[{"taxonomy":"journal","embeddable":true,"href":"https:\/\/wydawnictwo.ug.edu.pl\/en\/wp-json\/wp\/v2\/journal?post=46831"},{"taxonomy":"rodzaj","embeddable":true,"href":"https:\/\/wydawnictwo.ug.edu.pl\/en\/wp-json\/wp\/v2\/rodzaj?post=46831"},{"taxonomy":"seria","embeddable":true,"href":"https:\/\/wydawnictwo.ug.edu.pl\/en\/wp-json\/wp\/v2\/seria?post=46831"},{"taxonomy":"product_brand","embeddable":true,"href":"https:\/\/wydawnictwo.ug.edu.pl\/en\/wp-json\/wp\/v2\/product_brand?post=46831"},{"taxonomy":"product_cat","embeddable":true,"href":"https:\/\/wydawnictwo.ug.edu.pl\/en\/wp-json\/wp\/v2\/product_cat?post=46831"},{"taxonomy":"product_tag","embeddable":true,"href":"https:\/\/wydawnictwo.ug.edu.pl\/en\/wp-json\/wp\/v2\/product_tag?post=46831"}],"curies":[{"name":"wp","href":"https:\/\/api.w.org\/{rel}","templated":true}]}}