{"id":46828,"date":"2013-11-30T00:00:00","date_gmt":"2013-11-30T00:00:00","guid":{"rendered":"https:\/\/wydawnictwo.ug.edu.pl\/ksiegarnia-online\/uncategorized\/przewodnik-do-cwiczen-z-przedmiotu-metody-statystyczne-w-biologii\/"},"modified":"2026-02-11T16:33:05","modified_gmt":"2026-02-11T16:33:05","slug":"przewodnik-do-cwiczen-z-przedmiotu-metody-statystyczne-w-biologii","status":"publish","type":"product","link":"https:\/\/wydawnictwo.ug.edu.pl\/en\/ksiegarnia-online\/matematyka-i-informatyka\/przewodnik-do-cwiczen-z-przedmiotu-metody-statystyczne-w-biologii\/","title":{"rendered":"Przewodnik do \u0107wicze\u0144 z przedmiotu metody statystyczne w biologii"},"content":{"rendered":"<p><strong><a href=\"https:\/\/wydawnictwo.ug.edu.pl\/wp-content\/uploads\/2021\/09\/Pliki-do-cw-II-wydanie_pliki-Statistica.zip\">Pliki do \u0107wicze\u0144 (Statistica)<\/a><\/strong><\/p>\n<p><strong><a href=\"https:\/\/wydawnictwo.ug.edu.pl\/wp-content\/uploads\/2021\/09\/Pliki-do-cwiczen-II-wydanie_nowe-pliki.zip\">Pliki do \u0107wicze\u0144 &#8211; nowe (Statistica)<\/a><\/strong><\/p>\n<p><strong><a href=\"https:\/\/wydawnictwo.ug.edu.pl\/wp-content\/uploads\/2021\/09\/Wszystkie-ploki-Excel-2007.zip\">Pliki do \u0107wicze\u0144 (Excel)<\/a><\/strong><\/p>\n","protected":false},"excerpt":{"rendered":"<p>W literaturze\u00a0 mo\u017cna znale\u017a\u0107 informacj\u0119, \u017ce w\u00a0latach 30. ubieg\u0142ego wieku na terenie Prus Wschodnich wykryto istotny zwi\u0105zek mi\u0119dzy liczb\u0105 urodzin dzieci i\u00a0liczba bocian\u00f3w. Mniej wi\u0119cej w\u00a0tym samym okresie w\u00a0p\u00f3\u0142nocnej Kanadzie liczba urodzin dzieci korelowa\u0142a w\u00a0istotny spos\u00f3b ze \u015brednim spo\u017cyciem alkoholu na g\u0142ow\u0119 mieszka\u0144ca. Na podstawie tych anegdotycznych fakt\u00f3w mog\u0142oby si\u0119 wydawa\u0107, \u017ce tak jak to nam t\u0142umaczono w\u00a0przedszkolu, bocian odgrywa jak\u0105\u015b istotn\u0105 rol\u0119 w\u00a0przychodzeniu na \u015bwiat nowych pokole\u0144, natomiast w\u00a0Kanadzie, gdzie bocian\u00f3w nie ma, ludzie wida\u0107 radz\u0105 sobie jako\u015b inaczej. Zdrowy rozs\u0105dek podpowiada jednak, \u017ce z\u00a0t\u0105 statystyk\u0105 chyba co\u015b jest nie tak, skoro stosuj\u0105c naukow\u0105 przecie\u017c metod\u0119, jak\u0105 jest analiza korelacji, otrzymali\u015bmy powy\u017csze wyniki. Przyk\u0142ad\u00f3w podobnych korelacji mo\u017cna znale\u017a\u0107 wi\u0119cej. Wielko\u015b\u0107 strat materialnych spowodowanych po\u017carami dodatnio koreluje z\u00a0liczb\u0105 stra\u017cak\u00f3w uczestnicz\u0105cych w\u00a0ich gaszeniu. Nie powinni\u015bmy jednak z\u00a0tego wyci\u0105ga\u0107 wniosku, \u017ce to stra\u017cacy powoduj\u0105 te straty!<\/p>\n","protected":false},"featured_media":16095,"template":"","meta":{"_acf_changed":false},"journal":[],"rodzaj":[7330],"seria":[],"product_brand":[],"product_cat":[7309],"product_tag":[],"class_list":{"0":"post-46828","1":"product","2":"type-product","3":"status-publish","4":"has-post-thumbnail","6":"rodzaj-schoolbook","7":"product_cat-matematyka-i-informatyka","8":"pa_rok-wydania-2014-en","10":"first","11":"instock","12":"taxable","13":"shipping-taxable","14":"product-type-simple"},"acf":[],"_links":{"self":[{"href":"https:\/\/wydawnictwo.ug.edu.pl\/en\/wp-json\/wp\/v2\/product\/46828","targetHints":{"allow":["GET"]}}],"collection":[{"href":"https:\/\/wydawnictwo.ug.edu.pl\/en\/wp-json\/wp\/v2\/product"}],"about":[{"href":"https:\/\/wydawnictwo.ug.edu.pl\/en\/wp-json\/wp\/v2\/types\/product"}],"wp:featuredmedia":[{"embeddable":true,"href":"https:\/\/wydawnictwo.ug.edu.pl\/en\/wp-json\/wp\/v2\/media\/16095"}],"wp:attachment":[{"href":"https:\/\/wydawnictwo.ug.edu.pl\/en\/wp-json\/wp\/v2\/media?parent=46828"}],"wp:term":[{"taxonomy":"journal","embeddable":true,"href":"https:\/\/wydawnictwo.ug.edu.pl\/en\/wp-json\/wp\/v2\/journal?post=46828"},{"taxonomy":"rodzaj","embeddable":true,"href":"https:\/\/wydawnictwo.ug.edu.pl\/en\/wp-json\/wp\/v2\/rodzaj?post=46828"},{"taxonomy":"seria","embeddable":true,"href":"https:\/\/wydawnictwo.ug.edu.pl\/en\/wp-json\/wp\/v2\/seria?post=46828"},{"taxonomy":"product_brand","embeddable":true,"href":"https:\/\/wydawnictwo.ug.edu.pl\/en\/wp-json\/wp\/v2\/product_brand?post=46828"},{"taxonomy":"product_cat","embeddable":true,"href":"https:\/\/wydawnictwo.ug.edu.pl\/en\/wp-json\/wp\/v2\/product_cat?post=46828"},{"taxonomy":"product_tag","embeddable":true,"href":"https:\/\/wydawnictwo.ug.edu.pl\/en\/wp-json\/wp\/v2\/product_tag?post=46828"}],"curies":[{"name":"wp","href":"https:\/\/api.w.org\/{rel}","templated":true}]}}