{"id":46827,"date":"2013-11-30T00:00:00","date_gmt":"2013-11-30T00:00:00","guid":{"rendered":"https:\/\/wydawnictwo.ug.edu.pl\/ksiegarnia-online\/uncategorized\/skorupiaki-baltyku\/"},"modified":"2026-02-11T16:30:19","modified_gmt":"2026-02-11T16:30:19","slug":"skorupiaki-baltyku","status":"publish","type":"product","link":"https:\/\/wydawnictwo.ug.edu.pl\/en\/ksiegarnia-online\/geografia-i-oceanografia\/skorupiaki-baltyku\/","title":{"rendered":"Skorupiaki Ba\u0142tyku"},"content":{"rendered":"","protected":false},"excerpt":{"rendered":"<p style=\"text-align: justify;\">Autorka udowadnia, \u017ce Morze Ba\u0142tyckie nie jest \u201ewodn\u0105 pustyni\u0105\u201d, ale wyst\u0119puje w\u00a0nim wiele gatunk\u00f3w skorupiak\u00f3w. W ksi\u0105\u017cce przedstawione s\u0105 wszystkie spotykane w\u00a0polskiej strefie brzegowej skorupiaki z\u00a0gromady Malacostraca (jest ich 57) \u2013 stanowisko systematyczne ka\u017cdego gatunku, jego pochodzenie, rozmieszczenie w\u00a0wodach europejskich, wymagania \u015brodowiskowe, rola w\u00a0sieci troficznej i\u00a0gospodarce cz\u0142owieka. Ca\u0142o\u015b\u0107 poprzedza opis historii Morza Ba\u0142tyckiego, jego po\u0142o\u017cenia i\u00a0specyficznych warunk\u00f3w hydrologicznych, czyli wiedza konieczna do zrozumienia, dlaczego w\u00a0naszych przybrze\u017cnych wodach wyst\u0119puje jedynie cz\u0119\u015b\u0107 z\u00a0licznych gatunk\u00f3w skorupiak\u00f3w morskich.<\/p>\n<p style=\"text-align: justify;\">Ksi\u0105\u017cka jest bardzo bogato ilustrowana, specjalnie do tej publikacji przygotowanymi, pi\u0119knymi zdj\u0119ciami i\u00a0rysunkami zwierz\u0105t.<\/p>\n<p>Publikacja <a href=\"https:\/\/wydawnictwo.ug.edu.pl\/nominacje-i-nagrody\/nagroda-dla-ksiazki-skorupiaki-baltyku-anny-szaniawskiej-na-xviii-miedzynarodowych-targach-ksiazki-w-krakowie\/\">otrzyma\u0142a g\u0142\u00f3wn\u0105 nagrod\u0119<\/a> w kategorii Najlepszy podr\u0119cznik i skrypt akademicki w roku 2014 podczas XVIII Mi\u0119dzynarodowych Targ\u00f3w Ksi\u0105\u017cki w Krakowie.<\/p>\n","protected":false},"featured_media":15603,"template":"","meta":{"_acf_changed":false},"journal":[],"rodzaj":[],"seria":[],"product_brand":[],"product_cat":[7307,7029],"product_tag":[8168],"class_list":{"0":"post-46827","1":"product","2":"type-product","3":"status-publish","4":"has-post-thumbnail","6":"product_cat-biologia","7":"product_cat-geografia-i-oceanografia","8":"product_tag-anna-szaniawskaanna-szaniawska","9":"pa_rok-wydania-2014-en","11":"first","12":"outofstock","13":"downloadable","14":"virtual","15":"taxable","16":"purchasable","17":"product-type-simple"},"acf":[],"_links":{"self":[{"href":"https:\/\/wydawnictwo.ug.edu.pl\/en\/wp-json\/wp\/v2\/product\/46827","targetHints":{"allow":["GET"]}}],"collection":[{"href":"https:\/\/wydawnictwo.ug.edu.pl\/en\/wp-json\/wp\/v2\/product"}],"about":[{"href":"https:\/\/wydawnictwo.ug.edu.pl\/en\/wp-json\/wp\/v2\/types\/product"}],"wp:featuredmedia":[{"embeddable":true,"href":"https:\/\/wydawnictwo.ug.edu.pl\/en\/wp-json\/wp\/v2\/media\/15603"}],"wp:attachment":[{"href":"https:\/\/wydawnictwo.ug.edu.pl\/en\/wp-json\/wp\/v2\/media?parent=46827"}],"wp:term":[{"taxonomy":"journal","embeddable":true,"href":"https:\/\/wydawnictwo.ug.edu.pl\/en\/wp-json\/wp\/v2\/journal?post=46827"},{"taxonomy":"rodzaj","embeddable":true,"href":"https:\/\/wydawnictwo.ug.edu.pl\/en\/wp-json\/wp\/v2\/rodzaj?post=46827"},{"taxonomy":"seria","embeddable":true,"href":"https:\/\/wydawnictwo.ug.edu.pl\/en\/wp-json\/wp\/v2\/seria?post=46827"},{"taxonomy":"product_brand","embeddable":true,"href":"https:\/\/wydawnictwo.ug.edu.pl\/en\/wp-json\/wp\/v2\/product_brand?post=46827"},{"taxonomy":"product_cat","embeddable":true,"href":"https:\/\/wydawnictwo.ug.edu.pl\/en\/wp-json\/wp\/v2\/product_cat?post=46827"},{"taxonomy":"product_tag","embeddable":true,"href":"https:\/\/wydawnictwo.ug.edu.pl\/en\/wp-json\/wp\/v2\/product_tag?post=46827"}],"curies":[{"name":"wp","href":"https:\/\/api.w.org\/{rel}","templated":true}]}}