{"id":46824,"date":"2013-11-30T10:00:00","date_gmt":"2013-11-30T10:00:00","guid":{"rendered":"https:\/\/wydawnictwo.ug.edu.pl\/ksiegarnia-online\/uncategorized\/peter-von-danzig-dzieje-wielkiej-karaweli-1462-1475\/"},"modified":"2026-02-11T16:30:24","modified_gmt":"2026-02-11T16:30:24","slug":"peter-von-danzig-dzieje-wielkiej-karaweli-1462-1475","status":"publish","type":"product","link":"https:\/\/wydawnictwo.ug.edu.pl\/en\/ksiegarnia-online\/historia\/peter-von-danzig-dzieje-wielkiej-karaweli-1462-1475\/","title":{"rendered":"\u201ePeter von Danzig\u201d. Dzieje wielkiej karaweli 1462\u20131475"},"content":{"rendered":"","protected":false},"excerpt":{"rendered":"<p>Ksi\u0105\u017cka dotyczy jednego ze s\u0142ynniejszych \u201egda\u0144skich\u201d statk\u00f3w \u2013 wielkiej karaweli \u201ePeter von Danzig\u201d. Kiedy latem 1462 r. jednostka ta przyby\u0142a do Gda\u0144ska z \u0142adunkiem soli na pok\u0142adzie, nosi\u0142a nazw\u0119 \u201ePierre de La Rochelle\u201d. Nieszcz\u0119\u015bliwy wypadek sprawi\u0142, \u017ce statek d\u0142ugo niszcza\u0142 na Mot\u0142awie i w wyniku skomplikowanych okoliczno\u015bci przeszed\u0142 w r\u0119ce gda\u0144szczan. W ostatniej chwili unikn\u0105\u0142 rozbi\u00f3rki i wyremontowany ju\u017c jako \u201ePeter von Danzig\u201d ruszy\u0142 w 1471 r. w morze, na wojn\u0119 z Angli\u0105. Dowodzony przez rajc\u0119 gda\u0144skiego Berndta Pawesta dzia\u0142a\u0142 u wybrze\u017cy niderlandzkich, francuskich i angielskich. Po ponad rocznej s\u0142u\u017cbie. \u201eszary istary\u201d, jak o sobie pisa\u0142, Berndt Pawest odda\u0142 dowodzenie gda\u0144skiemu kaprowi Paulowi Benekemu, kt\u00f3ry przeprowadzi\u0142 brawurow\u0105 akcj\u0119 zaj\u0119cia id\u0105cej pod burgundzk\u0105 flag\u0105 galery \u201e\u015aw. Mateusz\u201d. Zdoby\u0142 bogate \u0142upy, w\u015br\u00f3d nich s\u0142ynny dzi\u015b obraz Hansa Memlinga S\u0105d ostateczny. W 1475 r. wielka karawela wyruszy\u0142a w ostatni rejs, ko\u0144cz\u0105c morsk\u0105 s\u0142u\u017cb\u0119 u zachodnich wybrze\u017cy Francji.<br \/>\nW monografii czytelnik znajdzie wiele szczeg\u00f3\u0142\u00f3w dotycz\u0105cych spraw morskich., warunk\u00f3w \u015bredniowiecznej \u017ceglugi i \u017cycia codziennego p\u00f3\u017ano\u015bredniowiecznych marynarzy.<\/p>\n","protected":false},"featured_media":15858,"template":"","meta":{"_acf_changed":false},"journal":[],"rodzaj":[],"seria":[],"product_brand":[],"product_cat":[6958],"product_tag":[7393],"class_list":{"0":"post-46824","1":"product","2":"type-product","3":"status-publish","4":"has-post-thumbnail","6":"product_cat-historia","7":"product_tag-beata-mozejko","8":"pa_rok-wydania-2014-en","10":"first","11":"outofstock","12":"taxable","13":"shipping-taxable","14":"purchasable","15":"product-type-simple"},"acf":[],"_links":{"self":[{"href":"https:\/\/wydawnictwo.ug.edu.pl\/en\/wp-json\/wp\/v2\/product\/46824","targetHints":{"allow":["GET"]}}],"collection":[{"href":"https:\/\/wydawnictwo.ug.edu.pl\/en\/wp-json\/wp\/v2\/product"}],"about":[{"href":"https:\/\/wydawnictwo.ug.edu.pl\/en\/wp-json\/wp\/v2\/types\/product"}],"wp:featuredmedia":[{"embeddable":true,"href":"https:\/\/wydawnictwo.ug.edu.pl\/en\/wp-json\/wp\/v2\/media\/15858"}],"wp:attachment":[{"href":"https:\/\/wydawnictwo.ug.edu.pl\/en\/wp-json\/wp\/v2\/media?parent=46824"}],"wp:term":[{"taxonomy":"journal","embeddable":true,"href":"https:\/\/wydawnictwo.ug.edu.pl\/en\/wp-json\/wp\/v2\/journal?post=46824"},{"taxonomy":"rodzaj","embeddable":true,"href":"https:\/\/wydawnictwo.ug.edu.pl\/en\/wp-json\/wp\/v2\/rodzaj?post=46824"},{"taxonomy":"seria","embeddable":true,"href":"https:\/\/wydawnictwo.ug.edu.pl\/en\/wp-json\/wp\/v2\/seria?post=46824"},{"taxonomy":"product_brand","embeddable":true,"href":"https:\/\/wydawnictwo.ug.edu.pl\/en\/wp-json\/wp\/v2\/product_brand?post=46824"},{"taxonomy":"product_cat","embeddable":true,"href":"https:\/\/wydawnictwo.ug.edu.pl\/en\/wp-json\/wp\/v2\/product_cat?post=46824"},{"taxonomy":"product_tag","embeddable":true,"href":"https:\/\/wydawnictwo.ug.edu.pl\/en\/wp-json\/wp\/v2\/product_tag?post=46824"}],"curies":[{"name":"wp","href":"https:\/\/api.w.org\/{rel}","templated":true}]}}