{"id":46822,"date":"2013-12-01T00:01:00","date_gmt":"2013-12-01T00:01:00","guid":{"rendered":"https:\/\/wydawnictwo.ug.edu.pl\/ksiegarnia-online\/uncategorized\/makroekonomia-przewodnik\/"},"modified":"2026-02-11T16:30:24","modified_gmt":"2026-02-11T16:30:24","slug":"makroekonomia-przewodnik","status":"publish","type":"product","link":"https:\/\/wydawnictwo.ug.edu.pl\/en\/ksiegarnia-online\/ekonomia\/makroekonomia-przewodnik\/","title":{"rendered":"Makroekonomia. Przewodnik"},"content":{"rendered":"","protected":false},"excerpt":{"rendered":"<p>Prezentowane trzecie wydanie tej popularnej ksi\u0105\u017cki zawiera trzy nowe tematy (5. Konsumpcja, oszcz\u0119dno\u015bci i inwestycje, 13. Klasyczny model funkcjonowania gospodarki, 15. Model r\u00f3wnowagi IS-LM), najnowsze wska\u017aniki gospodarcze (w za\u0142\u0105cznikach) oraz wiele nowych \u0107wicze\u0144 i pyta\u0144 testowych.<\/p>\n<p>Materia\u0142y wyk\u0142adowe (slajdy) s\u0105 prezentowane na stronie www.koniunktura.com (dolna zak\u0142adka: Strefa edukacyjna). Tam te\u017c mo\u017cna znale\u017a\u0107 najnowsze wska\u017aniki dotycz\u0105ce \u015bwiatowej gospodarki (g\u00f3rna zak\u0142adka: Wska\u017aniki).<\/p>\n","protected":false},"featured_media":16286,"template":"","meta":{"_acf_changed":false},"journal":[],"rodzaj":[7330],"seria":[],"product_brand":[],"product_cat":[6934],"product_tag":[7620],"class_list":{"0":"post-46822","1":"product","2":"type-product","3":"status-publish","4":"has-post-thumbnail","6":"rodzaj-schoolbook","7":"product_cat-ekonomia","8":"product_tag-marek-szczepaniec","9":"pa_rok-wydania-2014-en","11":"first","12":"instock","13":"taxable","14":"shipping-taxable","15":"purchasable","16":"product-type-simple"},"acf":[],"_links":{"self":[{"href":"https:\/\/wydawnictwo.ug.edu.pl\/en\/wp-json\/wp\/v2\/product\/46822","targetHints":{"allow":["GET"]}}],"collection":[{"href":"https:\/\/wydawnictwo.ug.edu.pl\/en\/wp-json\/wp\/v2\/product"}],"about":[{"href":"https:\/\/wydawnictwo.ug.edu.pl\/en\/wp-json\/wp\/v2\/types\/product"}],"wp:featuredmedia":[{"embeddable":true,"href":"https:\/\/wydawnictwo.ug.edu.pl\/en\/wp-json\/wp\/v2\/media\/16286"}],"wp:attachment":[{"href":"https:\/\/wydawnictwo.ug.edu.pl\/en\/wp-json\/wp\/v2\/media?parent=46822"}],"wp:term":[{"taxonomy":"journal","embeddable":true,"href":"https:\/\/wydawnictwo.ug.edu.pl\/en\/wp-json\/wp\/v2\/journal?post=46822"},{"taxonomy":"rodzaj","embeddable":true,"href":"https:\/\/wydawnictwo.ug.edu.pl\/en\/wp-json\/wp\/v2\/rodzaj?post=46822"},{"taxonomy":"seria","embeddable":true,"href":"https:\/\/wydawnictwo.ug.edu.pl\/en\/wp-json\/wp\/v2\/seria?post=46822"},{"taxonomy":"product_brand","embeddable":true,"href":"https:\/\/wydawnictwo.ug.edu.pl\/en\/wp-json\/wp\/v2\/product_brand?post=46822"},{"taxonomy":"product_cat","embeddable":true,"href":"https:\/\/wydawnictwo.ug.edu.pl\/en\/wp-json\/wp\/v2\/product_cat?post=46822"},{"taxonomy":"product_tag","embeddable":true,"href":"https:\/\/wydawnictwo.ug.edu.pl\/en\/wp-json\/wp\/v2\/product_tag?post=46822"}],"curies":[{"name":"wp","href":"https:\/\/api.w.org\/{rel}","templated":true}]}}