{"id":46821,"date":"2013-12-02T00:00:00","date_gmt":"2013-12-02T00:00:00","guid":{"rendered":"https:\/\/wydawnictwo.ug.edu.pl\/ksiegarnia-online\/uncategorized\/cwiczenia-z-fonetyki-jezyka-rosyjskiego-dla-poczatkujacych\/"},"modified":"2026-02-11T16:30:27","modified_gmt":"2026-02-11T16:30:27","slug":"cwiczenia-z-fonetyki-jezyka-rosyjskiego-dla-poczatkujacych","status":"publish","type":"product","link":"https:\/\/wydawnictwo.ug.edu.pl\/en\/ksiegarnia-online\/jezykoznawstwo\/cwiczenia-z-fonetyki-jezyka-rosyjskiego-dla-poczatkujacych\/","title":{"rendered":"\u0106wiczenia z fonetyki j\u0119zyka rosyjskiego dla pocz\u0105tkuj\u0105cych"},"content":{"rendered":"","protected":false},"excerpt":{"rendered":"<p>Wi\u0119kszo\u015b\u0107 program\u00f3w nauczania j\u0119zyk\u00f3w obcych skierowana jest na kszta\u0142towanie wielu umiej\u0119tno\u015bci j\u0119zykowych, kt\u00f3re zapewniaj\u0105 poprawn\u0105 i\u00a0skuteczn\u0105 komunikacj\u0119 w\u00a0danym j\u0119zyku. Tymczasem nawyki fonetyczne j\u0119zyka obcego u\u00a0uczni\u00f3w, kt\u00f3rzy rozpoczynaj\u0105 nauk\u0119 j\u0119zyka w\u00a0wieku powy\u017cej 15 lat, s\u0105 trudne do opanowania. Dlatego potrzebne s\u0105 dodatkowe dzia\u0142ania glottodydaktyczne, kt\u00f3re wspomaga\u0142yby proces nauczania poprzez kszta\u0142towanie poprawnych nawyk\u00f3w fonologicznych oraz przybli\u017cy\u0142yby praktyczn\u0105 znajomo\u015b\u0107 zasad wymowy.<\/p>\n<p><a href=\"https:\/\/wydawnictwo.ug.edu.pl\/wp-content\/uploads\/2021\/09\/cd-1-mp3.zip\">Pobierz CD1 (pliki mp3)<\/a><\/p>\n<p><a href=\"https:\/\/wydawnictwo.ug.edu.pl\/wp-content\/uploads\/2021\/09\/cd-2-mp3.zip\">Pobierz CD2 (pliki mp3)<\/a><\/p>\n","protected":false},"featured_media":16138,"template":"","meta":{"_acf_changed":false},"journal":[],"rodzaj":[7330],"seria":[],"product_brand":[],"product_cat":[7310,6924],"product_tag":[7950,7472],"class_list":{"0":"post-46821","1":"product","2":"type-product","3":"status-publish","4":"has-post-thumbnail","6":"rodzaj-schoolbook","7":"product_cat-nauka-jezykow-obcych","8":"product_cat-jezykoznawstwo","9":"product_tag-malgorzata-marciszewska","10":"product_tag-zanna-sladkiewicz","11":"pa_rok-wydania-2014-en","13":"first","14":"outofstock","15":"taxable","16":"shipping-taxable","17":"purchasable","18":"product-type-simple"},"acf":[],"_links":{"self":[{"href":"https:\/\/wydawnictwo.ug.edu.pl\/en\/wp-json\/wp\/v2\/product\/46821","targetHints":{"allow":["GET"]}}],"collection":[{"href":"https:\/\/wydawnictwo.ug.edu.pl\/en\/wp-json\/wp\/v2\/product"}],"about":[{"href":"https:\/\/wydawnictwo.ug.edu.pl\/en\/wp-json\/wp\/v2\/types\/product"}],"wp:featuredmedia":[{"embeddable":true,"href":"https:\/\/wydawnictwo.ug.edu.pl\/en\/wp-json\/wp\/v2\/media\/16138"}],"wp:attachment":[{"href":"https:\/\/wydawnictwo.ug.edu.pl\/en\/wp-json\/wp\/v2\/media?parent=46821"}],"wp:term":[{"taxonomy":"journal","embeddable":true,"href":"https:\/\/wydawnictwo.ug.edu.pl\/en\/wp-json\/wp\/v2\/journal?post=46821"},{"taxonomy":"rodzaj","embeddable":true,"href":"https:\/\/wydawnictwo.ug.edu.pl\/en\/wp-json\/wp\/v2\/rodzaj?post=46821"},{"taxonomy":"seria","embeddable":true,"href":"https:\/\/wydawnictwo.ug.edu.pl\/en\/wp-json\/wp\/v2\/seria?post=46821"},{"taxonomy":"product_brand","embeddable":true,"href":"https:\/\/wydawnictwo.ug.edu.pl\/en\/wp-json\/wp\/v2\/product_brand?post=46821"},{"taxonomy":"product_cat","embeddable":true,"href":"https:\/\/wydawnictwo.ug.edu.pl\/en\/wp-json\/wp\/v2\/product_cat?post=46821"},{"taxonomy":"product_tag","embeddable":true,"href":"https:\/\/wydawnictwo.ug.edu.pl\/en\/wp-json\/wp\/v2\/product_tag?post=46821"}],"curies":[{"name":"wp","href":"https:\/\/api.w.org\/{rel}","templated":true}]}}