{"id":46816,"date":"2014-11-30T00:00:00","date_gmt":"2014-11-30T00:00:00","guid":{"rendered":"https:\/\/wydawnictwo.ug.edu.pl\/ksiegarnia-online\/uncategorized\/j-m-coetzee-dead-ends-and-beyond\/"},"modified":"2026-02-11T16:28:50","modified_gmt":"2026-02-11T16:28:50","slug":"j-m-coetzee-dead-ends-and-beyond","status":"publish","type":"product","link":"https:\/\/wydawnictwo.ug.edu.pl\/en\/ksiegarnia-online\/literaturoznawstwo\/j-m-coetzee-dead-ends-and-beyond\/","title":{"rendered":"J.M. Coetzee: Dead Ends and Beyond"},"content":{"rendered":"","protected":false},"excerpt":{"rendered":"<p>Monografia sk\u0142ada si\u0119 z dziesi\u0119ciu artyku\u0142\u00f3w autorstwa polskich i zagranicznych literaturoznawc\u00f3w zajmuj\u0105cych si\u0119 tw\u00f3rczo\u015bci\u0105 noblisty J.M. Coetzee\u2019go. Teksty stanowi\u0105 komplementarn\u0105 ca\u0142o\u015b\u0107, skupiaj\u0105c\u0105 si\u0119 na r\u00f3\u017cnorodnych aspektach powie\u015bci Coetzee\u2019go, rozpatrywanych pod k\u0105tem technik narracyjnych modyfikuj\u0105cych lub blokuj\u0105cych tradycyjne sposoby komunikacji literackiej. Rozwijana w ksi\u0105\u017cce argumentacja obejmuje wszystkie powie\u015bci Coetzee\u2019go od\u00a0<em>Dusklands\u00a0<\/em>(1974) a\u017c po\u00a0<em>Dzieci\u0144stwo Jezusa<\/em>\u00a0(2013).<\/p>\n","protected":false},"featured_media":16771,"template":"","meta":{"_acf_changed":false},"journal":[],"rodzaj":[2602,2604],"seria":[6738],"product_brand":[],"product_cat":[2485],"product_tag":[603,1056],"class_list":{"0":"post-46816","1":"product","2":"type-product","3":"status-publish","4":"has-post-thumbnail","6":"rodzaj-ksiazki","7":"rodzaj-serie-wydawnicze","8":"seria-between-pomiedzy","9":"product_cat-literaturoznawstwo","10":"product_tag-ludmila-gruszewska-blaim","11":"product_tag-tomasz-wisniewski","13":"first","14":"outofstock","15":"taxable","16":"shipping-taxable","17":"purchasable","18":"product-type-simple"},"acf":[],"_links":{"self":[{"href":"https:\/\/wydawnictwo.ug.edu.pl\/en\/wp-json\/wp\/v2\/product\/46816","targetHints":{"allow":["GET"]}}],"collection":[{"href":"https:\/\/wydawnictwo.ug.edu.pl\/en\/wp-json\/wp\/v2\/product"}],"about":[{"href":"https:\/\/wydawnictwo.ug.edu.pl\/en\/wp-json\/wp\/v2\/types\/product"}],"wp:featuredmedia":[{"embeddable":true,"href":"https:\/\/wydawnictwo.ug.edu.pl\/en\/wp-json\/wp\/v2\/media\/16771"}],"wp:attachment":[{"href":"https:\/\/wydawnictwo.ug.edu.pl\/en\/wp-json\/wp\/v2\/media?parent=46816"}],"wp:term":[{"taxonomy":"journal","embeddable":true,"href":"https:\/\/wydawnictwo.ug.edu.pl\/en\/wp-json\/wp\/v2\/journal?post=46816"},{"taxonomy":"rodzaj","embeddable":true,"href":"https:\/\/wydawnictwo.ug.edu.pl\/en\/wp-json\/wp\/v2\/rodzaj?post=46816"},{"taxonomy":"seria","embeddable":true,"href":"https:\/\/wydawnictwo.ug.edu.pl\/en\/wp-json\/wp\/v2\/seria?post=46816"},{"taxonomy":"product_brand","embeddable":true,"href":"https:\/\/wydawnictwo.ug.edu.pl\/en\/wp-json\/wp\/v2\/product_brand?post=46816"},{"taxonomy":"product_cat","embeddable":true,"href":"https:\/\/wydawnictwo.ug.edu.pl\/en\/wp-json\/wp\/v2\/product_cat?post=46816"},{"taxonomy":"product_tag","embeddable":true,"href":"https:\/\/wydawnictwo.ug.edu.pl\/en\/wp-json\/wp\/v2\/product_tag?post=46816"}],"curies":[{"name":"wp","href":"https:\/\/api.w.org\/{rel}","templated":true}]}}