{"id":46814,"date":"2014-11-30T00:00:00","date_gmt":"2014-11-30T00:00:00","guid":{"rendered":"https:\/\/wydawnictwo.ug.edu.pl\/ksiegarnia-online\/uncategorized\/boundless-scotland-space-in-contemporary-scottish-fiction\/"},"modified":"2026-02-11T16:30:30","modified_gmt":"2026-02-11T16:30:30","slug":"boundless-scotland-space-in-contemporary-scottish-fiction","status":"publish","type":"product","link":"https:\/\/wydawnictwo.ug.edu.pl\/en\/ksiegarnia-online\/literaturoznawstwo\/boundless-scotland-space-in-contemporary-scottish-fiction\/","title":{"rendered":"Boundless Scotland: Space in Contemporary Scottish Fiction"},"content":{"rendered":"","protected":false},"excerpt":{"rendered":"<p>Publikacja porusza temat przestrzeni we wsp\u00f3\u0142czesnej prozie szkockiej. Specyficzna polityczna sytuacja Szkocji \u2013 nar\u00f3d bez niepodleg\u0142ego kraju \u2013 determinuje kszta\u0142t literacki wielu utwor\u00f3w, za\u015b po\u0142o\u017cenie geograficzne na tysi\u0105cu wysepek powoduje rozproszenie to\u017csamo\u015bci narodowej. Dodatkowo mnogo\u015b\u0107 j\u0119zyk\u00f3w \u2013 opr\u00f3cz szkockiej odmiany angielskiego mo\u017cna wyr\u00f3\u017cni\u0107 j\u0119zyk scots i gaelicki wraz z licznymi dialektami \u2013 sprawia, \u017ce przestrze\u0144 stanowi niezwykle istotne zagadnienie. W swych ksi\u0105\u017ckach pisarze cz\u0119sto podejmuj\u0105 temat kontestowanych przestrzeni p\u0142ci, j\u0119zyka czy to\u017csamo\u015bci indywidualnej.<\/p>\n","protected":false},"featured_media":17745,"template":"","meta":{"_acf_changed":false},"journal":[],"rodzaj":[7074,7076],"seria":[7718],"product_brand":[],"product_cat":[6925],"product_tag":[8144],"class_list":{"0":"post-46814","1":"product","2":"type-product","3":"status-publish","4":"has-post-thumbnail","6":"rodzaj-ksiazki","7":"rodzaj-serie-wydawnicze","8":"seria-between-pomiedzy","9":"product_cat-literaturoznawstwo","10":"product_tag-monika-szuba","12":"first","13":"outofstock","14":"taxable","15":"shipping-taxable","16":"purchasable","17":"product-type-simple"},"acf":[],"_links":{"self":[{"href":"https:\/\/wydawnictwo.ug.edu.pl\/en\/wp-json\/wp\/v2\/product\/46814","targetHints":{"allow":["GET"]}}],"collection":[{"href":"https:\/\/wydawnictwo.ug.edu.pl\/en\/wp-json\/wp\/v2\/product"}],"about":[{"href":"https:\/\/wydawnictwo.ug.edu.pl\/en\/wp-json\/wp\/v2\/types\/product"}],"wp:featuredmedia":[{"embeddable":true,"href":"https:\/\/wydawnictwo.ug.edu.pl\/en\/wp-json\/wp\/v2\/media\/17745"}],"wp:attachment":[{"href":"https:\/\/wydawnictwo.ug.edu.pl\/en\/wp-json\/wp\/v2\/media?parent=46814"}],"wp:term":[{"taxonomy":"journal","embeddable":true,"href":"https:\/\/wydawnictwo.ug.edu.pl\/en\/wp-json\/wp\/v2\/journal?post=46814"},{"taxonomy":"rodzaj","embeddable":true,"href":"https:\/\/wydawnictwo.ug.edu.pl\/en\/wp-json\/wp\/v2\/rodzaj?post=46814"},{"taxonomy":"seria","embeddable":true,"href":"https:\/\/wydawnictwo.ug.edu.pl\/en\/wp-json\/wp\/v2\/seria?post=46814"},{"taxonomy":"product_brand","embeddable":true,"href":"https:\/\/wydawnictwo.ug.edu.pl\/en\/wp-json\/wp\/v2\/product_brand?post=46814"},{"taxonomy":"product_cat","embeddable":true,"href":"https:\/\/wydawnictwo.ug.edu.pl\/en\/wp-json\/wp\/v2\/product_cat?post=46814"},{"taxonomy":"product_tag","embeddable":true,"href":"https:\/\/wydawnictwo.ug.edu.pl\/en\/wp-json\/wp\/v2\/product_tag?post=46814"}],"curies":[{"name":"wp","href":"https:\/\/api.w.org\/{rel}","templated":true}]}}