{"id":46812,"date":"2015-12-01T00:00:00","date_gmt":"2015-12-01T00:00:00","guid":{"rendered":"https:\/\/wydawnictwo.ug.edu.pl\/ksiegarnia-online\/uncategorized\/e-learning-w-edukacji-humanistycznej\/"},"modified":"2026-02-11T16:21:28","modified_gmt":"2026-02-11T16:21:28","slug":"e-learning-w-edukacji-humanistycznej","status":"publish","type":"product","link":"https:\/\/wydawnictwo.ug.edu.pl\/en\/ksiegarnia-online\/literaturoznawstwo\/e-learning-w-edukacji-humanistycznej\/","title":{"rendered":"E-learning w edukacji humanistycznej"},"content":{"rendered":"","protected":false},"excerpt":{"rendered":"<p>Ksi\u0105\u017cka jest publikacj\u0105 istotn\u0105 nie tylko w pracy nauczycieli szkolnych i \u00a0akademickich, ale r\u00f3wnie\u017c wa\u017cn\u0105 dla spo\u0142ecznego zrozumienia powa\u017cnych zmian technologicznych. Nios\u0105 one ze sob\u0105 pozytywne warto\u015bci, ale\u00a0jednocze\u015bnie zagra\u017caj\u0105 osobie cz\u0142owieka, uzale\u017cnionego od elektroniki. Autorka nie pomija zatem g\u0142os\u00f3w niepokoju i pr\u00f3b zapobiegania oczekiwanym i nieoczekiwanym negatywom elektronicznych wynalazk\u00f3w.<\/p>\n<p>Ksi\u0105\u017cka wydana w serii Ponowoczesna Dydaktyka Polonistyczna. Teoria i praktyka.<\/p>\n","protected":false},"featured_media":16605,"template":"","meta":{"_acf_changed":false},"journal":[],"rodzaj":[7074,7075,7076],"seria":[8072],"product_brand":[],"product_cat":[6925],"product_tag":[8301],"class_list":{"0":"post-46812","1":"product","2":"type-product","3":"status-publish","4":"has-post-thumbnail","6":"rodzaj-ksiazki","7":"rodzaj-e-book","8":"rodzaj-serie-wydawnicze","9":"seria-ponowoczesna-dydaktyka-polonistyczna-teoria-i-praktyka","10":"product_cat-literaturoznawstwo","11":"product_tag-laura-szczepaniak-sobczyk","13":"first","14":"instock","15":"taxable","16":"shipping-taxable","17":"purchasable","18":"product-type-external"},"acf":[],"_links":{"self":[{"href":"https:\/\/wydawnictwo.ug.edu.pl\/en\/wp-json\/wp\/v2\/product\/46812","targetHints":{"allow":["GET"]}}],"collection":[{"href":"https:\/\/wydawnictwo.ug.edu.pl\/en\/wp-json\/wp\/v2\/product"}],"about":[{"href":"https:\/\/wydawnictwo.ug.edu.pl\/en\/wp-json\/wp\/v2\/types\/product"}],"wp:featuredmedia":[{"embeddable":true,"href":"https:\/\/wydawnictwo.ug.edu.pl\/en\/wp-json\/wp\/v2\/media\/16605"}],"wp:attachment":[{"href":"https:\/\/wydawnictwo.ug.edu.pl\/en\/wp-json\/wp\/v2\/media?parent=46812"}],"wp:term":[{"taxonomy":"journal","embeddable":true,"href":"https:\/\/wydawnictwo.ug.edu.pl\/en\/wp-json\/wp\/v2\/journal?post=46812"},{"taxonomy":"rodzaj","embeddable":true,"href":"https:\/\/wydawnictwo.ug.edu.pl\/en\/wp-json\/wp\/v2\/rodzaj?post=46812"},{"taxonomy":"seria","embeddable":true,"href":"https:\/\/wydawnictwo.ug.edu.pl\/en\/wp-json\/wp\/v2\/seria?post=46812"},{"taxonomy":"product_brand","embeddable":true,"href":"https:\/\/wydawnictwo.ug.edu.pl\/en\/wp-json\/wp\/v2\/product_brand?post=46812"},{"taxonomy":"product_cat","embeddable":true,"href":"https:\/\/wydawnictwo.ug.edu.pl\/en\/wp-json\/wp\/v2\/product_cat?post=46812"},{"taxonomy":"product_tag","embeddable":true,"href":"https:\/\/wydawnictwo.ug.edu.pl\/en\/wp-json\/wp\/v2\/product_tag?post=46812"}],"curies":[{"name":"wp","href":"https:\/\/api.w.org\/{rel}","templated":true}]}}