{"id":46811,"date":"2015-12-01T00:00:00","date_gmt":"2015-12-01T00:00:00","guid":{"rendered":"https:\/\/wydawnictwo.ug.edu.pl\/ksiegarnia-online\/uncategorized\/ameryka-lacinska-dzieje-i-kultura\/"},"modified":"2026-02-11T16:21:32","modified_gmt":"2026-02-11T16:21:32","slug":"ameryka-lacinska-dzieje-i-kultura","status":"publish","type":"product","link":"https:\/\/wydawnictwo.ug.edu.pl\/en\/ksiegarnia-online\/historia\/ameryka-lacinska-dzieje-i-kultura\/","title":{"rendered":"Ameryka \u0141aci\u0144ska. Dzieje i kultura"},"content":{"rendered":"","protected":false},"excerpt":{"rendered":"<p>Przedstawiana ksi\u0105\u017cka to wyj\u0105tkowo rzetelna i ciekawa pr\u00f3ba syntetycznego uj\u0119cia historii Latynoameryki, kt\u00f3ra z ca\u0142\u0105 pewno\u015bci\u0105 spotka si\u0119 z zainteresowaniem szerokiego kr\u0119gu odbiorc\u00f3w. Niew\u0105tpliwe naukowo-dydaktyczne zalety monografii id\u0105 w parze z jeszcze jedn\u0105 cech\u0105, kt\u00f3ra jest szczeg\u00f3lnie godna podkre\u015blenia, wartk\u0105, wci\u0105gaj\u0105c\u0105 narracja, zw\u0142aszcza w partiach ksi\u0105\u017cki traktuj\u0105cych o podboju Ameryki przez Hiszpan\u00f3w.<\/p>\n","protected":false},"featured_media":15488,"template":"","meta":{"_acf_changed":false},"journal":[],"rodzaj":[],"seria":[],"product_brand":[],"product_cat":[6958],"product_tag":[],"class_list":{"0":"post-46811","1":"product","2":"type-product","3":"status-publish","4":"has-post-thumbnail","6":"product_cat-historia","8":"first","9":"outofstock","10":"taxable","11":"shipping-taxable","12":"purchasable","13":"product-type-simple"},"acf":[],"_links":{"self":[{"href":"https:\/\/wydawnictwo.ug.edu.pl\/en\/wp-json\/wp\/v2\/product\/46811","targetHints":{"allow":["GET"]}}],"collection":[{"href":"https:\/\/wydawnictwo.ug.edu.pl\/en\/wp-json\/wp\/v2\/product"}],"about":[{"href":"https:\/\/wydawnictwo.ug.edu.pl\/en\/wp-json\/wp\/v2\/types\/product"}],"wp:featuredmedia":[{"embeddable":true,"href":"https:\/\/wydawnictwo.ug.edu.pl\/en\/wp-json\/wp\/v2\/media\/15488"}],"wp:attachment":[{"href":"https:\/\/wydawnictwo.ug.edu.pl\/en\/wp-json\/wp\/v2\/media?parent=46811"}],"wp:term":[{"taxonomy":"journal","embeddable":true,"href":"https:\/\/wydawnictwo.ug.edu.pl\/en\/wp-json\/wp\/v2\/journal?post=46811"},{"taxonomy":"rodzaj","embeddable":true,"href":"https:\/\/wydawnictwo.ug.edu.pl\/en\/wp-json\/wp\/v2\/rodzaj?post=46811"},{"taxonomy":"seria","embeddable":true,"href":"https:\/\/wydawnictwo.ug.edu.pl\/en\/wp-json\/wp\/v2\/seria?post=46811"},{"taxonomy":"product_brand","embeddable":true,"href":"https:\/\/wydawnictwo.ug.edu.pl\/en\/wp-json\/wp\/v2\/product_brand?post=46811"},{"taxonomy":"product_cat","embeddable":true,"href":"https:\/\/wydawnictwo.ug.edu.pl\/en\/wp-json\/wp\/v2\/product_cat?post=46811"},{"taxonomy":"product_tag","embeddable":true,"href":"https:\/\/wydawnictwo.ug.edu.pl\/en\/wp-json\/wp\/v2\/product_tag?post=46811"}],"curies":[{"name":"wp","href":"https:\/\/api.w.org\/{rel}","templated":true}]}}