{"id":46810,"date":"2015-12-01T00:00:00","date_gmt":"2015-12-01T00:00:00","guid":{"rendered":"https:\/\/wydawnictwo.ug.edu.pl\/ksiegarnia-online\/uncategorized\/systemowe-zarzadzanie-obrona-zywnosci-przed-terroryzmem\/"},"modified":"2026-02-11T16:21:31","modified_gmt":"2026-02-11T16:21:31","slug":"systemowe-zarzadzanie-obrona-zywnosci-przed-terroryzmem","status":"publish","type":"product","link":"https:\/\/wydawnictwo.ug.edu.pl\/en\/ksiegarnia-online\/zarzadzanie\/systemowe-zarzadzanie-obrona-zywnosci-przed-terroryzmem\/","title":{"rendered":"Systemowe zarz\u0105dzanie obron\u0105 \u017cywno\u015bci przed terroryzmem"},"content":{"rendered":"","protected":false},"excerpt":{"rendered":"<p>Praca opisuje istot\u0119 i znaczenie terroryzmu \u017cywno\u015bciowego oraz zjawiska obrony \u017cywno\u015bci na tle zagadnie\u0144 zwi\u0105zanych z jako\u015bci\u0105, w tym z bezpiecze\u0144stwem \u017cywno\u015bci. Przedmiotem bada\u0144 s\u0105 rozwi\u0105zania o charakterze systemowym, jakie mog\u0105 wspiera\u0107 organizacje nale\u017c\u0105ce do \u0142a\u0144cucha \u017cywno\u015bciowego, pragn\u0105ce spe\u0142ni\u0107 postulat rynkowy i spo\u0142eczny w zakresie obrony \u017cywno\u015bci przed sabota\u017cami. Autorka za cel obra\u0142a opracowanie i zaprezentowanie mo\u017cliwych do wprowadzenia wersji system\u00f3w zarz\u0105dzania obron\u0105 \u017cywno\u015bci, jak r\u00f3wnie\u017c modelu samooceny dojrza\u0142o\u015bci tych system\u00f3w, pozwalaj\u0105cej organizacji na bie\u017c\u0105ce, samodzielne monitorowanie stanu obrony w tym zakresie i jej doskonalenie.<\/p>\n","protected":false},"featured_media":15596,"template":"","meta":{"_acf_changed":false},"journal":[],"rodzaj":[],"seria":[],"product_brand":[],"product_cat":[6942],"product_tag":[],"class_list":{"0":"post-46810","1":"product","2":"type-product","3":"status-publish","4":"has-post-thumbnail","6":"product_cat-zarzadzanie","7":"pa_rok-wydania-2016-en","9":"first","10":"outofstock","11":"downloadable","12":"virtual","13":"taxable","14":"purchasable","15":"product-type-simple"},"acf":[],"_links":{"self":[{"href":"https:\/\/wydawnictwo.ug.edu.pl\/en\/wp-json\/wp\/v2\/product\/46810","targetHints":{"allow":["GET"]}}],"collection":[{"href":"https:\/\/wydawnictwo.ug.edu.pl\/en\/wp-json\/wp\/v2\/product"}],"about":[{"href":"https:\/\/wydawnictwo.ug.edu.pl\/en\/wp-json\/wp\/v2\/types\/product"}],"wp:featuredmedia":[{"embeddable":true,"href":"https:\/\/wydawnictwo.ug.edu.pl\/en\/wp-json\/wp\/v2\/media\/15596"}],"wp:attachment":[{"href":"https:\/\/wydawnictwo.ug.edu.pl\/en\/wp-json\/wp\/v2\/media?parent=46810"}],"wp:term":[{"taxonomy":"journal","embeddable":true,"href":"https:\/\/wydawnictwo.ug.edu.pl\/en\/wp-json\/wp\/v2\/journal?post=46810"},{"taxonomy":"rodzaj","embeddable":true,"href":"https:\/\/wydawnictwo.ug.edu.pl\/en\/wp-json\/wp\/v2\/rodzaj?post=46810"},{"taxonomy":"seria","embeddable":true,"href":"https:\/\/wydawnictwo.ug.edu.pl\/en\/wp-json\/wp\/v2\/seria?post=46810"},{"taxonomy":"product_brand","embeddable":true,"href":"https:\/\/wydawnictwo.ug.edu.pl\/en\/wp-json\/wp\/v2\/product_brand?post=46810"},{"taxonomy":"product_cat","embeddable":true,"href":"https:\/\/wydawnictwo.ug.edu.pl\/en\/wp-json\/wp\/v2\/product_cat?post=46810"},{"taxonomy":"product_tag","embeddable":true,"href":"https:\/\/wydawnictwo.ug.edu.pl\/en\/wp-json\/wp\/v2\/product_tag?post=46810"}],"curies":[{"name":"wp","href":"https:\/\/api.w.org\/{rel}","templated":true}]}}