{"id":46809,"date":"2015-12-01T00:00:00","date_gmt":"2015-12-01T00:00:00","guid":{"rendered":"https:\/\/wydawnictwo.ug.edu.pl\/ksiegarnia-online\/uncategorized\/slowianie-w-podrozy-tom-i-jezyk-i-kultura\/"},"modified":"2026-02-11T16:26:21","modified_gmt":"2026-02-11T16:26:21","slug":"slowianie-w-podrozy-tom-i-jezyk-i-kultura","status":"publish","type":"product","link":"https:\/\/wydawnictwo.ug.edu.pl\/en\/ksiegarnia-online\/jezykoznawstwo\/slowianie-w-podrozy-tom-i-jezyk-i-kultura\/","title":{"rendered":"S\u0142owianie w podr\u00f3\u017cy. Tom I. J\u0119zyk i kultura"},"content":{"rendered":"","protected":false},"excerpt":{"rendered":"<p>Fenomen podr\u00f3\u017cy podejmowanych przez S\u0142owian od wiek\u00f3w przyci\u0105ga\u0142 uwag\u0119 ich europejskich i pozaeuropejskich s\u0105siad\u00f3w. Zainspirowani relacjami podr\u00f3\u017cnymi ze \u015bwiata s\u0142owia\u0144skiego podejmowali egzotyczne w\u0119dr\u00f3wki i konfrontowali wyobra\u017cenia z niezwyk\u0142\u0105 rzeczywisto\u015bci\u0105.\u00a0Metaforyczno\u015b\u0107 poj\u0119cia \u201epodr\u00f3\u017c&#8221; jest wykorzystana w spos\u00f3b tw\u00f3rczy jako inspiracja do analizy r\u00f3\u017cnego jej rozumienia, od dos\u0142ownego do metaftonimicznego, \u0142\u0105cz\u0105cego aspekt\u00a0metonimii (przyleg\u0142o\u015bci znacze\u0144: przestrzennego i metaforycznego) i metafory, otwartej na r\u00f3\u017cne skojarzenia i domeny kognitywne.<\/p>\n","protected":false},"featured_media":17795,"template":"","meta":{"_acf_changed":false},"journal":[],"rodzaj":[7075,7076],"seria":[7931],"product_brand":[],"product_cat":[6924],"product_tag":[7932,7933],"class_list":{"0":"post-46809","1":"product","2":"type-product","3":"status-publish","4":"has-post-thumbnail","6":"rodzaj-e-book","7":"rodzaj-serie-wydawnicze","8":"seria-dyskursy-wspolczesnej-slawistyki","9":"product_cat-jezykoznawstwo","10":"product_tag-jolanta-dziuba","11":"product_tag-regina-wyzkiewicz-maksimow","13":"first","14":"instock","15":"taxable","16":"shipping-taxable","17":"purchasable","18":"product-type-external"},"acf":[],"_links":{"self":[{"href":"https:\/\/wydawnictwo.ug.edu.pl\/en\/wp-json\/wp\/v2\/product\/46809","targetHints":{"allow":["GET"]}}],"collection":[{"href":"https:\/\/wydawnictwo.ug.edu.pl\/en\/wp-json\/wp\/v2\/product"}],"about":[{"href":"https:\/\/wydawnictwo.ug.edu.pl\/en\/wp-json\/wp\/v2\/types\/product"}],"wp:featuredmedia":[{"embeddable":true,"href":"https:\/\/wydawnictwo.ug.edu.pl\/en\/wp-json\/wp\/v2\/media\/17795"}],"wp:attachment":[{"href":"https:\/\/wydawnictwo.ug.edu.pl\/en\/wp-json\/wp\/v2\/media?parent=46809"}],"wp:term":[{"taxonomy":"journal","embeddable":true,"href":"https:\/\/wydawnictwo.ug.edu.pl\/en\/wp-json\/wp\/v2\/journal?post=46809"},{"taxonomy":"rodzaj","embeddable":true,"href":"https:\/\/wydawnictwo.ug.edu.pl\/en\/wp-json\/wp\/v2\/rodzaj?post=46809"},{"taxonomy":"seria","embeddable":true,"href":"https:\/\/wydawnictwo.ug.edu.pl\/en\/wp-json\/wp\/v2\/seria?post=46809"},{"taxonomy":"product_brand","embeddable":true,"href":"https:\/\/wydawnictwo.ug.edu.pl\/en\/wp-json\/wp\/v2\/product_brand?post=46809"},{"taxonomy":"product_cat","embeddable":true,"href":"https:\/\/wydawnictwo.ug.edu.pl\/en\/wp-json\/wp\/v2\/product_cat?post=46809"},{"taxonomy":"product_tag","embeddable":true,"href":"https:\/\/wydawnictwo.ug.edu.pl\/en\/wp-json\/wp\/v2\/product_tag?post=46809"}],"curies":[{"name":"wp","href":"https:\/\/api.w.org\/{rel}","templated":true}]}}