{"id":46805,"date":"2015-12-30T00:00:00","date_gmt":"2015-12-30T00:00:00","guid":{"rendered":"https:\/\/wydawnictwo.ug.edu.pl\/ksiegarnia-online\/uncategorized\/mechanizmy-prawne-zarzadzania-dziedzictwem-kultury\/"},"modified":"2026-02-11T16:21:38","modified_gmt":"2026-02-11T16:21:38","slug":"mechanizmy-prawne-zarzadzania-dziedzictwem-kultury","status":"publish","type":"product","link":"https:\/\/wydawnictwo.ug.edu.pl\/en\/ksiegarnia-online\/prawo-i-administracja\/mechanizmy-prawne-zarzadzania-dziedzictwem-kultury\/","title":{"rendered":"Mechanizmy prawne zarz\u0105dzania dziedzictwem kultury"},"content":{"rendered":"","protected":false},"excerpt":{"rendered":"<p>Niniejsza publikacja jest pierwsz\u0105 pozycj\u0105 wydawnicz\u0105 przedstawiaj\u0105c\u0105 mechanizmy\u00a0prawne zarz\u0105dzania dziedzictwem kultury i stanowi rezultat obszernych bada\u0144\u00a0podstawowych. Analiza funkcjonowania instytucji prawnych w zarz\u0105dzaniu\u00a0dziedzictwem kultury mia\u0142a na celu wzbogacenie dotychczasowej wiedzy z zakresu\u00a0prawa ochrony zabytk\u00f3w o historyczn\u0105 analiz\u0119 dysponowania zabytkami i ocen\u0119\u00a0efektywno\u015bci przyjmowanych dot\u0105d rozwi\u0105za\u0144. Prezentowane wyniki to kolejny\u00a0g\u0142os w dyskusji wok\u00f3\u0142 umiejscowienia sk\u0142adnik\u00f3w dziedzictwa kultury w polskim\u00a0i mi\u0119dzynarodowym systemie prawnym, a tak\u017ce przygotowanie pewnej podstawy\u00a0do podj\u0119cia pog\u0142\u0119bionych bada\u0144 o charakterze aplikowalnym w tym przedmiocie.<\/p>\n","protected":false},"featured_media":15767,"template":"","meta":{"_acf_changed":false},"journal":[],"rodzaj":[7076],"seria":[7078],"product_brand":[],"product_cat":[6932],"product_tag":[8158,8159],"class_list":{"0":"post-46805","1":"product","2":"type-product","3":"status-publish","4":"has-post-thumbnail","6":"rodzaj-serie-wydawnicze","7":"seria-biblioteka-prawa-ochrony-zabytkow","8":"product_cat-prawo-i-administracja","9":"product_tag-lukasz-gawel","10":"product_tag-wojciech-szafranski","11":"pa_rok-wydania-2016-en","13":"first","14":"instock","15":"taxable","16":"shipping-taxable","17":"product-type-external"},"acf":[],"_links":{"self":[{"href":"https:\/\/wydawnictwo.ug.edu.pl\/en\/wp-json\/wp\/v2\/product\/46805","targetHints":{"allow":["GET"]}}],"collection":[{"href":"https:\/\/wydawnictwo.ug.edu.pl\/en\/wp-json\/wp\/v2\/product"}],"about":[{"href":"https:\/\/wydawnictwo.ug.edu.pl\/en\/wp-json\/wp\/v2\/types\/product"}],"wp:featuredmedia":[{"embeddable":true,"href":"https:\/\/wydawnictwo.ug.edu.pl\/en\/wp-json\/wp\/v2\/media\/15767"}],"wp:attachment":[{"href":"https:\/\/wydawnictwo.ug.edu.pl\/en\/wp-json\/wp\/v2\/media?parent=46805"}],"wp:term":[{"taxonomy":"journal","embeddable":true,"href":"https:\/\/wydawnictwo.ug.edu.pl\/en\/wp-json\/wp\/v2\/journal?post=46805"},{"taxonomy":"rodzaj","embeddable":true,"href":"https:\/\/wydawnictwo.ug.edu.pl\/en\/wp-json\/wp\/v2\/rodzaj?post=46805"},{"taxonomy":"seria","embeddable":true,"href":"https:\/\/wydawnictwo.ug.edu.pl\/en\/wp-json\/wp\/v2\/seria?post=46805"},{"taxonomy":"product_brand","embeddable":true,"href":"https:\/\/wydawnictwo.ug.edu.pl\/en\/wp-json\/wp\/v2\/product_brand?post=46805"},{"taxonomy":"product_cat","embeddable":true,"href":"https:\/\/wydawnictwo.ug.edu.pl\/en\/wp-json\/wp\/v2\/product_cat?post=46805"},{"taxonomy":"product_tag","embeddable":true,"href":"https:\/\/wydawnictwo.ug.edu.pl\/en\/wp-json\/wp\/v2\/product_tag?post=46805"}],"curies":[{"name":"wp","href":"https:\/\/api.w.org\/{rel}","templated":true}]}}