{"id":46804,"date":"2015-12-31T00:00:00","date_gmt":"2015-12-31T00:00:00","guid":{"rendered":"https:\/\/wydawnictwo.ug.edu.pl\/ksiegarnia-online\/uncategorized\/wplyw-zagranicznych-inwestycji-bezposrednich-na-konkurencyjnosc-eksportu-polski\/"},"modified":"2026-02-11T16:21:42","modified_gmt":"2026-02-11T16:21:42","slug":"wplyw-zagranicznych-inwestycji-bezposrednich-na-konkurencyjnosc-eksportu-polski","status":"publish","type":"product","link":"https:\/\/wydawnictwo.ug.edu.pl\/en\/ksiegarnia-online\/ekonomia\/wplyw-zagranicznych-inwestycji-bezposrednich-na-konkurencyjnosc-eksportu-polski\/","title":{"rendered":"Wp\u0142yw zagranicznych inwestycji bezpo\u015brednich na konkurencyjno\u015b\u0107 eksportu Polski"},"content":{"rendered":"","protected":false},"excerpt":{"rendered":"<p>Ksi\u0105\u017cka sk\u0142ada si\u0119 z 4 rozdzia\u0142\u00f3w. Pierwszy zosta\u0142 po\u015bwi\u0119cony om\u00f3wieniu zagranicznych inwestycji bezpo\u015brednich na gruncie teoretycznym, r\u00f3wnie\u017c w kontek\u015bcie powi\u0105za\u0144 z handlem mi\u0119dzynarodowym. W drugim rozdziale przedstawiono aktualn\u0105 sytuacj\u0119 w obszarze zagranicznych inwestycji bezpo\u015brednich w Polsce. Analiza odnosi si\u0119 do opisu wielko\u015bci ZIB oraz udzia\u0142u poszczeg\u00f3lnych bran\u017c w przyci\u0105ganiu zagranicznych inwestycji. W trzecim rozdziale dokonana zosta\u0142a analiza statystyczna eksportu Polski pod k\u0105tem jej konkurencyjno\u015bci z wykorzystaniem szeregu miar konkurencyjno\u015bci. W ostatnim rozdziale skoncentrowano si\u0119 na wykazaniu wp\u0142ywu zagranicznych inwestycji bezpo\u015brednich na eksport Polski i okre\u015bleniu intensywno\u015bci tego wp\u0142ywu.<\/p>\n<p>Ksi\u0105\u017cka wydana w serii Dissertationes Laudatissimae Universitas Gedanensis.<\/p>\n","protected":false},"featured_media":17776,"template":"","meta":{"_acf_changed":false},"journal":[],"rodzaj":[6667,2604],"seria":[6744],"product_brand":[],"product_cat":[6934],"product_tag":[301],"class_list":{"0":"post-46804","1":"product","2":"type-product","3":"status-publish","4":"has-post-thumbnail","6":"rodzaj-czasopismo","7":"rodzaj-serie-wydawnicze","8":"seria-dissertationes-laudatissimae-universitas-gedanensis","9":"product_cat-ekonomia","10":"product_tag-aleksandra-borowicz","12":"first","13":"outofstock","14":"taxable","15":"shipping-taxable","16":"product-type-simple"},"acf":[],"_links":{"self":[{"href":"https:\/\/wydawnictwo.ug.edu.pl\/en\/wp-json\/wp\/v2\/product\/46804","targetHints":{"allow":["GET"]}}],"collection":[{"href":"https:\/\/wydawnictwo.ug.edu.pl\/en\/wp-json\/wp\/v2\/product"}],"about":[{"href":"https:\/\/wydawnictwo.ug.edu.pl\/en\/wp-json\/wp\/v2\/types\/product"}],"wp:featuredmedia":[{"embeddable":true,"href":"https:\/\/wydawnictwo.ug.edu.pl\/en\/wp-json\/wp\/v2\/media\/17776"}],"wp:attachment":[{"href":"https:\/\/wydawnictwo.ug.edu.pl\/en\/wp-json\/wp\/v2\/media?parent=46804"}],"wp:term":[{"taxonomy":"journal","embeddable":true,"href":"https:\/\/wydawnictwo.ug.edu.pl\/en\/wp-json\/wp\/v2\/journal?post=46804"},{"taxonomy":"rodzaj","embeddable":true,"href":"https:\/\/wydawnictwo.ug.edu.pl\/en\/wp-json\/wp\/v2\/rodzaj?post=46804"},{"taxonomy":"seria","embeddable":true,"href":"https:\/\/wydawnictwo.ug.edu.pl\/en\/wp-json\/wp\/v2\/seria?post=46804"},{"taxonomy":"product_brand","embeddable":true,"href":"https:\/\/wydawnictwo.ug.edu.pl\/en\/wp-json\/wp\/v2\/product_brand?post=46804"},{"taxonomy":"product_cat","embeddable":true,"href":"https:\/\/wydawnictwo.ug.edu.pl\/en\/wp-json\/wp\/v2\/product_cat?post=46804"},{"taxonomy":"product_tag","embeddable":true,"href":"https:\/\/wydawnictwo.ug.edu.pl\/en\/wp-json\/wp\/v2\/product_tag?post=46804"}],"curies":[{"name":"wp","href":"https:\/\/api.w.org\/{rel}","templated":true}]}}