{"id":46803,"date":"2016-05-30T00:00:00","date_gmt":"2016-05-30T00:00:00","guid":{"rendered":"https:\/\/wydawnictwo.ug.edu.pl\/ksiegarnia-online\/uncategorized\/przeklad-tekstow-medycznych\/"},"modified":"2026-02-11T16:21:47","modified_gmt":"2026-02-11T16:21:47","slug":"przeklad-tekstow-medycznych","status":"publish","type":"product","link":"https:\/\/wydawnictwo.ug.edu.pl\/en\/ksiegarnia-online\/jezykoznawstwo\/przeklad-tekstow-medycznych\/","title":{"rendered":"Przek\u0142ad tekst\u00f3w medycznych"},"content":{"rendered":"","protected":false},"excerpt":{"rendered":"<p>Ksi\u0105\u017cka stanowi pr\u00f3b\u0119 identyfikacji norm zwi\u0105zanych z \u00a0przek\u0142adem medycznym, okre\u015blenia przyj\u0119tych sposob\u00f3w realizacji tych norm oraz problem\u00f3w dotycz\u0105cych dzia\u0142ania niezgodnego z przyj\u0119tymi konwencjami. Obejmuje zagadnienia istotne dla przek\u0142adu medycznego, m.in.: j\u0119zyk specjalistyczny, terminologi\u0119, cechy gatunkowe tekst\u00f3w medycznych, jako\u015b\u0107 przek\u0142adu.<\/p>\n<p>Ksi\u0105\u017cka ukaza\u0142a si\u0119 w serii wydawniczej Przek\u0142adaj\u0105c Nieprzek\u0142adalne.<\/p>\n","protected":false},"featured_media":16304,"template":"","meta":{"_acf_changed":false},"journal":[],"rodzaj":[7077,7076],"seria":[7536],"product_brand":[],"product_cat":[6924,6926],"product_tag":[7382],"class_list":{"0":"post-46803","1":"product","2":"type-product","3":"status-publish","4":"has-post-thumbnail","6":"rodzaj-czasopismo","7":"rodzaj-serie-wydawnicze","8":"seria-przekladajac-nieprzekladalne","9":"product_cat-jezykoznawstwo","10":"product_cat-przekladoznawstwo","11":"product_tag-wioleta-karwackawioleta-karwacka","12":"pa_rok-wydania-2016-en","14":"first","15":"instock","16":"taxable","17":"shipping-taxable","18":"purchasable","19":"product-type-simple"},"acf":[],"_links":{"self":[{"href":"https:\/\/wydawnictwo.ug.edu.pl\/en\/wp-json\/wp\/v2\/product\/46803","targetHints":{"allow":["GET"]}}],"collection":[{"href":"https:\/\/wydawnictwo.ug.edu.pl\/en\/wp-json\/wp\/v2\/product"}],"about":[{"href":"https:\/\/wydawnictwo.ug.edu.pl\/en\/wp-json\/wp\/v2\/types\/product"}],"wp:featuredmedia":[{"embeddable":true,"href":"https:\/\/wydawnictwo.ug.edu.pl\/en\/wp-json\/wp\/v2\/media\/16304"}],"wp:attachment":[{"href":"https:\/\/wydawnictwo.ug.edu.pl\/en\/wp-json\/wp\/v2\/media?parent=46803"}],"wp:term":[{"taxonomy":"journal","embeddable":true,"href":"https:\/\/wydawnictwo.ug.edu.pl\/en\/wp-json\/wp\/v2\/journal?post=46803"},{"taxonomy":"rodzaj","embeddable":true,"href":"https:\/\/wydawnictwo.ug.edu.pl\/en\/wp-json\/wp\/v2\/rodzaj?post=46803"},{"taxonomy":"seria","embeddable":true,"href":"https:\/\/wydawnictwo.ug.edu.pl\/en\/wp-json\/wp\/v2\/seria?post=46803"},{"taxonomy":"product_brand","embeddable":true,"href":"https:\/\/wydawnictwo.ug.edu.pl\/en\/wp-json\/wp\/v2\/product_brand?post=46803"},{"taxonomy":"product_cat","embeddable":true,"href":"https:\/\/wydawnictwo.ug.edu.pl\/en\/wp-json\/wp\/v2\/product_cat?post=46803"},{"taxonomy":"product_tag","embeddable":true,"href":"https:\/\/wydawnictwo.ug.edu.pl\/en\/wp-json\/wp\/v2\/product_tag?post=46803"}],"curies":[{"name":"wp","href":"https:\/\/api.w.org\/{rel}","templated":true}]}}