{"id":46800,"date":"2016-10-30T00:00:00","date_gmt":"2016-10-30T00:00:00","guid":{"rendered":"https:\/\/wydawnictwo.ug.edu.pl\/ksiegarnia-online\/uncategorized\/semiotics-of-the-literary-work-in-translation\/"},"modified":"2026-02-11T16:21:53","modified_gmt":"2026-02-11T16:21:53","slug":"semiotics-of-the-literary-work-in-translation","status":"publish","type":"product","link":"https:\/\/wydawnictwo.ug.edu.pl\/en\/ksiegarnia-online\/jezykoznawstwo\/semiotics-of-the-literary-work-in-translation\/","title":{"rendered":"Semiotics of the Literary Work in Translation"},"content":{"rendered":"","protected":false},"excerpt":{"rendered":"<p>Ksi\u0105\u017cka jest skierowana do badaczy przek\u0142adu, student\u00f3w i os\u00f3b zainteresowanych teori\u0105 przek\u0142adu literackiego, tw\u00f3rczym przek\u0142adem, poj\u0119ciem znaczenia, semiotyk\u0105, translatoryk\u0105, problematyczno\u015bci\u0105 poj\u0119cia ekwiwalencji, poj\u0119ciem refrakcji, teori\u0105 dzie\u0142a literackiego Romana Ingardena oraz procesem odczytywania i t\u0142umaczenia dzie\u0142a literackiego.<\/p>\n<p>Ksi\u0105\u017cka ukaza\u0142a si\u0119 w serii wydawniczej Przek\u0142adaj\u0105c Nieprzek\u0142adalne.<\/p>\n","protected":false},"featured_media":16310,"template":"","meta":{"_acf_changed":false},"journal":[],"rodzaj":[6667,2604],"seria":[6757],"product_brand":[],"product_cat":[6924,6926],"product_tag":[987],"class_list":{"0":"post-46800","1":"product","2":"type-product","3":"status-publish","4":"has-post-thumbnail","6":"rodzaj-czasopismo","7":"rodzaj-serie-wydawnicze","8":"seria-przekladajac-nieprzekladalne","9":"product_cat-jezykoznawstwo","10":"product_cat-przekladoznawstwo","11":"product_tag-ewa-b-nawrocka","12":"pa_rok-wydania-857","14":"first","15":"outofstock","16":"taxable","17":"shipping-taxable","18":"purchasable","19":"product-type-simple"},"acf":[],"_links":{"self":[{"href":"https:\/\/wydawnictwo.ug.edu.pl\/en\/wp-json\/wp\/v2\/product\/46800","targetHints":{"allow":["GET"]}}],"collection":[{"href":"https:\/\/wydawnictwo.ug.edu.pl\/en\/wp-json\/wp\/v2\/product"}],"about":[{"href":"https:\/\/wydawnictwo.ug.edu.pl\/en\/wp-json\/wp\/v2\/types\/product"}],"wp:featuredmedia":[{"embeddable":true,"href":"https:\/\/wydawnictwo.ug.edu.pl\/en\/wp-json\/wp\/v2\/media\/16310"}],"wp:attachment":[{"href":"https:\/\/wydawnictwo.ug.edu.pl\/en\/wp-json\/wp\/v2\/media?parent=46800"}],"wp:term":[{"taxonomy":"journal","embeddable":true,"href":"https:\/\/wydawnictwo.ug.edu.pl\/en\/wp-json\/wp\/v2\/journal?post=46800"},{"taxonomy":"rodzaj","embeddable":true,"href":"https:\/\/wydawnictwo.ug.edu.pl\/en\/wp-json\/wp\/v2\/rodzaj?post=46800"},{"taxonomy":"seria","embeddable":true,"href":"https:\/\/wydawnictwo.ug.edu.pl\/en\/wp-json\/wp\/v2\/seria?post=46800"},{"taxonomy":"product_brand","embeddable":true,"href":"https:\/\/wydawnictwo.ug.edu.pl\/en\/wp-json\/wp\/v2\/product_brand?post=46800"},{"taxonomy":"product_cat","embeddable":true,"href":"https:\/\/wydawnictwo.ug.edu.pl\/en\/wp-json\/wp\/v2\/product_cat?post=46800"},{"taxonomy":"product_tag","embeddable":true,"href":"https:\/\/wydawnictwo.ug.edu.pl\/en\/wp-json\/wp\/v2\/product_tag?post=46800"}],"curies":[{"name":"wp","href":"https:\/\/api.w.org\/{rel}","templated":true}]}}