{"id":46793,"date":"2016-11-29T00:00:00","date_gmt":"2016-11-29T00:00:00","guid":{"rendered":"https:\/\/wydawnictwo.ug.edu.pl\/?post_type=product&#038;p=46793"},"modified":"2026-02-11T16:18:17","modified_gmt":"2026-02-11T16:18:17","slug":"zarzadzanie-wartoscia-w-warunkach-zmiany","status":"publish","type":"product","link":"https:\/\/wydawnictwo.ug.edu.pl\/en\/ksiegarnia-online\/zarzadzanie\/zarzadzanie-wartoscia-w-warunkach-zmiany\/","title":{"rendered":"Zarz\u0105dzanie warto\u015bci\u0105 w warunkach zmiany"},"content":{"rendered":"","protected":false},"excerpt":{"rendered":"<p>Zagadnienia szczeg\u00f3\u0142owo opisane w kolejnych rozdzia\u0142ach niniejszej monografii i wskazuj\u0105 na bardzo du\u017c\u0105 z\u0142o\u017cono\u015b\u0107 i r\u00f3\u017cnorodno\u015b\u0107 wyzwa\u0144, kt\u00f3rym musz\u0105 stawi\u0107 czo\u0142a zarz\u0105dzaj\u0105cy wsp\u00f3\u0142czesnymi organizacjami w dobie globalnej gospodarki rynkowej. Procesy konsolidacyjne i globalizacyjne skutkuj\u0105 z jednej strony wieloma u\u0142atwieniami w obrocie gospodarczym i przep\u0142ywie kapita\u0142u oraz powoduj\u0105 znacz\u0105ce obni\u017cenie koszt\u00f3w dzia\u0142alno\u015bci. Natomiast z drugiej strony generuj\u0105 wiele nowych typ\u00f3w ryzyka, kt\u00f3re nie by\u0142o w poprzednich dekadach tak znacz\u0105ce lub nie wyst\u0119powa\u0142o w og\u00f3le.<\/p>\n","protected":false},"featured_media":14656,"template":"","meta":{"_acf_changed":false},"journal":[],"rodzaj":[7074],"seria":[],"product_brand":[],"product_cat":[6942],"product_tag":[],"class_list":{"0":"post-46793","1":"product","2":"type-product","3":"status-publish","4":"has-post-thumbnail","6":"rodzaj-ksiazki","7":"product_cat-zarzadzanie","8":"pa_rok-wydania-2017-en","10":"first","11":"outofstock","12":"taxable","13":"shipping-taxable","14":"purchasable","15":"product-type-simple"},"acf":[],"_links":{"self":[{"href":"https:\/\/wydawnictwo.ug.edu.pl\/en\/wp-json\/wp\/v2\/product\/46793","targetHints":{"allow":["GET"]}}],"collection":[{"href":"https:\/\/wydawnictwo.ug.edu.pl\/en\/wp-json\/wp\/v2\/product"}],"about":[{"href":"https:\/\/wydawnictwo.ug.edu.pl\/en\/wp-json\/wp\/v2\/types\/product"}],"wp:featuredmedia":[{"embeddable":true,"href":"https:\/\/wydawnictwo.ug.edu.pl\/en\/wp-json\/wp\/v2\/media\/14656"}],"wp:attachment":[{"href":"https:\/\/wydawnictwo.ug.edu.pl\/en\/wp-json\/wp\/v2\/media?parent=46793"}],"wp:term":[{"taxonomy":"journal","embeddable":true,"href":"https:\/\/wydawnictwo.ug.edu.pl\/en\/wp-json\/wp\/v2\/journal?post=46793"},{"taxonomy":"rodzaj","embeddable":true,"href":"https:\/\/wydawnictwo.ug.edu.pl\/en\/wp-json\/wp\/v2\/rodzaj?post=46793"},{"taxonomy":"seria","embeddable":true,"href":"https:\/\/wydawnictwo.ug.edu.pl\/en\/wp-json\/wp\/v2\/seria?post=46793"},{"taxonomy":"product_brand","embeddable":true,"href":"https:\/\/wydawnictwo.ug.edu.pl\/en\/wp-json\/wp\/v2\/product_brand?post=46793"},{"taxonomy":"product_cat","embeddable":true,"href":"https:\/\/wydawnictwo.ug.edu.pl\/en\/wp-json\/wp\/v2\/product_cat?post=46793"},{"taxonomy":"product_tag","embeddable":true,"href":"https:\/\/wydawnictwo.ug.edu.pl\/en\/wp-json\/wp\/v2\/product_tag?post=46793"}],"curies":[{"name":"wp","href":"https:\/\/api.w.org\/{rel}","templated":true}]}}