{"id":46791,"date":"2016-11-30T00:00:00","date_gmt":"2016-11-30T00:00:00","guid":{"rendered":"https:\/\/wydawnictwo.ug.edu.pl\/ksiegarnia-online\/uncategorized\/beckett-w-xxi-wieku-rozpoznanie\/"},"modified":"2026-02-11T16:18:21","modified_gmt":"2026-02-11T16:18:21","slug":"beckett-w-xxi-wieku-rozpoznanie","status":"publish","type":"product","link":"https:\/\/wydawnictwo.ug.edu.pl\/en\/ksiegarnia-online\/literaturoznawstwo\/beckett-w-xxi-wieku-rozpoznanie\/","title":{"rendered":"Beckett w XXI wieku. Rozpoznanie"},"content":{"rendered":"","protected":false},"excerpt":{"rendered":"<p>Tom zbiorowy\u00a0<em>Beckett w XXI wieku. Rozpoznanie<\/em>\u00a0zawiera 10 artyku\u0142\u00f3w przed\u0142o\u017conych do publikacji przez krajowych i zagranicznych autor\u00f3w. Ca\u0142o\u015b\u0107 otwiera t\u0142umaczenie tekstu J.M. Coetzeego \u2013 noblisty z 2003 roku \u2013 w kt\u00f3rym przedstawia istotne \u015bcie\u017cki interpretacyjne tw\u00f3rczo\u015bci Becketta. W\u015br\u00f3d autor\u00f3w znajdziemy wybitnych teatrolog\u00f3w i literaturoznawc\u00f3w, chocia\u017cby profesora S.E. Gontarskiego (USA) oraz profesora D. Attridge\u2019a (Wielka Brytania). Wsp\u00f3\u0142czesnymi, nie zawsze oczywistymi, kontekstami odczytywania tw\u00f3rczo\u015bci Becketta zajmuj\u0105 si\u0119 r\u00f3wnie\u017c m\u0142odsi badacze z r\u00f3\u017cnych o\u015brodk\u00f3w w Polsce, a zwi\u0105zani z Beckett Research Group in Gda\u0144sk, afiliowan\u0105 przy Instytucie Anglistyki\u00a0 i Amerykanistyki Uniwersytetu Gda\u0144skiego. Przedstawione w jedenastym tomie serii Between.Pomi\u0119dzy badania odzwierciedlaj\u0105 wa\u017cniejsze problemy poruszane podczas corocznych gda\u0144skich seminari\u00f3w beckettowskich.<\/p>\n","protected":false},"featured_media":16767,"template":"","meta":{"_acf_changed":false},"journal":[],"rodzaj":[7074,7076],"seria":[7718],"product_brand":[],"product_cat":[6925],"product_tag":[7461],"class_list":{"0":"post-46791","1":"product","2":"type-product","3":"status-publish","4":"has-post-thumbnail","6":"rodzaj-ksiazki","7":"rodzaj-serie-wydawnicze","8":"seria-between-pomiedzy","9":"product_cat-literaturoznawstwo","10":"product_tag-tomasz-wisniewskitomasz-wisniewski","12":"first","13":"outofstock","14":"taxable","15":"shipping-taxable","16":"product-type-simple"},"acf":[],"_links":{"self":[{"href":"https:\/\/wydawnictwo.ug.edu.pl\/en\/wp-json\/wp\/v2\/product\/46791","targetHints":{"allow":["GET"]}}],"collection":[{"href":"https:\/\/wydawnictwo.ug.edu.pl\/en\/wp-json\/wp\/v2\/product"}],"about":[{"href":"https:\/\/wydawnictwo.ug.edu.pl\/en\/wp-json\/wp\/v2\/types\/product"}],"wp:featuredmedia":[{"embeddable":true,"href":"https:\/\/wydawnictwo.ug.edu.pl\/en\/wp-json\/wp\/v2\/media\/16767"}],"wp:attachment":[{"href":"https:\/\/wydawnictwo.ug.edu.pl\/en\/wp-json\/wp\/v2\/media?parent=46791"}],"wp:term":[{"taxonomy":"journal","embeddable":true,"href":"https:\/\/wydawnictwo.ug.edu.pl\/en\/wp-json\/wp\/v2\/journal?post=46791"},{"taxonomy":"rodzaj","embeddable":true,"href":"https:\/\/wydawnictwo.ug.edu.pl\/en\/wp-json\/wp\/v2\/rodzaj?post=46791"},{"taxonomy":"seria","embeddable":true,"href":"https:\/\/wydawnictwo.ug.edu.pl\/en\/wp-json\/wp\/v2\/seria?post=46791"},{"taxonomy":"product_brand","embeddable":true,"href":"https:\/\/wydawnictwo.ug.edu.pl\/en\/wp-json\/wp\/v2\/product_brand?post=46791"},{"taxonomy":"product_cat","embeddable":true,"href":"https:\/\/wydawnictwo.ug.edu.pl\/en\/wp-json\/wp\/v2\/product_cat?post=46791"},{"taxonomy":"product_tag","embeddable":true,"href":"https:\/\/wydawnictwo.ug.edu.pl\/en\/wp-json\/wp\/v2\/product_tag?post=46791"}],"curies":[{"name":"wp","href":"https:\/\/api.w.org\/{rel}","templated":true}]}}